{"id":3863,"date":"2020-09-10T11:28:48","date_gmt":"2020-09-10T11:28:48","guid":{"rendered":"https:\/\/arte351.pt\/art\/?page_id=3863"},"modified":"2020-11-23T12:37:48","modified_gmt":"2020-11-23T12:37:48","slug":"habemus-artem-jonas-bloch","status":"publish","type":"page","link":"https:\/\/arte351.pt\/art\/habemus-artem-jonas-bloch\/","title":{"rendered":"HABEMUS ARTEM &#8211; Jonas Bloch"},"content":{"rendered":"<p><iframe src=\"https:\/\/www.youtube.com\/embed\/ZgG8A3EW8Ao\" width=\"675\" height=\"450\" frameborder=\"0\" allowfullscreen=\"allowfullscreen\"><\/iframe><\/p>\n<p style=\"text-align: justify;\">Jonas Bloch \u00e9 conhecido mais pelo seu trabalho como ator, tendo participado de in\u00fameras novelas, filmes e pe\u00e7as de teatro. Paralelamente ao trabalho de ator, Jonas Bloch nunca deixou de desenhar e esculpir. Absorvido pela intensa atividade no teatro e na televis\u00e3o, realizou poucas exposi\u00e7\u00f5es de seus trabalhos como artista pl\u00e1stico.<\/p>\n<p style=\"text-align: justify;\">A mostra &#8220;O IMAGIN\u00c1RIO LIBERTO&#8221;, de Jonas Bloch, apresenta desenhos em tinta da China (Nanquim), aquarela e pastel. Os desenhos de Jonas apresentam uma viagem ao surrealismo, mas n\u00e3o se limitam a esse \u00fanico estilo, transitando por outros caminhos, buscando sempre experimentar o que o inspira no momento, sem amarras, livre e liberto.<\/p>\n<p><a href=\"https:\/\/rrodynergallery.com\/habemus-artem-galeria-virtual-2\/\"><strong>Adquira as obras do Jonas Bloch AQUI!<\/strong><\/a><\/p>\n","protected":false},"excerpt":{"rendered":"<p>Jonas Bloch \u00e9 conhecido mais pelo seu trabalho como ator, tendo participado de in\u00fameras novelas, filmes e pe\u00e7as de teatro. Paralelamente ao trabalho de ator, Jonas Bloch nunca deixou de [&hellip;]<\/p>\n","protected":false},"author":34415,"featured_media":3865,"parent":0,"menu_order":0,"comment_status":"closed","ping_status":"closed","template":"","meta":{"_exactmetrics_skip_tracking":false,"_exactmetrics_sitenote_active":false,"_exactmetrics_sitenote_note":"","_exactmetrics_sitenote_category":0,"_uf_show_specific_survey":0,"_uf_disable_surveys":false,"footnotes":""},"class_list":["post-3863","page","type-page","status-publish","has-post-thumbnail","hentry"],"yoast_head":"<!-- This site is optimized with the Yoast SEO plugin v27.3 - https:\/\/yoast.com\/product\/yoast-seo-wordpress\/ -->\n<title>HABEMUS ARTEM - Jonas Bloch - Arte351 - Art Magazine Portugal<\/title>\n<meta name=\"robots\" content=\"index, follow, max-snippet:-1, max-image-preview:large, max-video-preview:-1\" \/>\n<link rel=\"canonical\" href=\"https:\/\/arte351.pt\/art\/habemus-artem-jonas-bloch\/\" \/>\n<meta property=\"og:locale\" content=\"pt_BR\" \/>\n<meta property=\"og:type\" content=\"article\" \/>\n<meta property=\"og:title\" content=\"HABEMUS ARTEM - Jonas Bloch - Arte351 - Art Magazine Portugal\" \/>\n<meta property=\"og:description\" content=\"Jonas Bloch \u00e9 conhecido mais pelo seu trabalho como ator, tendo participado de in\u00fameras novelas, filmes e pe\u00e7as de teatro. Paralelamente ao trabalho de ator, Jonas Bloch nunca deixou de [&hellip;]\" \/>\n<meta property=\"og:url\" content=\"https:\/\/arte351.pt\/art\/habemus-artem-jonas-bloch\/\" \/>\n<meta property=\"og:site_name\" content=\"Arte351 - Art Magazine Portugal\" \/>\n<meta property=\"article:publisher\" content=\"https:\/\/www.facebook.com\/arte351magazine\/\" \/>\n<meta property=\"article:modified_time\" content=\"2020-11-23T12:37:48+00:00\" \/>\n<meta property=\"og:image\" content=\"https:\/\/arte351.pt\/art\/wp-content\/uploads\/2020\/09\/jonas-bloch-evento-face-HA-002.jpg\" \/>\n\t<meta property=\"og:image:width\" content=\"1920\" \/>\n\t<meta property=\"og:image:height\" content=\"1080\" \/>\n\t<meta property=\"og:image:type\" content=\"image\/jpeg\" \/>\n<meta name=\"twitter:label1\" content=\"Est. tempo de leitura\" \/>\n\t<meta name=\"twitter:data1\" content=\"1 minuto\" \/>\n<script type=\"application\/ld+json\" class=\"yoast-schema-graph\">{\"@context\":\"https:\\\/\\\/schema.org\",\"@graph\":[{\"@type\":\"WebPage\",\"@id\":\"https:\\\/\\\/arte351.pt\\\/art\\\/habemus-artem-jonas-bloch\\\/\",\"url\":\"https:\\\/\\\/arte351.pt\\\/art\\\/habemus-artem-jonas-bloch\\\/\",\"name\":\"HABEMUS ARTEM - Jonas Bloch - Arte351 - Art Magazine Portugal\",\"isPartOf\":{\"@id\":\"https:\\\/\\\/arte351.pt\\\/art\\\/#website\"},\"primaryImageOfPage\":{\"@id\":\"https:\\\/\\\/arte351.pt\\\/art\\\/habemus-artem-jonas-bloch\\\/#primaryimage\"},\"image\":{\"@id\":\"https:\\\/\\\/arte351.pt\\\/art\\\/habemus-artem-jonas-bloch\\\/#primaryimage\"},\"thumbnailUrl\":\"https:\\\/\\\/arte351.pt\\\/art\\\/wp-content\\\/uploads\\\/2020\\\/09\\\/jonas-bloch-evento-face-HA-002.jpg\",\"datePublished\":\"2020-09-10T11:28:48+00:00\",\"dateModified\":\"2020-11-23T12:37:48+00:00\",\"breadcrumb\":{\"@id\":\"https:\\\/\\\/arte351.pt\\\/art\\\/habemus-artem-jonas-bloch\\\/#breadcrumb\"},\"inLanguage\":\"pt-BR\",\"potentialAction\":[{\"@type\":\"ReadAction\",\"target\":[\"https:\\\/\\\/arte351.pt\\\/art\\\/habemus-artem-jonas-bloch\\\/\"]}]},{\"@type\":\"ImageObject\",\"inLanguage\":\"pt-BR\",\"@id\":\"https:\\\/\\\/arte351.pt\\\/art\\\/habemus-artem-jonas-bloch\\\/#primaryimage\",\"url\":\"https:\\\/\\\/arte351.pt\\\/art\\\/wp-content\\\/uploads\\\/2020\\\/09\\\/jonas-bloch-evento-face-HA-002.jpg\",\"contentUrl\":\"https:\\\/\\\/arte351.pt\\\/art\\\/wp-content\\\/uploads\\\/2020\\\/09\\\/jonas-bloch-evento-face-HA-002.jpg\",\"width\":1920,\"height\":1080},{\"@type\":\"BreadcrumbList\",\"@id\":\"https:\\\/\\\/arte351.pt\\\/art\\\/habemus-artem-jonas-bloch\\\/#breadcrumb\",\"itemListElement\":[{\"@type\":\"ListItem\",\"position\":1,\"name\":\"In\u00edcio\",\"item\":\"https:\\\/\\\/arte351.pt\\\/art\\\/\"},{\"@type\":\"ListItem\",\"position\":2,\"name\":\"HABEMUS ARTEM &#8211; Jonas Bloch\"}]},{\"@type\":\"WebSite\",\"@id\":\"https:\\\/\\\/arte351.pt\\\/art\\\/#website\",\"url\":\"https:\\\/\\\/arte351.pt\\\/art\\\/\",\"name\":\"Arte351 - Art Magazine Portugal\",\"description\":\"\",\"publisher\":{\"@id\":\"https:\\\/\\\/arte351.pt\\\/art\\\/#organization\"},\"potentialAction\":[{\"@type\":\"SearchAction\",\"target\":{\"@type\":\"EntryPoint\",\"urlTemplate\":\"https:\\\/\\\/arte351.pt\\\/art\\\/?s={search_term_string}\"},\"query-input\":{\"@type\":\"PropertyValueSpecification\",\"valueRequired\":true,\"valueName\":\"search_term_string\"}}],\"inLanguage\":\"pt-BR\"},{\"@type\":\"Organization\",\"@id\":\"https:\\\/\\\/arte351.pt\\\/art\\\/#organization\",\"name\":\"Arte351 - Art Magazine Portugal\",\"url\":\"https:\\\/\\\/arte351.pt\\\/art\\\/\",\"logo\":{\"@type\":\"ImageObject\",\"inLanguage\":\"pt-BR\",\"@id\":\"https:\\\/\\\/arte351.pt\\\/art\\\/#\\\/schema\\\/logo\\\/image\\\/\",\"url\":\"https:\\\/\\\/arte351.pt\\\/art\\\/wp-content\\\/uploads\\\/2020\\\/03\\\/cropped-logo-arte351-color.png\",\"contentUrl\":\"https:\\\/\\\/arte351.pt\\\/art\\\/wp-content\\\/uploads\\\/2020\\\/03\\\/cropped-logo-arte351-color.png\",\"width\":514,\"height\":200,\"caption\":\"Arte351 - Art Magazine Portugal\"},\"image\":{\"@id\":\"https:\\\/\\\/arte351.pt\\\/art\\\/#\\\/schema\\\/logo\\\/image\\\/\"},\"sameAs\":[\"https:\\\/\\\/www.facebook.com\\\/arte351magazine\\\/\"]}]}<\/script>\n<!-- \/ Yoast SEO plugin. -->","yoast_head_json":{"title":"HABEMUS ARTEM - Jonas Bloch - Arte351 - Art Magazine Portugal","robots":{"index":"index","follow":"follow","max-snippet":"max-snippet:-1","max-image-preview":"max-image-preview:large","max-video-preview":"max-video-preview:-1"},"canonical":"https:\/\/arte351.pt\/art\/habemus-artem-jonas-bloch\/","og_locale":"pt_BR","og_type":"article","og_title":"HABEMUS ARTEM - Jonas Bloch - Arte351 - Art Magazine Portugal","og_description":"Jonas Bloch \u00e9 conhecido mais pelo seu trabalho como ator, tendo participado de in\u00fameras novelas, filmes e pe\u00e7as de teatro. Paralelamente ao trabalho de ator, Jonas Bloch nunca deixou de [&hellip;]","og_url":"https:\/\/arte351.pt\/art\/habemus-artem-jonas-bloch\/","og_site_name":"Arte351 - Art Magazine Portugal","article_publisher":"https:\/\/www.facebook.com\/arte351magazine\/","article_modified_time":"2020-11-23T12:37:48+00:00","og_image":[{"width":1920,"height":1080,"url":"https:\/\/arte351.pt\/art\/wp-content\/uploads\/2020\/09\/jonas-bloch-evento-face-HA-002.jpg","type":"image\/jpeg"}],"twitter_misc":{"Est. tempo de leitura":"1 minuto"},"schema":{"@context":"https:\/\/schema.org","@graph":[{"@type":"WebPage","@id":"https:\/\/arte351.pt\/art\/habemus-artem-jonas-bloch\/","url":"https:\/\/arte351.pt\/art\/habemus-artem-jonas-bloch\/","name":"HABEMUS ARTEM - Jonas Bloch - Arte351 - Art Magazine Portugal","isPartOf":{"@id":"https:\/\/arte351.pt\/art\/#website"},"primaryImageOfPage":{"@id":"https:\/\/arte351.pt\/art\/habemus-artem-jonas-bloch\/#primaryimage"},"image":{"@id":"https:\/\/arte351.pt\/art\/habemus-artem-jonas-bloch\/#primaryimage"},"thumbnailUrl":"https:\/\/arte351.pt\/art\/wp-content\/uploads\/2020\/09\/jonas-bloch-evento-face-HA-002.jpg","datePublished":"2020-09-10T11:28:48+00:00","dateModified":"2020-11-23T12:37:48+00:00","breadcrumb":{"@id":"https:\/\/arte351.pt\/art\/habemus-artem-jonas-bloch\/#breadcrumb"},"inLanguage":"pt-BR","potentialAction":[{"@type":"ReadAction","target":["https:\/\/arte351.pt\/art\/habemus-artem-jonas-bloch\/"]}]},{"@type":"ImageObject","inLanguage":"pt-BR","@id":"https:\/\/arte351.pt\/art\/habemus-artem-jonas-bloch\/#primaryimage","url":"https:\/\/arte351.pt\/art\/wp-content\/uploads\/2020\/09\/jonas-bloch-evento-face-HA-002.jpg","contentUrl":"https:\/\/arte351.pt\/art\/wp-content\/uploads\/2020\/09\/jonas-bloch-evento-face-HA-002.jpg","width":1920,"height":1080},{"@type":"BreadcrumbList","@id":"https:\/\/arte351.pt\/art\/habemus-artem-jonas-bloch\/#breadcrumb","itemListElement":[{"@type":"ListItem","position":1,"name":"In\u00edcio","item":"https:\/\/arte351.pt\/art\/"},{"@type":"ListItem","position":2,"name":"HABEMUS ARTEM &#8211; Jonas Bloch"}]},{"@type":"WebSite","@id":"https:\/\/arte351.pt\/art\/#website","url":"https:\/\/arte351.pt\/art\/","name":"Arte351 - Art Magazine Portugal","description":"","publisher":{"@id":"https:\/\/arte351.pt\/art\/#organization"},"potentialAction":[{"@type":"SearchAction","target":{"@type":"EntryPoint","urlTemplate":"https:\/\/arte351.pt\/art\/?s={search_term_string}"},"query-input":{"@type":"PropertyValueSpecification","valueRequired":true,"valueName":"search_term_string"}}],"inLanguage":"pt-BR"},{"@type":"Organization","@id":"https:\/\/arte351.pt\/art\/#organization","name":"Arte351 - Art Magazine Portugal","url":"https:\/\/arte351.pt\/art\/","logo":{"@type":"ImageObject","inLanguage":"pt-BR","@id":"https:\/\/arte351.pt\/art\/#\/schema\/logo\/image\/","url":"https:\/\/arte351.pt\/art\/wp-content\/uploads\/2020\/03\/cropped-logo-arte351-color.png","contentUrl":"https:\/\/arte351.pt\/art\/wp-content\/uploads\/2020\/03\/cropped-logo-arte351-color.png","width":514,"height":200,"caption":"Arte351 - Art Magazine Portugal"},"image":{"@id":"https:\/\/arte351.pt\/art\/#\/schema\/logo\/image\/"},"sameAs":["https:\/\/www.facebook.com\/arte351magazine\/"]}]}},"_links":{"self":[{"href":"https:\/\/arte351.pt\/art\/wp-json\/wp\/v2\/pages\/3863","targetHints":{"allow":["GET"]}}],"collection":[{"href":"https:\/\/arte351.pt\/art\/wp-json\/wp\/v2\/pages"}],"about":[{"href":"https:\/\/arte351.pt\/art\/wp-json\/wp\/v2\/types\/page"}],"author":[{"embeddable":true,"href":"https:\/\/arte351.pt\/art\/wp-json\/wp\/v2\/users\/34415"}],"replies":[{"embeddable":true,"href":"https:\/\/arte351.pt\/art\/wp-json\/wp\/v2\/comments?post=3863"}],"version-history":[{"count":4,"href":"https:\/\/arte351.pt\/art\/wp-json\/wp\/v2\/pages\/3863\/revisions"}],"predecessor-version":[{"id":4201,"href":"https:\/\/arte351.pt\/art\/wp-json\/wp\/v2\/pages\/3863\/revisions\/4201"}],"wp:featuredmedia":[{"embeddable":true,"href":"https:\/\/arte351.pt\/art\/wp-json\/wp\/v2\/media\/3865"}],"wp:attachment":[{"href":"https:\/\/arte351.pt\/art\/wp-json\/wp\/v2\/media?parent=3863"}],"curies":[{"name":"wp","href":"https:\/\/api.w.org\/{rel}","templated":true}]}}