{"id":3904,"date":"2020-09-22T17:27:01","date_gmt":"2020-09-22T17:27:01","guid":{"rendered":"https:\/\/arte351.pt\/art\/?page_id=3904"},"modified":"2021-01-26T13:18:57","modified_gmt":"2021-01-26T13:18:57","slug":"habemus-artem-rosa-areias","status":"publish","type":"page","link":"https:\/\/arte351.pt\/art\/habemus-artem-rosa-areias\/","title":{"rendered":"HABEMUS ARTEM \u2013 Rosa Areias"},"content":{"rendered":"<h3><iframe src=\"https:\/\/www.youtube.com\/embed\/0rf7I0mdpPY\" width=\"560\" height=\"315\" frameborder=\"0\" allowfullscreen=\"allowfullscreen\"><\/iframe><\/h3>\n<h3 style=\"text-align: justify;\">Exposi\u00e7\u00e3o virtual de Rosa Areias \u00e9 inaugurada neste equin\u00f3cio de setembro pelo projecto Habemus Artem.<\/h3>\n<h4 style=\"text-align: justify;\">S\u00e3o vinte obras da artista portuguesa Rosa Areias que carregam muita versatilidade, intensidade e profundidade.<\/h4>\n<p style=\"text-align: justify;\"><span style=\"font-weight: 400;\">Texturas, fragmentos e desconstru\u00e7\u00f5es concebem uma arte intensa, visceral e ao mesmo tempo sutil e esteticamente agrad\u00e1vel. Assim podemos resumir a exposi\u00e7\u00e3o da artista pl\u00e1stica portuguesa <strong>Rosa Areias<\/strong>. Natural do norte de Portugal, mais especificamente da cidade do Porto, foi em Lisboa, na zona de Cascais, que Rosa se fixou e vive a produzir suas obras.<\/span><\/p>\n<p style=\"text-align: justify;\"><span style=\"font-weight: 400;\">O ritmo de seu trabalho exp\u00f5e conceitos e materiais distintos para a produ\u00e7\u00e3o de suas obras. O que permite dar ao \u201ccorpo f\u00edsico\u201d da obra uma forma que pode ser entendida como pintura, mas n\u00e3o uma pintura estabelecida pelos ritos formais, mas criada a partir de diferentes t\u00e9cnicas e materiais. Com raio x, papel de seda, papel cart\u00e3o, acr\u00edlica e alfinetes, as obras de <strong>Rosa Areias<\/strong> ganham formas e moldes, muitas vezes sendo uma transposi\u00e7\u00e3o de suportes.<\/span><\/p>\n<p>\u201cF<em>ragmentos de um corpo encerrados em caixas de acr\u00edlico transparente, mostram \u00e0 semelhan\u00e7a de registos religiosos um acontecimento que neles se inscreveu e se n\u00e3o quer esquecer. S\u00e3o imagens votivas que se oferecem em cumprimento de uma promessa e a n\u00f3s por um pensamento m\u00e1gico-religioso se d\u00e3o a ler e num salto de f\u00e9 se transcende.<\/em>\u201d disse a artista.<\/p>\n<p style=\"text-align: justify;\"><span style=\"font-weight: 400;\">Esta incr\u00edvel e intensa exposi\u00e7\u00e3o estar\u00e1 pelos pr\u00f3ximos dois meses a ser exibida no contexto do projeto <strong>Habemus Artem<\/strong>. Uma oportunidade de conhecer as obras desta magn\u00edfica artista e fazer uma imers\u00e3o em sua exposi\u00e7\u00e3o virtual!<\/span><\/p>\n<h4 style=\"text-align: justify;\"><strong>Habemus Artem &#8211; Rosa Areias<\/strong><\/h4>\n<p style=\"text-align: justify;\"><span style=\"font-weight: 400;\">De 22 de setembro a 22 novembro de 2020 <\/span><\/p>\n<p style=\"text-align: justify;\"><span style=\"font-weight: 400;\">Todos est\u00e3o convidados para esta celebra\u00e7\u00e3o da arte no ambiente virtual do Habemus Artem. Boa exposi\u00e7\u00e3o virtual a todos!<\/span><\/p>\n","protected":false},"excerpt":{"rendered":"<p>Exposi\u00e7\u00e3o virtual de Rosa Areias \u00e9 inaugurada neste equin\u00f3cio de setembro pelo projecto Habemus Artem. S\u00e3o vinte obras da artista portuguesa Rosa Areias que carregam muita versatilidade, intensidade e profundidade. [&hellip;]<\/p>\n","protected":false},"author":34415,"featured_media":3906,"parent":0,"menu_order":0,"comment_status":"closed","ping_status":"closed","template":"","meta":{"_exactmetrics_skip_tracking":false,"_exactmetrics_sitenote_active":false,"_exactmetrics_sitenote_note":"","_exactmetrics_sitenote_category":0,"_uf_show_specific_survey":0,"_uf_disable_surveys":false,"footnotes":""},"class_list":["post-3904","page","type-page","status-publish","has-post-thumbnail","hentry"],"yoast_head":"<!-- This site is optimized with the Yoast SEO plugin v27.3 - https:\/\/yoast.com\/product\/yoast-seo-wordpress\/ -->\n<title>HABEMUS ARTEM \u2013 Rosa Areias - Arte351 - Art Magazine Portugal<\/title>\n<meta name=\"robots\" content=\"index, follow, max-snippet:-1, max-image-preview:large, max-video-preview:-1\" \/>\n<link rel=\"canonical\" href=\"https:\/\/arte351.pt\/art\/habemus-artem-rosa-areias\/\" \/>\n<meta property=\"og:locale\" content=\"pt_BR\" \/>\n<meta property=\"og:type\" content=\"article\" \/>\n<meta property=\"og:title\" content=\"HABEMUS ARTEM \u2013 Rosa Areias - Arte351 - Art Magazine Portugal\" \/>\n<meta property=\"og:description\" content=\"Exposi\u00e7\u00e3o virtual de Rosa Areias \u00e9 inaugurada neste equin\u00f3cio de setembro pelo projecto Habemus Artem. S\u00e3o vinte obras da artista portuguesa Rosa Areias que carregam muita versatilidade, intensidade e profundidade. [&hellip;]\" \/>\n<meta property=\"og:url\" content=\"https:\/\/arte351.pt\/art\/habemus-artem-rosa-areias\/\" \/>\n<meta property=\"og:site_name\" content=\"Arte351 - Art Magazine Portugal\" \/>\n<meta property=\"article:publisher\" content=\"https:\/\/www.facebook.com\/arte351magazine\/\" \/>\n<meta property=\"article:modified_time\" content=\"2021-01-26T13:18:57+00:00\" \/>\n<meta property=\"og:image\" content=\"https:\/\/arte351.pt\/art\/wp-content\/uploads\/2020\/09\/rosaareias-evento-face-HA-002.jpg\" \/>\n\t<meta property=\"og:image:width\" content=\"1920\" \/>\n\t<meta property=\"og:image:height\" content=\"1080\" \/>\n\t<meta property=\"og:image:type\" content=\"image\/jpeg\" \/>\n<meta name=\"twitter:label1\" content=\"Est. tempo de leitura\" \/>\n\t<meta name=\"twitter:data1\" content=\"2 minutos\" \/>\n<script type=\"application\/ld+json\" class=\"yoast-schema-graph\">{\"@context\":\"https:\\\/\\\/schema.org\",\"@graph\":[{\"@type\":\"WebPage\",\"@id\":\"https:\\\/\\\/arte351.pt\\\/art\\\/habemus-artem-rosa-areias\\\/\",\"url\":\"https:\\\/\\\/arte351.pt\\\/art\\\/habemus-artem-rosa-areias\\\/\",\"name\":\"HABEMUS ARTEM \u2013 Rosa Areias - Arte351 - Art Magazine Portugal\",\"isPartOf\":{\"@id\":\"https:\\\/\\\/arte351.pt\\\/art\\\/#website\"},\"primaryImageOfPage\":{\"@id\":\"https:\\\/\\\/arte351.pt\\\/art\\\/habemus-artem-rosa-areias\\\/#primaryimage\"},\"image\":{\"@id\":\"https:\\\/\\\/arte351.pt\\\/art\\\/habemus-artem-rosa-areias\\\/#primaryimage\"},\"thumbnailUrl\":\"https:\\\/\\\/arte351.pt\\\/art\\\/wp-content\\\/uploads\\\/2020\\\/09\\\/rosaareias-evento-face-HA-002.jpg\",\"datePublished\":\"2020-09-22T17:27:01+00:00\",\"dateModified\":\"2021-01-26T13:18:57+00:00\",\"breadcrumb\":{\"@id\":\"https:\\\/\\\/arte351.pt\\\/art\\\/habemus-artem-rosa-areias\\\/#breadcrumb\"},\"inLanguage\":\"pt-BR\",\"potentialAction\":[{\"@type\":\"ReadAction\",\"target\":[\"https:\\\/\\\/arte351.pt\\\/art\\\/habemus-artem-rosa-areias\\\/\"]}]},{\"@type\":\"ImageObject\",\"inLanguage\":\"pt-BR\",\"@id\":\"https:\\\/\\\/arte351.pt\\\/art\\\/habemus-artem-rosa-areias\\\/#primaryimage\",\"url\":\"https:\\\/\\\/arte351.pt\\\/art\\\/wp-content\\\/uploads\\\/2020\\\/09\\\/rosaareias-evento-face-HA-002.jpg\",\"contentUrl\":\"https:\\\/\\\/arte351.pt\\\/art\\\/wp-content\\\/uploads\\\/2020\\\/09\\\/rosaareias-evento-face-HA-002.jpg\",\"width\":1920,\"height\":1080},{\"@type\":\"BreadcrumbList\",\"@id\":\"https:\\\/\\\/arte351.pt\\\/art\\\/habemus-artem-rosa-areias\\\/#breadcrumb\",\"itemListElement\":[{\"@type\":\"ListItem\",\"position\":1,\"name\":\"In\u00edcio\",\"item\":\"https:\\\/\\\/arte351.pt\\\/art\\\/\"},{\"@type\":\"ListItem\",\"position\":2,\"name\":\"HABEMUS ARTEM \u2013 Rosa Areias\"}]},{\"@type\":\"WebSite\",\"@id\":\"https:\\\/\\\/arte351.pt\\\/art\\\/#website\",\"url\":\"https:\\\/\\\/arte351.pt\\\/art\\\/\",\"name\":\"Arte351 - Art Magazine Portugal\",\"description\":\"\",\"publisher\":{\"@id\":\"https:\\\/\\\/arte351.pt\\\/art\\\/#organization\"},\"potentialAction\":[{\"@type\":\"SearchAction\",\"target\":{\"@type\":\"EntryPoint\",\"urlTemplate\":\"https:\\\/\\\/arte351.pt\\\/art\\\/?s={search_term_string}\"},\"query-input\":{\"@type\":\"PropertyValueSpecification\",\"valueRequired\":true,\"valueName\":\"search_term_string\"}}],\"inLanguage\":\"pt-BR\"},{\"@type\":\"Organization\",\"@id\":\"https:\\\/\\\/arte351.pt\\\/art\\\/#organization\",\"name\":\"Arte351 - Art Magazine Portugal\",\"url\":\"https:\\\/\\\/arte351.pt\\\/art\\\/\",\"logo\":{\"@type\":\"ImageObject\",\"inLanguage\":\"pt-BR\",\"@id\":\"https:\\\/\\\/arte351.pt\\\/art\\\/#\\\/schema\\\/logo\\\/image\\\/\",\"url\":\"https:\\\/\\\/arte351.pt\\\/art\\\/wp-content\\\/uploads\\\/2020\\\/03\\\/cropped-logo-arte351-color.png\",\"contentUrl\":\"https:\\\/\\\/arte351.pt\\\/art\\\/wp-content\\\/uploads\\\/2020\\\/03\\\/cropped-logo-arte351-color.png\",\"width\":514,\"height\":200,\"caption\":\"Arte351 - Art Magazine Portugal\"},\"image\":{\"@id\":\"https:\\\/\\\/arte351.pt\\\/art\\\/#\\\/schema\\\/logo\\\/image\\\/\"},\"sameAs\":[\"https:\\\/\\\/www.facebook.com\\\/arte351magazine\\\/\"]}]}<\/script>\n<!-- \/ Yoast SEO plugin. -->","yoast_head_json":{"title":"HABEMUS ARTEM \u2013 Rosa Areias - Arte351 - Art Magazine Portugal","robots":{"index":"index","follow":"follow","max-snippet":"max-snippet:-1","max-image-preview":"max-image-preview:large","max-video-preview":"max-video-preview:-1"},"canonical":"https:\/\/arte351.pt\/art\/habemus-artem-rosa-areias\/","og_locale":"pt_BR","og_type":"article","og_title":"HABEMUS ARTEM \u2013 Rosa Areias - Arte351 - Art Magazine Portugal","og_description":"Exposi\u00e7\u00e3o virtual de Rosa Areias \u00e9 inaugurada neste equin\u00f3cio de setembro pelo projecto Habemus Artem. S\u00e3o vinte obras da artista portuguesa Rosa Areias que carregam muita versatilidade, intensidade e profundidade. [&hellip;]","og_url":"https:\/\/arte351.pt\/art\/habemus-artem-rosa-areias\/","og_site_name":"Arte351 - Art Magazine Portugal","article_publisher":"https:\/\/www.facebook.com\/arte351magazine\/","article_modified_time":"2021-01-26T13:18:57+00:00","og_image":[{"width":1920,"height":1080,"url":"https:\/\/arte351.pt\/art\/wp-content\/uploads\/2020\/09\/rosaareias-evento-face-HA-002.jpg","type":"image\/jpeg"}],"twitter_misc":{"Est. tempo de leitura":"2 minutos"},"schema":{"@context":"https:\/\/schema.org","@graph":[{"@type":"WebPage","@id":"https:\/\/arte351.pt\/art\/habemus-artem-rosa-areias\/","url":"https:\/\/arte351.pt\/art\/habemus-artem-rosa-areias\/","name":"HABEMUS ARTEM \u2013 Rosa Areias - Arte351 - Art Magazine Portugal","isPartOf":{"@id":"https:\/\/arte351.pt\/art\/#website"},"primaryImageOfPage":{"@id":"https:\/\/arte351.pt\/art\/habemus-artem-rosa-areias\/#primaryimage"},"image":{"@id":"https:\/\/arte351.pt\/art\/habemus-artem-rosa-areias\/#primaryimage"},"thumbnailUrl":"https:\/\/arte351.pt\/art\/wp-content\/uploads\/2020\/09\/rosaareias-evento-face-HA-002.jpg","datePublished":"2020-09-22T17:27:01+00:00","dateModified":"2021-01-26T13:18:57+00:00","breadcrumb":{"@id":"https:\/\/arte351.pt\/art\/habemus-artem-rosa-areias\/#breadcrumb"},"inLanguage":"pt-BR","potentialAction":[{"@type":"ReadAction","target":["https:\/\/arte351.pt\/art\/habemus-artem-rosa-areias\/"]}]},{"@type":"ImageObject","inLanguage":"pt-BR","@id":"https:\/\/arte351.pt\/art\/habemus-artem-rosa-areias\/#primaryimage","url":"https:\/\/arte351.pt\/art\/wp-content\/uploads\/2020\/09\/rosaareias-evento-face-HA-002.jpg","contentUrl":"https:\/\/arte351.pt\/art\/wp-content\/uploads\/2020\/09\/rosaareias-evento-face-HA-002.jpg","width":1920,"height":1080},{"@type":"BreadcrumbList","@id":"https:\/\/arte351.pt\/art\/habemus-artem-rosa-areias\/#breadcrumb","itemListElement":[{"@type":"ListItem","position":1,"name":"In\u00edcio","item":"https:\/\/arte351.pt\/art\/"},{"@type":"ListItem","position":2,"name":"HABEMUS ARTEM \u2013 Rosa Areias"}]},{"@type":"WebSite","@id":"https:\/\/arte351.pt\/art\/#website","url":"https:\/\/arte351.pt\/art\/","name":"Arte351 - Art Magazine Portugal","description":"","publisher":{"@id":"https:\/\/arte351.pt\/art\/#organization"},"potentialAction":[{"@type":"SearchAction","target":{"@type":"EntryPoint","urlTemplate":"https:\/\/arte351.pt\/art\/?s={search_term_string}"},"query-input":{"@type":"PropertyValueSpecification","valueRequired":true,"valueName":"search_term_string"}}],"inLanguage":"pt-BR"},{"@type":"Organization","@id":"https:\/\/arte351.pt\/art\/#organization","name":"Arte351 - Art Magazine Portugal","url":"https:\/\/arte351.pt\/art\/","logo":{"@type":"ImageObject","inLanguage":"pt-BR","@id":"https:\/\/arte351.pt\/art\/#\/schema\/logo\/image\/","url":"https:\/\/arte351.pt\/art\/wp-content\/uploads\/2020\/03\/cropped-logo-arte351-color.png","contentUrl":"https:\/\/arte351.pt\/art\/wp-content\/uploads\/2020\/03\/cropped-logo-arte351-color.png","width":514,"height":200,"caption":"Arte351 - Art Magazine Portugal"},"image":{"@id":"https:\/\/arte351.pt\/art\/#\/schema\/logo\/image\/"},"sameAs":["https:\/\/www.facebook.com\/arte351magazine\/"]}]}},"_links":{"self":[{"href":"https:\/\/arte351.pt\/art\/wp-json\/wp\/v2\/pages\/3904","targetHints":{"allow":["GET"]}}],"collection":[{"href":"https:\/\/arte351.pt\/art\/wp-json\/wp\/v2\/pages"}],"about":[{"href":"https:\/\/arte351.pt\/art\/wp-json\/wp\/v2\/types\/page"}],"author":[{"embeddable":true,"href":"https:\/\/arte351.pt\/art\/wp-json\/wp\/v2\/users\/34415"}],"replies":[{"embeddable":true,"href":"https:\/\/arte351.pt\/art\/wp-json\/wp\/v2\/comments?post=3904"}],"version-history":[{"count":6,"href":"https:\/\/arte351.pt\/art\/wp-json\/wp\/v2\/pages\/3904\/revisions"}],"predecessor-version":[{"id":4477,"href":"https:\/\/arte351.pt\/art\/wp-json\/wp\/v2\/pages\/3904\/revisions\/4477"}],"wp:featuredmedia":[{"embeddable":true,"href":"https:\/\/arte351.pt\/art\/wp-json\/wp\/v2\/media\/3906"}],"wp:attachment":[{"href":"https:\/\/arte351.pt\/art\/wp-json\/wp\/v2\/media?parent=3904"}],"curies":[{"name":"wp","href":"https:\/\/api.w.org\/{rel}","templated":true}]}}