{"id":4064,"date":"2020-10-30T18:57:53","date_gmt":"2020-10-30T18:57:53","guid":{"rendered":"https:\/\/arte351.pt\/art\/?page_id=4064"},"modified":"2021-01-26T13:07:26","modified_gmt":"2021-01-26T13:07:26","slug":"habemus-artem-claudia-ferro","status":"publish","type":"page","link":"https:\/\/arte351.pt\/art\/habemus-artem-claudia-ferro\/","title":{"rendered":"HABEMUS ARTEM &#8211; Cl\u00e1udia Ferro"},"content":{"rendered":"<p><iframe src=\"https:\/\/www.youtube.com\/embed\/RBsN_s6WCp0\" width=\"560\" height=\"315\" frameborder=\"0\" allowfullscreen=\"allowfullscreen\"><\/iframe><\/p>\n<h3 style=\"text-align: justify;\">Exposi\u00e7\u00e3o virtual de Cl\u00e1udia Ferro traz reflex\u00f5es sobre a mulher e suas amarras sociais e pessoais.<\/h3>\n<h4 style=\"text-align: justify;\">S\u00e3o vinte obras da artista portuguesa que ficar\u00e3o patentes at\u00e9 30 de dezembro de 2020.<\/h4>\n<p style=\"text-align: justify;\">O tema desta cole\u00e7\u00e3o de trabalhos foca n\u00e3o apenas a quest\u00e3o da ilicitude do comportamento masculino violento e as suas sequelas na v\u00edtima mulher, sejam elas f\u00edsicas, psicol\u00f3gicas, sociais e\/ou legais. Pretende apreender e revelar como esse Corpo de Mulher, enquanto identidade pessoal, lida, reage e se reorganiza perante um ato agressivo que lhe \u00e9 dirigido. O Corpo aqui surge despojado da dualidade cartesiana, \u00e9 abordado enquanto fragmentos, representa\u00e7\u00f5es e viv\u00eancias. Surge como sujeito e simultaneamente objeto relacional, est\u00e1 sempre a comunicar, interna e externamente, \u00e9 reflex\u00e3o, experi\u00eancia e proje\u00e7\u00e3o.<\/p>\n<p style=\"text-align: justify;\">O Corpo da Mulher \u00e9 desenhado a carv\u00e3o sobre papel, possuindo diversos matizes pretos e cinzentos, num esbater de cor que pretende projetar atrav\u00e9s da forma e dos seus matizes a identidade feminina em contextos de desprazer, fragilidade, inseguran\u00e7a e dor, mas que n\u00e3o conseguem destruir essa mesma identidade ou retirar-lhe a beleza e dignidade (pontuadas pela cor vermelha).<\/p>\n<p><img fetchpriority=\"high\" decoding=\"async\" class=\" wp-image-4067 aligncenter\" src=\"https:\/\/arte351.pt\/art\/wp-content\/uploads\/2020\/10\/ferro013-300x230.jpg\" alt=\"\" width=\"459\" height=\"404\" \/><\/p>\n<p><strong>Sobre a Artista<\/strong><\/p>\n<p style=\"text-align: justify;\"><span style=\"font-weight: 400;\"><img decoding=\"async\" class=\" wp-image-4066 alignright\" src=\"https:\/\/arte351.pt\/art\/wp-content\/uploads\/2020\/10\/avatar-001-300x300.png\" alt=\"\" width=\"237\" height=\"231\" \/>Sou licenciada em Psicologia Cl\u00ednica pela Universidade de Coimbra, e tenho com forma\u00e7\u00e3o profissional e experi\u00eancia na \u00e1rea da Psicologia Cl\u00ednica e Forense.\u00a0<\/span><\/p>\n<p style=\"text-align: justify;\"><span style=\"font-weight: 400;\">A minha pr\u00e1tica art\u00edstica \u00e9 como autodidata, utilizando maioritariamente tinta acr\u00edlica, sobre tela ou sobre papel. Algumas obras mais recentes desenvolvidas s\u00e3o em carv\u00e3o sobre papel. O meu trabalho assume uma perspetiva de busca\/procura do Belo atrav\u00e9s da representa\u00e7\u00e3o do corpo, enquanto elemento expressivo e reposit\u00f3rio de significados, viv\u00eancias, prazeres, afetos, mem\u00f3rias.<\/span><\/p>\n<p style=\"text-align: justify;\"><span style=\"font-weight: 400;\">As obras s\u00e3o dominadas por figuras femininas de grandes olhos que simultaneamente questionam e observam, que refletem o que est\u00e1 dentro e o que se encontra fora. O masculino tem surgido como elemento ligado ao feminino, a sua presen\u00e7a representa o \u201crelacional\u201d, a partilha de emo\u00e7\u00f5es e afetos, numa perspetiva de amor, paix\u00e3o, deleite, complementariedade e cumplicidade.<\/span><\/p>\n<p style=\"text-align: justify;\"><span style=\"font-weight: 400;\">Uso sobretudo cores fortes, o vermelho, o preto, o alaranjado, que evocam vida, afeto, paix\u00e3o e sensualidade. Os novos trabalhos em carv\u00e3o sobre papel mant\u00eam a tem\u00e1tica do corpo da mulher, extremamente ligado \u00e0 sua alma, ao seu mundo emocional, afetivo e relacional. \u00c9 uma linha mais introspectiva, com maior sutileza, e que versa sobre o sofrimento afetivo, a partilha afetiva gratificante e o &#8220;empoderamento&#8221; feminino em busca do seu bem-estar emocional e do respeito pelo seu corpo e dignidade.<\/span><\/p>\n<p style=\"text-align: justify;\"><span style=\"font-weight: 400;\">Com o meu trabalho pretendo atingir um grau de poesia visual, recriada pelo observador.<\/span><\/p>\n<p style=\"text-align: justify;\">Cl\u00e1udia Ferro<\/p>\n","protected":false},"excerpt":{"rendered":"<p>Exposi\u00e7\u00e3o virtual de Cl\u00e1udia Ferro traz reflex\u00f5es sobre a mulher e suas amarras sociais e pessoais. S\u00e3o vinte obras da artista portuguesa que ficar\u00e3o patentes at\u00e9 30 de dezembro de [&hellip;]<\/p>\n","protected":false},"author":34415,"featured_media":4068,"parent":0,"menu_order":0,"comment_status":"closed","ping_status":"closed","template":"","meta":{"_exactmetrics_skip_tracking":false,"_exactmetrics_sitenote_active":false,"_exactmetrics_sitenote_note":"","_exactmetrics_sitenote_category":0,"_uf_show_specific_survey":0,"_uf_disable_surveys":false,"footnotes":""},"class_list":["post-4064","page","type-page","status-publish","has-post-thumbnail","hentry"],"yoast_head":"<!-- This site is optimized with the Yoast SEO plugin v27.3 - https:\/\/yoast.com\/product\/yoast-seo-wordpress\/ -->\n<title>HABEMUS ARTEM - Cl\u00e1udia Ferro - Arte351 - Art Magazine Portugal<\/title>\n<meta name=\"robots\" content=\"index, follow, max-snippet:-1, max-image-preview:large, max-video-preview:-1\" \/>\n<link rel=\"canonical\" href=\"https:\/\/arte351.pt\/art\/habemus-artem-claudia-ferro\/\" \/>\n<meta property=\"og:locale\" content=\"pt_BR\" \/>\n<meta property=\"og:type\" content=\"article\" \/>\n<meta property=\"og:title\" content=\"HABEMUS ARTEM - Cl\u00e1udia Ferro - Arte351 - Art Magazine Portugal\" \/>\n<meta property=\"og:description\" content=\"Exposi\u00e7\u00e3o virtual de Cl\u00e1udia Ferro traz reflex\u00f5es sobre a mulher e suas amarras sociais e pessoais. S\u00e3o vinte obras da artista portuguesa que ficar\u00e3o patentes at\u00e9 30 de dezembro de [&hellip;]\" \/>\n<meta property=\"og:url\" content=\"https:\/\/arte351.pt\/art\/habemus-artem-claudia-ferro\/\" \/>\n<meta property=\"og:site_name\" content=\"Arte351 - Art Magazine Portugal\" \/>\n<meta property=\"article:publisher\" content=\"https:\/\/www.facebook.com\/arte351magazine\/\" \/>\n<meta property=\"article:modified_time\" content=\"2021-01-26T13:07:26+00:00\" \/>\n<meta property=\"og:image\" content=\"https:\/\/arte351.pt\/art\/wp-content\/uploads\/2020\/10\/ferro-evento.jpg\" \/>\n\t<meta property=\"og:image:width\" content=\"1920\" \/>\n\t<meta property=\"og:image:height\" content=\"1080\" \/>\n\t<meta property=\"og:image:type\" content=\"image\/jpeg\" \/>\n<meta name=\"twitter:label1\" content=\"Est. tempo de leitura\" \/>\n\t<meta name=\"twitter:data1\" content=\"3 minutos\" \/>\n<script type=\"application\/ld+json\" class=\"yoast-schema-graph\">{\"@context\":\"https:\\\/\\\/schema.org\",\"@graph\":[{\"@type\":\"WebPage\",\"@id\":\"https:\\\/\\\/arte351.pt\\\/art\\\/habemus-artem-claudia-ferro\\\/\",\"url\":\"https:\\\/\\\/arte351.pt\\\/art\\\/habemus-artem-claudia-ferro\\\/\",\"name\":\"HABEMUS ARTEM - Cl\u00e1udia Ferro - Arte351 - Art Magazine Portugal\",\"isPartOf\":{\"@id\":\"https:\\\/\\\/arte351.pt\\\/art\\\/#website\"},\"primaryImageOfPage\":{\"@id\":\"https:\\\/\\\/arte351.pt\\\/art\\\/habemus-artem-claudia-ferro\\\/#primaryimage\"},\"image\":{\"@id\":\"https:\\\/\\\/arte351.pt\\\/art\\\/habemus-artem-claudia-ferro\\\/#primaryimage\"},\"thumbnailUrl\":\"https:\\\/\\\/arte351.pt\\\/art\\\/wp-content\\\/uploads\\\/2020\\\/10\\\/ferro-evento.jpg\",\"datePublished\":\"2020-10-30T18:57:53+00:00\",\"dateModified\":\"2021-01-26T13:07:26+00:00\",\"breadcrumb\":{\"@id\":\"https:\\\/\\\/arte351.pt\\\/art\\\/habemus-artem-claudia-ferro\\\/#breadcrumb\"},\"inLanguage\":\"pt-BR\",\"potentialAction\":[{\"@type\":\"ReadAction\",\"target\":[\"https:\\\/\\\/arte351.pt\\\/art\\\/habemus-artem-claudia-ferro\\\/\"]}]},{\"@type\":\"ImageObject\",\"inLanguage\":\"pt-BR\",\"@id\":\"https:\\\/\\\/arte351.pt\\\/art\\\/habemus-artem-claudia-ferro\\\/#primaryimage\",\"url\":\"https:\\\/\\\/arte351.pt\\\/art\\\/wp-content\\\/uploads\\\/2020\\\/10\\\/ferro-evento.jpg\",\"contentUrl\":\"https:\\\/\\\/arte351.pt\\\/art\\\/wp-content\\\/uploads\\\/2020\\\/10\\\/ferro-evento.jpg\",\"width\":1920,\"height\":1080},{\"@type\":\"BreadcrumbList\",\"@id\":\"https:\\\/\\\/arte351.pt\\\/art\\\/habemus-artem-claudia-ferro\\\/#breadcrumb\",\"itemListElement\":[{\"@type\":\"ListItem\",\"position\":1,\"name\":\"In\u00edcio\",\"item\":\"https:\\\/\\\/arte351.pt\\\/art\\\/\"},{\"@type\":\"ListItem\",\"position\":2,\"name\":\"HABEMUS ARTEM &#8211; Cl\u00e1udia Ferro\"}]},{\"@type\":\"WebSite\",\"@id\":\"https:\\\/\\\/arte351.pt\\\/art\\\/#website\",\"url\":\"https:\\\/\\\/arte351.pt\\\/art\\\/\",\"name\":\"Arte351 - Art Magazine Portugal\",\"description\":\"\",\"publisher\":{\"@id\":\"https:\\\/\\\/arte351.pt\\\/art\\\/#organization\"},\"potentialAction\":[{\"@type\":\"SearchAction\",\"target\":{\"@type\":\"EntryPoint\",\"urlTemplate\":\"https:\\\/\\\/arte351.pt\\\/art\\\/?s={search_term_string}\"},\"query-input\":{\"@type\":\"PropertyValueSpecification\",\"valueRequired\":true,\"valueName\":\"search_term_string\"}}],\"inLanguage\":\"pt-BR\"},{\"@type\":\"Organization\",\"@id\":\"https:\\\/\\\/arte351.pt\\\/art\\\/#organization\",\"name\":\"Arte351 - Art Magazine Portugal\",\"url\":\"https:\\\/\\\/arte351.pt\\\/art\\\/\",\"logo\":{\"@type\":\"ImageObject\",\"inLanguage\":\"pt-BR\",\"@id\":\"https:\\\/\\\/arte351.pt\\\/art\\\/#\\\/schema\\\/logo\\\/image\\\/\",\"url\":\"https:\\\/\\\/arte351.pt\\\/art\\\/wp-content\\\/uploads\\\/2020\\\/03\\\/cropped-logo-arte351-color.png\",\"contentUrl\":\"https:\\\/\\\/arte351.pt\\\/art\\\/wp-content\\\/uploads\\\/2020\\\/03\\\/cropped-logo-arte351-color.png\",\"width\":514,\"height\":200,\"caption\":\"Arte351 - Art Magazine Portugal\"},\"image\":{\"@id\":\"https:\\\/\\\/arte351.pt\\\/art\\\/#\\\/schema\\\/logo\\\/image\\\/\"},\"sameAs\":[\"https:\\\/\\\/www.facebook.com\\\/arte351magazine\\\/\"]}]}<\/script>\n<!-- \/ Yoast SEO plugin. -->","yoast_head_json":{"title":"HABEMUS ARTEM - Cl\u00e1udia Ferro - Arte351 - Art Magazine Portugal","robots":{"index":"index","follow":"follow","max-snippet":"max-snippet:-1","max-image-preview":"max-image-preview:large","max-video-preview":"max-video-preview:-1"},"canonical":"https:\/\/arte351.pt\/art\/habemus-artem-claudia-ferro\/","og_locale":"pt_BR","og_type":"article","og_title":"HABEMUS ARTEM - Cl\u00e1udia Ferro - Arte351 - Art Magazine Portugal","og_description":"Exposi\u00e7\u00e3o virtual de Cl\u00e1udia Ferro traz reflex\u00f5es sobre a mulher e suas amarras sociais e pessoais. S\u00e3o vinte obras da artista portuguesa que ficar\u00e3o patentes at\u00e9 30 de dezembro de [&hellip;]","og_url":"https:\/\/arte351.pt\/art\/habemus-artem-claudia-ferro\/","og_site_name":"Arte351 - Art Magazine Portugal","article_publisher":"https:\/\/www.facebook.com\/arte351magazine\/","article_modified_time":"2021-01-26T13:07:26+00:00","og_image":[{"width":1920,"height":1080,"url":"https:\/\/arte351.pt\/art\/wp-content\/uploads\/2020\/10\/ferro-evento.jpg","type":"image\/jpeg"}],"twitter_misc":{"Est. tempo de leitura":"3 minutos"},"schema":{"@context":"https:\/\/schema.org","@graph":[{"@type":"WebPage","@id":"https:\/\/arte351.pt\/art\/habemus-artem-claudia-ferro\/","url":"https:\/\/arte351.pt\/art\/habemus-artem-claudia-ferro\/","name":"HABEMUS ARTEM - Cl\u00e1udia Ferro - Arte351 - Art Magazine Portugal","isPartOf":{"@id":"https:\/\/arte351.pt\/art\/#website"},"primaryImageOfPage":{"@id":"https:\/\/arte351.pt\/art\/habemus-artem-claudia-ferro\/#primaryimage"},"image":{"@id":"https:\/\/arte351.pt\/art\/habemus-artem-claudia-ferro\/#primaryimage"},"thumbnailUrl":"https:\/\/arte351.pt\/art\/wp-content\/uploads\/2020\/10\/ferro-evento.jpg","datePublished":"2020-10-30T18:57:53+00:00","dateModified":"2021-01-26T13:07:26+00:00","breadcrumb":{"@id":"https:\/\/arte351.pt\/art\/habemus-artem-claudia-ferro\/#breadcrumb"},"inLanguage":"pt-BR","potentialAction":[{"@type":"ReadAction","target":["https:\/\/arte351.pt\/art\/habemus-artem-claudia-ferro\/"]}]},{"@type":"ImageObject","inLanguage":"pt-BR","@id":"https:\/\/arte351.pt\/art\/habemus-artem-claudia-ferro\/#primaryimage","url":"https:\/\/arte351.pt\/art\/wp-content\/uploads\/2020\/10\/ferro-evento.jpg","contentUrl":"https:\/\/arte351.pt\/art\/wp-content\/uploads\/2020\/10\/ferro-evento.jpg","width":1920,"height":1080},{"@type":"BreadcrumbList","@id":"https:\/\/arte351.pt\/art\/habemus-artem-claudia-ferro\/#breadcrumb","itemListElement":[{"@type":"ListItem","position":1,"name":"In\u00edcio","item":"https:\/\/arte351.pt\/art\/"},{"@type":"ListItem","position":2,"name":"HABEMUS ARTEM &#8211; Cl\u00e1udia Ferro"}]},{"@type":"WebSite","@id":"https:\/\/arte351.pt\/art\/#website","url":"https:\/\/arte351.pt\/art\/","name":"Arte351 - Art Magazine Portugal","description":"","publisher":{"@id":"https:\/\/arte351.pt\/art\/#organization"},"potentialAction":[{"@type":"SearchAction","target":{"@type":"EntryPoint","urlTemplate":"https:\/\/arte351.pt\/art\/?s={search_term_string}"},"query-input":{"@type":"PropertyValueSpecification","valueRequired":true,"valueName":"search_term_string"}}],"inLanguage":"pt-BR"},{"@type":"Organization","@id":"https:\/\/arte351.pt\/art\/#organization","name":"Arte351 - Art Magazine Portugal","url":"https:\/\/arte351.pt\/art\/","logo":{"@type":"ImageObject","inLanguage":"pt-BR","@id":"https:\/\/arte351.pt\/art\/#\/schema\/logo\/image\/","url":"https:\/\/arte351.pt\/art\/wp-content\/uploads\/2020\/03\/cropped-logo-arte351-color.png","contentUrl":"https:\/\/arte351.pt\/art\/wp-content\/uploads\/2020\/03\/cropped-logo-arte351-color.png","width":514,"height":200,"caption":"Arte351 - Art Magazine Portugal"},"image":{"@id":"https:\/\/arte351.pt\/art\/#\/schema\/logo\/image\/"},"sameAs":["https:\/\/www.facebook.com\/arte351magazine\/"]}]}},"_links":{"self":[{"href":"https:\/\/arte351.pt\/art\/wp-json\/wp\/v2\/pages\/4064","targetHints":{"allow":["GET"]}}],"collection":[{"href":"https:\/\/arte351.pt\/art\/wp-json\/wp\/v2\/pages"}],"about":[{"href":"https:\/\/arte351.pt\/art\/wp-json\/wp\/v2\/types\/page"}],"author":[{"embeddable":true,"href":"https:\/\/arte351.pt\/art\/wp-json\/wp\/v2\/users\/34415"}],"replies":[{"embeddable":true,"href":"https:\/\/arte351.pt\/art\/wp-json\/wp\/v2\/comments?post=4064"}],"version-history":[{"count":3,"href":"https:\/\/arte351.pt\/art\/wp-json\/wp\/v2\/pages\/4064\/revisions"}],"predecessor-version":[{"id":4476,"href":"https:\/\/arte351.pt\/art\/wp-json\/wp\/v2\/pages\/4064\/revisions\/4476"}],"wp:featuredmedia":[{"embeddable":true,"href":"https:\/\/arte351.pt\/art\/wp-json\/wp\/v2\/media\/4068"}],"wp:attachment":[{"href":"https:\/\/arte351.pt\/art\/wp-json\/wp\/v2\/media?parent=4064"}],"curies":[{"name":"wp","href":"https:\/\/api.w.org\/{rel}","templated":true}]}}