{"id":4523,"date":"2021-02-12T23:14:15","date_gmt":"2021-02-12T23:14:15","guid":{"rendered":"https:\/\/arte351.pt\/art\/?page_id=4523"},"modified":"2021-02-13T00:00:17","modified_gmt":"2021-02-13T00:00:17","slug":"habemus-artem-renato-rosa","status":"publish","type":"page","link":"https:\/\/arte351.pt\/art\/habemus-artem-renato-rosa\/","title":{"rendered":"HABEMUS ARTEM \u2013 Renato Rosa"},"content":{"rendered":"<h3><!--begin kunstmatrix--> <iframe src=\"https:\/\/art.kunstmatrix.com\/apps\/artspaces\/index.html?external=true&amp;splashscreen=true&amp;language=en&amp;uid=19224&amp;exhibition=3372914\" width=\"100%\" height=\"600\" frameborder=\"0\" scrolling=\"no\" allowfullscreen=\"allowfullscreen\"><\/iframe><!--end kunstmatrix--><\/h3>\n<h3 style=\"text-align: justify;\"><strong>Colar para n\u00e3o enlouquecer.<\/strong><\/h3>\n<p style=\"text-align: justify;\">Assim, desse modo de titula\u00e7\u00e3o me apresentava para as duas primeiras exposi\u00e7\u00f5es que realizei em 2001. Intitulei as mostras de &#8220;Para escorpi\u00e3o n\u00e3o se d\u00e1 carona&#8221;; um t\u00edtulo jocoso. Como esta era a maneira geral de procedimento na \u00e1rea embarquei no modismo. Por\u00e9m, agora, relembrando, me dei conta que anteriormente, &#8211; em 1997 -, realizara uma exposi\u00e7\u00e3o individual de fotografias sob o t\u00edtulo geral de &#8220;A l\u00edngua do flash&#8221; e esta fora de flagrantes cotidianos registrados com o fasc\u00ednio do momento: a m\u00e1quina Polaroid. Aparentemente me divirto e insinuo ser uma esp\u00e9cie de exerc\u00edcio falsamente terap\u00eautico. Mas n\u00e3o. Engana-se quem assim prejulgar meus trabalhos. \u00c9 uma jornada de solid\u00e3o \u00e0 cata de uma express\u00e3o pessoal; este \u00e9 o real sentido de tudo.<\/p>\n<p style=\"text-align: justify;\">O processo de elabora\u00e7\u00e3o para cada composi\u00e7\u00e3o \u00e9 lento e criterioso na sele\u00e7\u00e3o de imagens encontradas em velhas publica\u00e7\u00f5es nacionais e estrangeiras. Outro dia, enquanto aguardava minha hora na ante sala de meu oculista (*) tomei uma revista de pequeno porte e comecei a folhear e ler seus divertidos artigos e a medida que lia\/folheava me deparava com imagens oportunas para futuras colagens&#8230;resultado: a mesma &#8220;escorregou&#8221; discretamente para minha pasta e obviamente depois, j\u00e1 bem longe dali, enviei uma mensagem ao m\u00e9dico me desculpando e narrando a ocorr\u00eancia. \u00c9 assim o processo, imagens escolhidas ao acaso, analisadas, guardadas, recortadas e coladas em fun\u00e7\u00e3o de um todo harmonioso com o intuito expl\u00edcito de &#8211; pretensamente &#8211; &#8220;narrar&#8221; um hist\u00f3ria envolvendo o espectador e buscando nele uma rea\u00e7\u00e3o, um di\u00e1logo em sua poss\u00edvel in\u00e9rcia pois entendo que arte \u00e9 comunica\u00e7\u00e3o, um alerta contando a passagem desses novos tempos.<\/p>\n<p style=\"text-align: justify;\"><em><strong>(*) O engra\u00e7ado \u00e9 que a consulta n\u00e3o aconteceu porque surgiram duas emerg\u00eancias e o m\u00e9dico precisou atender esses procedimentos. Mas as colagens surgiram depois.<\/strong><\/em><\/p>\n<p><img fetchpriority=\"high\" decoding=\"async\" class=\"aligncenter wp-image-4525 size-large\" src=\"https:\/\/arte351.pt\/art\/wp-content\/uploads\/2021\/02\/15-renato-rosa-jussara-1024x782.jpg\" alt=\"\" width=\"697\" height=\"532\" srcset=\"https:\/\/arte351.pt\/art\/wp-content\/uploads\/2021\/02\/15-renato-rosa-jussara-1024x782.jpg 1024w, https:\/\/arte351.pt\/art\/wp-content\/uploads\/2021\/02\/15-renato-rosa-jussara-300x229.jpg 300w, https:\/\/arte351.pt\/art\/wp-content\/uploads\/2021\/02\/15-renato-rosa-jussara-768x587.jpg 768w, https:\/\/arte351.pt\/art\/wp-content\/uploads\/2021\/02\/15-renato-rosa-jussara.jpg 1449w\" sizes=\"(max-width: 697px) 100vw, 697px\" \/><\/p>\n<h3 style=\"text-align: justify;\"><strong>Corte &amp; Recorte<\/strong><\/h3>\n<p style=\"text-align: justify;\">Primeiro, a sele\u00e7\u00e3o livre de imagens pesquisadas, apropriadas e recortadas de velhas publica\u00e7\u00f5es para arquivo. O momento seguinte \u00e9 a aplica\u00e7\u00e3o desse acervo e sua consequente organiza\u00e7\u00e3o espacial tratando de colocar uma determinada ordem no caos que, instalados com a objetiva e firme inten\u00e7\u00e3o de &#8220;contar&#8221; uma hist\u00f3ria em um espa\u00e7o de conota\u00e7\u00e3o, nem sempre pol\u00edtica como aparenta mas, sim, um situar cr\u00edtico focalizando o entorno vivencial, possibilitando desse modo uma leitura b\u00e1sica de comunica\u00e7\u00e3o com o espectador atrav\u00e9s do fazer art\u00edstico: recortado\/desenhado\/pintado\/colado; uma tentativa de uma sinfonia visual.<\/p>\n<p style=\"text-align: justify;\">Renato Rosa.<\/p>\n","protected":false},"excerpt":{"rendered":"<p>Colar para n\u00e3o enlouquecer. Assim, desse modo de titula\u00e7\u00e3o me apresentava para as duas primeiras exposi\u00e7\u00f5es que realizei em 2001. Intitulei as mostras de &#8220;Para escorpi\u00e3o n\u00e3o se d\u00e1 carona&#8221;; [&hellip;]<\/p>\n","protected":false},"author":34415,"featured_media":4524,"parent":0,"menu_order":0,"comment_status":"closed","ping_status":"closed","template":"","meta":{"_exactmetrics_skip_tracking":false,"_exactmetrics_sitenote_active":false,"_exactmetrics_sitenote_note":"","_exactmetrics_sitenote_category":0,"_uf_show_specific_survey":0,"_uf_disable_surveys":false,"footnotes":""},"class_list":["post-4523","page","type-page","status-publish","has-post-thumbnail","hentry"],"yoast_head":"<!-- This site is optimized with the Yoast SEO plugin v27.3 - https:\/\/yoast.com\/product\/yoast-seo-wordpress\/ -->\n<title>HABEMUS ARTEM \u2013 Renato Rosa - Arte351 - Art Magazine Portugal<\/title>\n<meta name=\"robots\" content=\"index, follow, max-snippet:-1, max-image-preview:large, max-video-preview:-1\" \/>\n<link rel=\"canonical\" href=\"https:\/\/arte351.pt\/art\/habemus-artem-renato-rosa\/\" \/>\n<meta property=\"og:locale\" content=\"pt_BR\" \/>\n<meta property=\"og:type\" content=\"article\" \/>\n<meta property=\"og:title\" content=\"HABEMUS ARTEM \u2013 Renato Rosa - Arte351 - Art Magazine Portugal\" \/>\n<meta property=\"og:description\" content=\"Colar para n\u00e3o enlouquecer. Assim, desse modo de titula\u00e7\u00e3o me apresentava para as duas primeiras exposi\u00e7\u00f5es que realizei em 2001. Intitulei as mostras de &#8220;Para escorpi\u00e3o n\u00e3o se d\u00e1 carona&#8221;; [&hellip;]\" \/>\n<meta property=\"og:url\" content=\"https:\/\/arte351.pt\/art\/habemus-artem-renato-rosa\/\" \/>\n<meta property=\"og:site_name\" content=\"Arte351 - Art Magazine Portugal\" \/>\n<meta property=\"article:publisher\" content=\"https:\/\/www.facebook.com\/arte351magazine\/\" \/>\n<meta property=\"article:modified_time\" content=\"2021-02-13T00:00:17+00:00\" \/>\n<meta property=\"og:image\" content=\"https:\/\/arte351.pt\/art\/wp-content\/uploads\/2021\/02\/rrosa-evento-facebook.jpg\" \/>\n\t<meta property=\"og:image:width\" content=\"1920\" \/>\n\t<meta property=\"og:image:height\" content=\"1080\" \/>\n\t<meta property=\"og:image:type\" content=\"image\/jpeg\" \/>\n<meta name=\"twitter:label1\" content=\"Est. tempo de leitura\" \/>\n\t<meta name=\"twitter:data1\" content=\"2 minutos\" \/>\n<script type=\"application\/ld+json\" class=\"yoast-schema-graph\">{\"@context\":\"https:\\\/\\\/schema.org\",\"@graph\":[{\"@type\":\"WebPage\",\"@id\":\"https:\\\/\\\/arte351.pt\\\/art\\\/habemus-artem-renato-rosa\\\/\",\"url\":\"https:\\\/\\\/arte351.pt\\\/art\\\/habemus-artem-renato-rosa\\\/\",\"name\":\"HABEMUS ARTEM \u2013 Renato Rosa - Arte351 - Art Magazine Portugal\",\"isPartOf\":{\"@id\":\"https:\\\/\\\/arte351.pt\\\/art\\\/#website\"},\"primaryImageOfPage\":{\"@id\":\"https:\\\/\\\/arte351.pt\\\/art\\\/habemus-artem-renato-rosa\\\/#primaryimage\"},\"image\":{\"@id\":\"https:\\\/\\\/arte351.pt\\\/art\\\/habemus-artem-renato-rosa\\\/#primaryimage\"},\"thumbnailUrl\":\"https:\\\/\\\/arte351.pt\\\/art\\\/wp-content\\\/uploads\\\/2021\\\/02\\\/rrosa-evento-facebook.jpg\",\"datePublished\":\"2021-02-12T23:14:15+00:00\",\"dateModified\":\"2021-02-13T00:00:17+00:00\",\"breadcrumb\":{\"@id\":\"https:\\\/\\\/arte351.pt\\\/art\\\/habemus-artem-renato-rosa\\\/#breadcrumb\"},\"inLanguage\":\"pt-BR\",\"potentialAction\":[{\"@type\":\"ReadAction\",\"target\":[\"https:\\\/\\\/arte351.pt\\\/art\\\/habemus-artem-renato-rosa\\\/\"]}]},{\"@type\":\"ImageObject\",\"inLanguage\":\"pt-BR\",\"@id\":\"https:\\\/\\\/arte351.pt\\\/art\\\/habemus-artem-renato-rosa\\\/#primaryimage\",\"url\":\"https:\\\/\\\/arte351.pt\\\/art\\\/wp-content\\\/uploads\\\/2021\\\/02\\\/rrosa-evento-facebook.jpg\",\"contentUrl\":\"https:\\\/\\\/arte351.pt\\\/art\\\/wp-content\\\/uploads\\\/2021\\\/02\\\/rrosa-evento-facebook.jpg\",\"width\":1920,\"height\":1080},{\"@type\":\"BreadcrumbList\",\"@id\":\"https:\\\/\\\/arte351.pt\\\/art\\\/habemus-artem-renato-rosa\\\/#breadcrumb\",\"itemListElement\":[{\"@type\":\"ListItem\",\"position\":1,\"name\":\"In\u00edcio\",\"item\":\"https:\\\/\\\/arte351.pt\\\/art\\\/\"},{\"@type\":\"ListItem\",\"position\":2,\"name\":\"HABEMUS ARTEM \u2013 Renato Rosa\"}]},{\"@type\":\"WebSite\",\"@id\":\"https:\\\/\\\/arte351.pt\\\/art\\\/#website\",\"url\":\"https:\\\/\\\/arte351.pt\\\/art\\\/\",\"name\":\"Arte351 - Art Magazine Portugal\",\"description\":\"\",\"publisher\":{\"@id\":\"https:\\\/\\\/arte351.pt\\\/art\\\/#organization\"},\"potentialAction\":[{\"@type\":\"SearchAction\",\"target\":{\"@type\":\"EntryPoint\",\"urlTemplate\":\"https:\\\/\\\/arte351.pt\\\/art\\\/?s={search_term_string}\"},\"query-input\":{\"@type\":\"PropertyValueSpecification\",\"valueRequired\":true,\"valueName\":\"search_term_string\"}}],\"inLanguage\":\"pt-BR\"},{\"@type\":\"Organization\",\"@id\":\"https:\\\/\\\/arte351.pt\\\/art\\\/#organization\",\"name\":\"Arte351 - Art Magazine Portugal\",\"url\":\"https:\\\/\\\/arte351.pt\\\/art\\\/\",\"logo\":{\"@type\":\"ImageObject\",\"inLanguage\":\"pt-BR\",\"@id\":\"https:\\\/\\\/arte351.pt\\\/art\\\/#\\\/schema\\\/logo\\\/image\\\/\",\"url\":\"https:\\\/\\\/arte351.pt\\\/art\\\/wp-content\\\/uploads\\\/2020\\\/03\\\/cropped-logo-arte351-color.png\",\"contentUrl\":\"https:\\\/\\\/arte351.pt\\\/art\\\/wp-content\\\/uploads\\\/2020\\\/03\\\/cropped-logo-arte351-color.png\",\"width\":514,\"height\":200,\"caption\":\"Arte351 - Art Magazine Portugal\"},\"image\":{\"@id\":\"https:\\\/\\\/arte351.pt\\\/art\\\/#\\\/schema\\\/logo\\\/image\\\/\"},\"sameAs\":[\"https:\\\/\\\/www.facebook.com\\\/arte351magazine\\\/\"]}]}<\/script>\n<!-- \/ Yoast SEO plugin. -->","yoast_head_json":{"title":"HABEMUS ARTEM \u2013 Renato Rosa - Arte351 - Art Magazine Portugal","robots":{"index":"index","follow":"follow","max-snippet":"max-snippet:-1","max-image-preview":"max-image-preview:large","max-video-preview":"max-video-preview:-1"},"canonical":"https:\/\/arte351.pt\/art\/habemus-artem-renato-rosa\/","og_locale":"pt_BR","og_type":"article","og_title":"HABEMUS ARTEM \u2013 Renato Rosa - Arte351 - Art Magazine Portugal","og_description":"Colar para n\u00e3o enlouquecer. Assim, desse modo de titula\u00e7\u00e3o me apresentava para as duas primeiras exposi\u00e7\u00f5es que realizei em 2001. Intitulei as mostras de &#8220;Para escorpi\u00e3o n\u00e3o se d\u00e1 carona&#8221;; [&hellip;]","og_url":"https:\/\/arte351.pt\/art\/habemus-artem-renato-rosa\/","og_site_name":"Arte351 - Art Magazine Portugal","article_publisher":"https:\/\/www.facebook.com\/arte351magazine\/","article_modified_time":"2021-02-13T00:00:17+00:00","og_image":[{"width":1920,"height":1080,"url":"https:\/\/arte351.pt\/art\/wp-content\/uploads\/2021\/02\/rrosa-evento-facebook.jpg","type":"image\/jpeg"}],"twitter_misc":{"Est. tempo de leitura":"2 minutos"},"schema":{"@context":"https:\/\/schema.org","@graph":[{"@type":"WebPage","@id":"https:\/\/arte351.pt\/art\/habemus-artem-renato-rosa\/","url":"https:\/\/arte351.pt\/art\/habemus-artem-renato-rosa\/","name":"HABEMUS ARTEM \u2013 Renato Rosa - Arte351 - Art Magazine Portugal","isPartOf":{"@id":"https:\/\/arte351.pt\/art\/#website"},"primaryImageOfPage":{"@id":"https:\/\/arte351.pt\/art\/habemus-artem-renato-rosa\/#primaryimage"},"image":{"@id":"https:\/\/arte351.pt\/art\/habemus-artem-renato-rosa\/#primaryimage"},"thumbnailUrl":"https:\/\/arte351.pt\/art\/wp-content\/uploads\/2021\/02\/rrosa-evento-facebook.jpg","datePublished":"2021-02-12T23:14:15+00:00","dateModified":"2021-02-13T00:00:17+00:00","breadcrumb":{"@id":"https:\/\/arte351.pt\/art\/habemus-artem-renato-rosa\/#breadcrumb"},"inLanguage":"pt-BR","potentialAction":[{"@type":"ReadAction","target":["https:\/\/arte351.pt\/art\/habemus-artem-renato-rosa\/"]}]},{"@type":"ImageObject","inLanguage":"pt-BR","@id":"https:\/\/arte351.pt\/art\/habemus-artem-renato-rosa\/#primaryimage","url":"https:\/\/arte351.pt\/art\/wp-content\/uploads\/2021\/02\/rrosa-evento-facebook.jpg","contentUrl":"https:\/\/arte351.pt\/art\/wp-content\/uploads\/2021\/02\/rrosa-evento-facebook.jpg","width":1920,"height":1080},{"@type":"BreadcrumbList","@id":"https:\/\/arte351.pt\/art\/habemus-artem-renato-rosa\/#breadcrumb","itemListElement":[{"@type":"ListItem","position":1,"name":"In\u00edcio","item":"https:\/\/arte351.pt\/art\/"},{"@type":"ListItem","position":2,"name":"HABEMUS ARTEM \u2013 Renato Rosa"}]},{"@type":"WebSite","@id":"https:\/\/arte351.pt\/art\/#website","url":"https:\/\/arte351.pt\/art\/","name":"Arte351 - Art Magazine Portugal","description":"","publisher":{"@id":"https:\/\/arte351.pt\/art\/#organization"},"potentialAction":[{"@type":"SearchAction","target":{"@type":"EntryPoint","urlTemplate":"https:\/\/arte351.pt\/art\/?s={search_term_string}"},"query-input":{"@type":"PropertyValueSpecification","valueRequired":true,"valueName":"search_term_string"}}],"inLanguage":"pt-BR"},{"@type":"Organization","@id":"https:\/\/arte351.pt\/art\/#organization","name":"Arte351 - Art Magazine Portugal","url":"https:\/\/arte351.pt\/art\/","logo":{"@type":"ImageObject","inLanguage":"pt-BR","@id":"https:\/\/arte351.pt\/art\/#\/schema\/logo\/image\/","url":"https:\/\/arte351.pt\/art\/wp-content\/uploads\/2020\/03\/cropped-logo-arte351-color.png","contentUrl":"https:\/\/arte351.pt\/art\/wp-content\/uploads\/2020\/03\/cropped-logo-arte351-color.png","width":514,"height":200,"caption":"Arte351 - Art Magazine Portugal"},"image":{"@id":"https:\/\/arte351.pt\/art\/#\/schema\/logo\/image\/"},"sameAs":["https:\/\/www.facebook.com\/arte351magazine\/"]}]}},"_links":{"self":[{"href":"https:\/\/arte351.pt\/art\/wp-json\/wp\/v2\/pages\/4523","targetHints":{"allow":["GET"]}}],"collection":[{"href":"https:\/\/arte351.pt\/art\/wp-json\/wp\/v2\/pages"}],"about":[{"href":"https:\/\/arte351.pt\/art\/wp-json\/wp\/v2\/types\/page"}],"author":[{"embeddable":true,"href":"https:\/\/arte351.pt\/art\/wp-json\/wp\/v2\/users\/34415"}],"replies":[{"embeddable":true,"href":"https:\/\/arte351.pt\/art\/wp-json\/wp\/v2\/comments?post=4523"}],"version-history":[{"count":4,"href":"https:\/\/arte351.pt\/art\/wp-json\/wp\/v2\/pages\/4523\/revisions"}],"predecessor-version":[{"id":4537,"href":"https:\/\/arte351.pt\/art\/wp-json\/wp\/v2\/pages\/4523\/revisions\/4537"}],"wp:featuredmedia":[{"embeddable":true,"href":"https:\/\/arte351.pt\/art\/wp-json\/wp\/v2\/media\/4524"}],"wp:attachment":[{"href":"https:\/\/arte351.pt\/art\/wp-json\/wp\/v2\/media?parent=4523"}],"curies":[{"name":"wp","href":"https:\/\/api.w.org\/{rel}","templated":true}]}}