{"id":4693,"date":"2021-03-25T09:40:08","date_gmt":"2021-03-25T09:40:08","guid":{"rendered":"https:\/\/arte351.pt\/art\/?page_id=4693"},"modified":"2024-04-02T14:58:59","modified_gmt":"2024-04-02T14:58:59","slug":"habemus-artem-claudia-alencar-j-c-bergamo","status":"publish","type":"page","link":"https:\/\/arte351.pt\/art\/habemus-artem-claudia-alencar-j-c-bergamo\/","title":{"rendered":"HABEMUS ARTEM &#8211; Cl\u00e1udia Alencar &#038; J. C. Bergamo"},"content":{"rendered":"<p><!--begin kunstmatrix--><\/p>\n<p><iframe title=\"Exposic\u0327a\u0303o Virtual de Cla\u0301udia Alencar  - Tour Completa\" width=\"697\" height=\"392\" src=\"https:\/\/www.youtube.com\/embed\/Pf0sSEKAmZs?feature=oembed\" frameborder=\"0\" allow=\"accelerometer; autoplay; clipboard-write; encrypted-media; gyroscope; picture-in-picture; web-share\" referrerpolicy=\"strict-origin-when-cross-origin\" allowfullscreen><\/iframe><\/p>\n<p><!--end kunstmatrix--><\/p>\n<p style=\"text-align: justify;\">A exposi\u00e7\u00e3o traz a atriz brasileira Cl\u00e1udia Alencar, para o <a href=\"https:\/\/arte351.pt\/art\/2021\/03\/25\/mulheres-historicas-por-claudia-alencar-e-j-c-bergamo\/\">Habemus Artem<\/a>, a encarnar grandes mulheres revolucion\u00e1rias da Humanidade, seus arqu\u00e9tipos numa in\u00e9dita exposi\u00e7\u00e3o de Arte fotogr\u00e1fica clicada por um dos maiores fot\u00f3grafo da Vogue Europ\u00e9ia, <a href=\"https:\/\/arte351.pt\/art\/2021\/03\/25\/mulheres-historicas-por-claudia-alencar-e-j-c-bergamo\/\">J. C. Bergamo<\/a>.<\/p>\n<p style=\"text-align: justify;\">Atrav\u00e9s de estudos sociol\u00f3gicos Cl\u00e1udia Alencar cria a teoria da A REVOLU\u00c7\u00c3O QU\u00c2NTICA FEMININA que foi travada pela mulher em 40 anos sem mortes, estupros ou sangue. Por causa da p\u00edlula concepcional, do avan\u00e7o avassalador do capitalismo a mulher multiplicou-se \u2013 de 2 pap\u00e9is sociais a infinitos &#8211; e teve que criar dentro de si um Homem &#8211; no sentido em que faz tudo que um homem faz (sem ter o mesmo sal\u00e1rio) e continua fazendo tudo que uma mulher faz! Esse salto jamais foi dado na hist\u00f3ria da Humanidade.<\/p>\n<p style=\"text-align: justify;\">E \u00e9 nesse per\u00edodo de transi\u00e7\u00e3o que estamos vivendo que Cl\u00e1udia Alencar revela com humor e ci\u00eancia como a NOVA MULHER o enfrenta sendo resiliente , alegre, pr\u00f3spera, inteligente, querendo que o Homem fa\u00e7a a REVOLU\u00c7\u00c3O QU\u00c2NTICA A SEU LADO. N\u00e3o queremos Empoderamento, mas AMOROSAMENTO! Queremos ficar lado a lado do Homem, ou Mulher, n\u00e3o importa o g\u00eanero, mas queremos igualdade social, pol\u00edtica e econ\u00f4mica. Est\u00e1 na hora do machismo acabar no Planeta! Mas essa REVOLU\u00c7\u00c3O QU\u00c2NTICA, tamb\u00e9m tem sua sombra: foi a maneira do Homem colocar a Mulher no mercado de trabalho para consumir mais e mais sup\u00e9rfluos, para ajudar a m\u00e1quina e n\u00e3o o Ser Humano. Mas com nossa maneira art\u00edstica \u2013 como essa in\u00e9dita exposi\u00e7\u00e3o \u2013 com nossa ternura, cuidados pelo outro, a Mulher formar\u00e1 a sociedade sem gan\u00e2ncia, sup\u00e9rfluos e desonestidade. Este \u00e9 o novo desafio do s\u00e9culo XXI, apesar da avalanche pand\u00eamica que nos assola. VENCEREMOS! HOMENS E MULHERES DE M\u00c3OS DADAS COM TERNURA E VERDADE, NUM INESPERADO HAPPY END!<\/p>\n<p style=\"text-align: justify;\">Baseada em estudos sociol\u00f3gicos e hist\u00f3ricos a exposi\u00e7\u00e3o de Arte, in\u00e9dita, onde Claudia Alencar encarna Joanna D&#8221;Arc, Nossa Senhora, A Dona de Casa, Rita Hayworth, Madame Curie, George Sand, Isabel de Bourbon, A Louca, O Homem, a Cigana, A \u00edndia menina, A pag\u00e9, Isadora Duncan,, V\u00eanus de Milo,.a Mulher do Brinco de p\u00e9rola de Wermer, Isabel de Bourbon, a Dominatrix, a Matriarca da tribo celta, a Noiva que se defende, e a Pin Up! Todas elas nesse mundo que sempre foi e ainda \u00e9 violento- ilustrado por suas 2 m\u00e3os representando o rev\u00f3lver e as m\u00e3os ao alto &#8211; viol\u00eancia da humanidade -Viol\u00eancia essa que devemos com ast\u00facia acabar de uma vez por todas Claro que o final \u00e9 um Happy End, onde a REVOLU\u00c7\u00c3O AMOROSA revelar\u00e1 a alquimia feminina se colocando nos cargos que quiserem, tendo o mesmo sal\u00e1rio do homem, escolhendo ficarem em casa ou n\u00e3o, como os homens, e quando estiverem no Poder ser\u00e3o o que sempre foram \u2013 amorosas, honestas , dignas, inteligentes, intuitivas, \u00e9ticas, e ainda&#8230;.bonitas! ufa! A Mulher e o Homem sair\u00e3o transformados por essa exposi\u00e7\u00e3o, pois saber\u00e3o que \u2013 N\u00c3O SOMOS MAIS SIL\u00caNCIO \u2013 \u00e8 o momento de denunciar abusos, viol\u00eancias, e formar um mundo que sempre almejamos: de PAZ!<\/p>\n","protected":false},"excerpt":{"rendered":"<p>A exposi\u00e7\u00e3o traz a atriz brasileira Cl\u00e1udia Alencar, para o Habemus Artem, a encarnar grandes mulheres revolucion\u00e1rias da Humanidade, seus arqu\u00e9tipos numa in\u00e9dita exposi\u00e7\u00e3o de Arte fotogr\u00e1fica clicada por um [&hellip;]<\/p>\n","protected":false},"author":34415,"featured_media":4706,"parent":0,"menu_order":0,"comment_status":"closed","ping_status":"closed","template":"","meta":{"_exactmetrics_skip_tracking":false,"_exactmetrics_sitenote_active":false,"_exactmetrics_sitenote_note":"","_exactmetrics_sitenote_category":0,"_uf_show_specific_survey":0,"_uf_disable_surveys":false,"footnotes":""},"class_list":["post-4693","page","type-page","status-publish","has-post-thumbnail","hentry"],"yoast_head":"<!-- This site is optimized with the Yoast SEO plugin v27.3 - https:\/\/yoast.com\/product\/yoast-seo-wordpress\/ -->\n<title>HABEMUS ARTEM - Cl\u00e1udia Alencar &amp; J. C. Bergamo - Arte351 - Art Magazine Portugal<\/title>\n<meta name=\"description\" content=\"A exposi\u00e7\u00e3o traz a atriz brasileira Cl\u00e1udia Alencar a encarnar grandes mulheres revolucion\u00e1rias da Humanidade, seus arqu\u00e9tipos numa ...\" \/>\n<meta name=\"robots\" content=\"index, follow, max-snippet:-1, max-image-preview:large, max-video-preview:-1\" \/>\n<link rel=\"canonical\" href=\"https:\/\/arte351.pt\/art\/habemus-artem-claudia-alencar-j-c-bergamo\/\" \/>\n<meta property=\"og:locale\" content=\"pt_BR\" \/>\n<meta property=\"og:type\" content=\"article\" \/>\n<meta property=\"og:title\" content=\"HABEMUS ARTEM - Cl\u00e1udia Alencar &amp; J. C. Bergamo - Arte351 - Art Magazine Portugal\" \/>\n<meta property=\"og:description\" content=\"A exposi\u00e7\u00e3o traz a atriz brasileira Cl\u00e1udia Alencar a encarnar grandes mulheres revolucion\u00e1rias da Humanidade, seus arqu\u00e9tipos numa ...\" \/>\n<meta property=\"og:url\" content=\"https:\/\/arte351.pt\/art\/habemus-artem-claudia-alencar-j-c-bergamo\/\" \/>\n<meta property=\"og:site_name\" content=\"Arte351 - Art Magazine Portugal\" \/>\n<meta property=\"article:publisher\" content=\"https:\/\/www.facebook.com\/arte351magazine\/\" \/>\n<meta property=\"article:modified_time\" content=\"2024-04-02T14:58:59+00:00\" \/>\n<meta property=\"og:image\" content=\"https:\/\/arte351.pt\/art\/wp-content\/uploads\/2021\/03\/claudia-alencar-evento22.jpg\" \/>\n\t<meta property=\"og:image:width\" content=\"1920\" \/>\n\t<meta property=\"og:image:height\" content=\"1080\" \/>\n\t<meta property=\"og:image:type\" content=\"image\/jpeg\" \/>\n<meta name=\"twitter:label1\" content=\"Est. tempo de leitura\" \/>\n\t<meta name=\"twitter:data1\" content=\"3 minutos\" \/>\n<script type=\"application\/ld+json\" class=\"yoast-schema-graph\">{\"@context\":\"https:\\\/\\\/schema.org\",\"@graph\":[{\"@type\":\"WebPage\",\"@id\":\"https:\\\/\\\/arte351.pt\\\/art\\\/habemus-artem-claudia-alencar-j-c-bergamo\\\/\",\"url\":\"https:\\\/\\\/arte351.pt\\\/art\\\/habemus-artem-claudia-alencar-j-c-bergamo\\\/\",\"name\":\"HABEMUS ARTEM - Cl\u00e1udia Alencar & J. C. Bergamo - Arte351 - Art Magazine Portugal\",\"isPartOf\":{\"@id\":\"https:\\\/\\\/arte351.pt\\\/art\\\/#website\"},\"primaryImageOfPage\":{\"@id\":\"https:\\\/\\\/arte351.pt\\\/art\\\/habemus-artem-claudia-alencar-j-c-bergamo\\\/#primaryimage\"},\"image\":{\"@id\":\"https:\\\/\\\/arte351.pt\\\/art\\\/habemus-artem-claudia-alencar-j-c-bergamo\\\/#primaryimage\"},\"thumbnailUrl\":\"https:\\\/\\\/arte351.pt\\\/art\\\/wp-content\\\/uploads\\\/2021\\\/03\\\/claudia-alencar-evento22.jpg\",\"datePublished\":\"2021-03-25T09:40:08+00:00\",\"dateModified\":\"2024-04-02T14:58:59+00:00\",\"description\":\"A exposi\u00e7\u00e3o traz a atriz brasileira Cl\u00e1udia Alencar a encarnar grandes mulheres revolucion\u00e1rias da Humanidade, seus arqu\u00e9tipos numa ...\",\"breadcrumb\":{\"@id\":\"https:\\\/\\\/arte351.pt\\\/art\\\/habemus-artem-claudia-alencar-j-c-bergamo\\\/#breadcrumb\"},\"inLanguage\":\"pt-BR\",\"potentialAction\":[{\"@type\":\"ReadAction\",\"target\":[\"https:\\\/\\\/arte351.pt\\\/art\\\/habemus-artem-claudia-alencar-j-c-bergamo\\\/\"]}]},{\"@type\":\"ImageObject\",\"inLanguage\":\"pt-BR\",\"@id\":\"https:\\\/\\\/arte351.pt\\\/art\\\/habemus-artem-claudia-alencar-j-c-bergamo\\\/#primaryimage\",\"url\":\"https:\\\/\\\/arte351.pt\\\/art\\\/wp-content\\\/uploads\\\/2021\\\/03\\\/claudia-alencar-evento22.jpg\",\"contentUrl\":\"https:\\\/\\\/arte351.pt\\\/art\\\/wp-content\\\/uploads\\\/2021\\\/03\\\/claudia-alencar-evento22.jpg\",\"width\":1920,\"height\":1080},{\"@type\":\"BreadcrumbList\",\"@id\":\"https:\\\/\\\/arte351.pt\\\/art\\\/habemus-artem-claudia-alencar-j-c-bergamo\\\/#breadcrumb\",\"itemListElement\":[{\"@type\":\"ListItem\",\"position\":1,\"name\":\"In\u00edcio\",\"item\":\"https:\\\/\\\/arte351.pt\\\/art\\\/\"},{\"@type\":\"ListItem\",\"position\":2,\"name\":\"HABEMUS ARTEM &#8211; Cl\u00e1udia Alencar &#038; J. C. Bergamo\"}]},{\"@type\":\"WebSite\",\"@id\":\"https:\\\/\\\/arte351.pt\\\/art\\\/#website\",\"url\":\"https:\\\/\\\/arte351.pt\\\/art\\\/\",\"name\":\"Arte351 - Art Magazine Portugal\",\"description\":\"\",\"publisher\":{\"@id\":\"https:\\\/\\\/arte351.pt\\\/art\\\/#organization\"},\"potentialAction\":[{\"@type\":\"SearchAction\",\"target\":{\"@type\":\"EntryPoint\",\"urlTemplate\":\"https:\\\/\\\/arte351.pt\\\/art\\\/?s={search_term_string}\"},\"query-input\":{\"@type\":\"PropertyValueSpecification\",\"valueRequired\":true,\"valueName\":\"search_term_string\"}}],\"inLanguage\":\"pt-BR\"},{\"@type\":\"Organization\",\"@id\":\"https:\\\/\\\/arte351.pt\\\/art\\\/#organization\",\"name\":\"Arte351 - Art Magazine Portugal\",\"url\":\"https:\\\/\\\/arte351.pt\\\/art\\\/\",\"logo\":{\"@type\":\"ImageObject\",\"inLanguage\":\"pt-BR\",\"@id\":\"https:\\\/\\\/arte351.pt\\\/art\\\/#\\\/schema\\\/logo\\\/image\\\/\",\"url\":\"https:\\\/\\\/arte351.pt\\\/art\\\/wp-content\\\/uploads\\\/2020\\\/03\\\/cropped-logo-arte351-color.png\",\"contentUrl\":\"https:\\\/\\\/arte351.pt\\\/art\\\/wp-content\\\/uploads\\\/2020\\\/03\\\/cropped-logo-arte351-color.png\",\"width\":514,\"height\":200,\"caption\":\"Arte351 - Art Magazine Portugal\"},\"image\":{\"@id\":\"https:\\\/\\\/arte351.pt\\\/art\\\/#\\\/schema\\\/logo\\\/image\\\/\"},\"sameAs\":[\"https:\\\/\\\/www.facebook.com\\\/arte351magazine\\\/\"]}]}<\/script>\n<!-- \/ Yoast SEO plugin. -->","yoast_head_json":{"title":"HABEMUS ARTEM - Cl\u00e1udia Alencar & J. C. Bergamo - Arte351 - Art Magazine Portugal","description":"A exposi\u00e7\u00e3o traz a atriz brasileira Cl\u00e1udia Alencar a encarnar grandes mulheres revolucion\u00e1rias da Humanidade, seus arqu\u00e9tipos numa ...","robots":{"index":"index","follow":"follow","max-snippet":"max-snippet:-1","max-image-preview":"max-image-preview:large","max-video-preview":"max-video-preview:-1"},"canonical":"https:\/\/arte351.pt\/art\/habemus-artem-claudia-alencar-j-c-bergamo\/","og_locale":"pt_BR","og_type":"article","og_title":"HABEMUS ARTEM - Cl\u00e1udia Alencar & J. C. Bergamo - Arte351 - Art Magazine Portugal","og_description":"A exposi\u00e7\u00e3o traz a atriz brasileira Cl\u00e1udia Alencar a encarnar grandes mulheres revolucion\u00e1rias da Humanidade, seus arqu\u00e9tipos numa ...","og_url":"https:\/\/arte351.pt\/art\/habemus-artem-claudia-alencar-j-c-bergamo\/","og_site_name":"Arte351 - Art Magazine Portugal","article_publisher":"https:\/\/www.facebook.com\/arte351magazine\/","article_modified_time":"2024-04-02T14:58:59+00:00","og_image":[{"width":1920,"height":1080,"url":"https:\/\/arte351.pt\/art\/wp-content\/uploads\/2021\/03\/claudia-alencar-evento22.jpg","type":"image\/jpeg"}],"twitter_misc":{"Est. tempo de leitura":"3 minutos"},"schema":{"@context":"https:\/\/schema.org","@graph":[{"@type":"WebPage","@id":"https:\/\/arte351.pt\/art\/habemus-artem-claudia-alencar-j-c-bergamo\/","url":"https:\/\/arte351.pt\/art\/habemus-artem-claudia-alencar-j-c-bergamo\/","name":"HABEMUS ARTEM - Cl\u00e1udia Alencar & J. C. Bergamo - Arte351 - Art Magazine Portugal","isPartOf":{"@id":"https:\/\/arte351.pt\/art\/#website"},"primaryImageOfPage":{"@id":"https:\/\/arte351.pt\/art\/habemus-artem-claudia-alencar-j-c-bergamo\/#primaryimage"},"image":{"@id":"https:\/\/arte351.pt\/art\/habemus-artem-claudia-alencar-j-c-bergamo\/#primaryimage"},"thumbnailUrl":"https:\/\/arte351.pt\/art\/wp-content\/uploads\/2021\/03\/claudia-alencar-evento22.jpg","datePublished":"2021-03-25T09:40:08+00:00","dateModified":"2024-04-02T14:58:59+00:00","description":"A exposi\u00e7\u00e3o traz a atriz brasileira Cl\u00e1udia Alencar a encarnar grandes mulheres revolucion\u00e1rias da Humanidade, seus arqu\u00e9tipos numa ...","breadcrumb":{"@id":"https:\/\/arte351.pt\/art\/habemus-artem-claudia-alencar-j-c-bergamo\/#breadcrumb"},"inLanguage":"pt-BR","potentialAction":[{"@type":"ReadAction","target":["https:\/\/arte351.pt\/art\/habemus-artem-claudia-alencar-j-c-bergamo\/"]}]},{"@type":"ImageObject","inLanguage":"pt-BR","@id":"https:\/\/arte351.pt\/art\/habemus-artem-claudia-alencar-j-c-bergamo\/#primaryimage","url":"https:\/\/arte351.pt\/art\/wp-content\/uploads\/2021\/03\/claudia-alencar-evento22.jpg","contentUrl":"https:\/\/arte351.pt\/art\/wp-content\/uploads\/2021\/03\/claudia-alencar-evento22.jpg","width":1920,"height":1080},{"@type":"BreadcrumbList","@id":"https:\/\/arte351.pt\/art\/habemus-artem-claudia-alencar-j-c-bergamo\/#breadcrumb","itemListElement":[{"@type":"ListItem","position":1,"name":"In\u00edcio","item":"https:\/\/arte351.pt\/art\/"},{"@type":"ListItem","position":2,"name":"HABEMUS ARTEM &#8211; Cl\u00e1udia Alencar &#038; J. C. Bergamo"}]},{"@type":"WebSite","@id":"https:\/\/arte351.pt\/art\/#website","url":"https:\/\/arte351.pt\/art\/","name":"Arte351 - Art Magazine Portugal","description":"","publisher":{"@id":"https:\/\/arte351.pt\/art\/#organization"},"potentialAction":[{"@type":"SearchAction","target":{"@type":"EntryPoint","urlTemplate":"https:\/\/arte351.pt\/art\/?s={search_term_string}"},"query-input":{"@type":"PropertyValueSpecification","valueRequired":true,"valueName":"search_term_string"}}],"inLanguage":"pt-BR"},{"@type":"Organization","@id":"https:\/\/arte351.pt\/art\/#organization","name":"Arte351 - Art Magazine Portugal","url":"https:\/\/arte351.pt\/art\/","logo":{"@type":"ImageObject","inLanguage":"pt-BR","@id":"https:\/\/arte351.pt\/art\/#\/schema\/logo\/image\/","url":"https:\/\/arte351.pt\/art\/wp-content\/uploads\/2020\/03\/cropped-logo-arte351-color.png","contentUrl":"https:\/\/arte351.pt\/art\/wp-content\/uploads\/2020\/03\/cropped-logo-arte351-color.png","width":514,"height":200,"caption":"Arte351 - Art Magazine Portugal"},"image":{"@id":"https:\/\/arte351.pt\/art\/#\/schema\/logo\/image\/"},"sameAs":["https:\/\/www.facebook.com\/arte351magazine\/"]}]}},"_links":{"self":[{"href":"https:\/\/arte351.pt\/art\/wp-json\/wp\/v2\/pages\/4693","targetHints":{"allow":["GET"]}}],"collection":[{"href":"https:\/\/arte351.pt\/art\/wp-json\/wp\/v2\/pages"}],"about":[{"href":"https:\/\/arte351.pt\/art\/wp-json\/wp\/v2\/types\/page"}],"author":[{"embeddable":true,"href":"https:\/\/arte351.pt\/art\/wp-json\/wp\/v2\/users\/34415"}],"replies":[{"embeddable":true,"href":"https:\/\/arte351.pt\/art\/wp-json\/wp\/v2\/comments?post=4693"}],"version-history":[{"count":7,"href":"https:\/\/arte351.pt\/art\/wp-json\/wp\/v2\/pages\/4693\/revisions"}],"predecessor-version":[{"id":8545,"href":"https:\/\/arte351.pt\/art\/wp-json\/wp\/v2\/pages\/4693\/revisions\/8545"}],"wp:featuredmedia":[{"embeddable":true,"href":"https:\/\/arte351.pt\/art\/wp-json\/wp\/v2\/media\/4706"}],"wp:attachment":[{"href":"https:\/\/arte351.pt\/art\/wp-json\/wp\/v2\/media?parent=4693"}],"curies":[{"name":"wp","href":"https:\/\/api.w.org\/{rel}","templated":true}]}}