{"id":47,"date":"2015-12-26T19:46:26","date_gmt":"2015-12-26T19:46:26","guid":{"rendered":"http:\/\/blupdigital.tempsite.ws\/art\/?page_id=47"},"modified":"2023-07-14T23:50:37","modified_gmt":"2023-07-14T23:50:37","slug":"arte-em-portugal-quem-somos-arte-351-magazine","status":"publish","type":"page","link":"https:\/\/arte351.pt\/art\/arte-em-portugal-quem-somos-arte-351-magazine\/","title":{"rendered":"Quem somos"},"content":{"rendered":"<p>Arte 351 \u00e9 uma plataforma de publica\u00e7\u00e3o di\u00e1ria dedicada a apoiar, divulgar e fomentar a arte e a produ\u00e7\u00e3o art\u00edstica em Portugal. Nosso objetivo \u00e9 conectar o p\u00fablico consumidor cultural aos artistas, galerias e espa\u00e7os culturais, a promover eventos culturais de destaque, como exposi\u00e7\u00f5es de arte, festivais de teatro, cinema, dan\u00e7a e m\u00fasica na Zona Metropolitana de Lisboa e em todo Portugal.<\/p>\n<p>Fundada em 2015, a Arte 351 busca se tornar uma refer\u00eancia no cen\u00e1rio art\u00edstico, a promover a internacionaliza\u00e7\u00e3o da arte contempor\u00e2nea portuguesa e apresentando as tend\u00eancias vanguardistas do mundo das artes. Contamos com uma equipe multidisciplinar e colunistas representantes culturais, que enriquecem nossa plataforma com seus conhecimentos e perspectivas.<\/p>\n<p>Al\u00e9m de divulgar eventos e exposi\u00e7\u00f5es, tamb\u00e9m publicamos not\u00edcias sobre concursos abertos, oferecendo oportunidades para artistas mostrarem seu talento e expandirem suas carreiras. Atrav\u00e9s da Arte 351, buscamos estimular o di\u00e1logo e o interc\u00e2mbio cultural, fortalecendo a cena art\u00edstica em Portugal e contribuindo para o enriquecimento cultural da sociedade.<\/p>\n<p>Na Arte 351, acreditamos no poder transformador da arte e no seu potencial de express\u00e3o e reflex\u00e3o. Queremos ser uma plataforma que inspira e conecta artistas, entusiastas e apreciadores de arte, proporcionando um espa\u00e7o de descoberta, aprendizado e valoriza\u00e7\u00e3o das manifesta\u00e7\u00f5es art\u00edsticas em Portugal e al\u00e9m.<\/p>\n\n\n<p><\/p>\n","protected":false},"excerpt":{"rendered":"<p>Arte 351 \u00e9 uma plataforma de publica\u00e7\u00e3o di\u00e1ria dedicada a apoiar, divulgar e fomentar a arte e a produ\u00e7\u00e3o art\u00edstica em Portugal. Nosso objetivo \u00e9 conectar o p\u00fablico consumidor cultural [&hellip;]<\/p>\n","protected":false},"author":34415,"featured_media":3192,"parent":0,"menu_order":0,"comment_status":"closed","ping_status":"closed","template":"","meta":{"_exactmetrics_skip_tracking":false,"_exactmetrics_sitenote_active":false,"_exactmetrics_sitenote_note":"","_exactmetrics_sitenote_category":0,"_uf_show_specific_survey":0,"_uf_disable_surveys":false,"footnotes":""},"class_list":["post-47","page","type-page","status-publish","has-post-thumbnail","hentry"],"yoast_head":"<!-- This site is optimized with the Yoast SEO plugin v27.3 - https:\/\/yoast.com\/product\/yoast-seo-wordpress\/ -->\n<title>Arte em Portugal - Quem Somos - Arte 351 Magazine<\/title>\n<meta name=\"description\" content=\"Temos como objetivo, apoiar, divulgar e fomentar a arte em Portugal e no mundo, com o foco na valoriza\u00e7\u00e3o do artista como produtor...\" \/>\n<meta name=\"robots\" content=\"index, follow, max-snippet:-1, max-image-preview:large, max-video-preview:-1\" \/>\n<link rel=\"canonical\" href=\"https:\/\/arte351.pt\/art\/arte-em-portugal-quem-somos-arte-351-magazine\/\" \/>\n<meta property=\"og:locale\" content=\"pt_BR\" \/>\n<meta property=\"og:type\" content=\"article\" \/>\n<meta property=\"og:title\" content=\"Arte em Portugal - Quem Somos - Arte 351 Magazine\" \/>\n<meta property=\"og:description\" content=\"Temos como objetivo, apoiar, divulgar e fomentar a arte em Portugal e no mundo, com o foco na valoriza\u00e7\u00e3o do artista como produtor...\" \/>\n<meta property=\"og:url\" content=\"https:\/\/arte351.pt\/art\/arte-em-portugal-quem-somos-arte-351-magazine\/\" \/>\n<meta property=\"og:site_name\" content=\"Arte351 - Art Magazine Portugal\" \/>\n<meta property=\"article:publisher\" content=\"https:\/\/www.facebook.com\/arte351magazine\/\" \/>\n<meta property=\"article:modified_time\" content=\"2023-07-14T23:50:37+00:00\" \/>\n<meta property=\"og:image\" content=\"https:\/\/arte351.pt\/art\/wp-content\/uploads\/2020\/03\/logo-arte351-color.png\" \/>\n\t<meta property=\"og:image:width\" content=\"800\" \/>\n\t<meta property=\"og:image:height\" content=\"311\" \/>\n\t<meta property=\"og:image:type\" content=\"image\/png\" \/>\n<meta name=\"twitter:label1\" content=\"Est. tempo de leitura\" \/>\n\t<meta name=\"twitter:data1\" content=\"2 minutos\" \/>\n<script type=\"application\/ld+json\" class=\"yoast-schema-graph\">{\"@context\":\"https:\\\/\\\/schema.org\",\"@graph\":[{\"@type\":\"WebPage\",\"@id\":\"https:\\\/\\\/arte351.pt\\\/art\\\/arte-em-portugal-quem-somos-arte-351-magazine\\\/\",\"url\":\"https:\\\/\\\/arte351.pt\\\/art\\\/arte-em-portugal-quem-somos-arte-351-magazine\\\/\",\"name\":\"Arte em Portugal - Quem Somos - Arte 351 Magazine\",\"isPartOf\":{\"@id\":\"https:\\\/\\\/arte351.pt\\\/art\\\/#website\"},\"primaryImageOfPage\":{\"@id\":\"https:\\\/\\\/arte351.pt\\\/art\\\/arte-em-portugal-quem-somos-arte-351-magazine\\\/#primaryimage\"},\"image\":{\"@id\":\"https:\\\/\\\/arte351.pt\\\/art\\\/arte-em-portugal-quem-somos-arte-351-magazine\\\/#primaryimage\"},\"thumbnailUrl\":\"https:\\\/\\\/arte351.pt\\\/art\\\/wp-content\\\/uploads\\\/2020\\\/03\\\/logo-arte351-color.png\",\"datePublished\":\"2015-12-26T19:46:26+00:00\",\"dateModified\":\"2023-07-14T23:50:37+00:00\",\"description\":\"Temos como objetivo, apoiar, divulgar e fomentar a arte em Portugal e no mundo, com o foco na valoriza\u00e7\u00e3o do artista como produtor...\",\"breadcrumb\":{\"@id\":\"https:\\\/\\\/arte351.pt\\\/art\\\/arte-em-portugal-quem-somos-arte-351-magazine\\\/#breadcrumb\"},\"inLanguage\":\"pt-BR\",\"potentialAction\":[{\"@type\":\"ReadAction\",\"target\":[\"https:\\\/\\\/arte351.pt\\\/art\\\/arte-em-portugal-quem-somos-arte-351-magazine\\\/\"]}]},{\"@type\":\"ImageObject\",\"inLanguage\":\"pt-BR\",\"@id\":\"https:\\\/\\\/arte351.pt\\\/art\\\/arte-em-portugal-quem-somos-arte-351-magazine\\\/#primaryimage\",\"url\":\"https:\\\/\\\/arte351.pt\\\/art\\\/wp-content\\\/uploads\\\/2020\\\/03\\\/logo-arte351-color.png\",\"contentUrl\":\"https:\\\/\\\/arte351.pt\\\/art\\\/wp-content\\\/uploads\\\/2020\\\/03\\\/logo-arte351-color.png\",\"width\":800,\"height\":311,\"caption\":\"arte em portugal\"},{\"@type\":\"BreadcrumbList\",\"@id\":\"https:\\\/\\\/arte351.pt\\\/art\\\/arte-em-portugal-quem-somos-arte-351-magazine\\\/#breadcrumb\",\"itemListElement\":[{\"@type\":\"ListItem\",\"position\":1,\"name\":\"In\u00edcio\",\"item\":\"https:\\\/\\\/arte351.pt\\\/art\\\/\"},{\"@type\":\"ListItem\",\"position\":2,\"name\":\"Quem somos\"}]},{\"@type\":\"WebSite\",\"@id\":\"https:\\\/\\\/arte351.pt\\\/art\\\/#website\",\"url\":\"https:\\\/\\\/arte351.pt\\\/art\\\/\",\"name\":\"Arte351 - Art Magazine Portugal\",\"description\":\"\",\"publisher\":{\"@id\":\"https:\\\/\\\/arte351.pt\\\/art\\\/#organization\"},\"potentialAction\":[{\"@type\":\"SearchAction\",\"target\":{\"@type\":\"EntryPoint\",\"urlTemplate\":\"https:\\\/\\\/arte351.pt\\\/art\\\/?s={search_term_string}\"},\"query-input\":{\"@type\":\"PropertyValueSpecification\",\"valueRequired\":true,\"valueName\":\"search_term_string\"}}],\"inLanguage\":\"pt-BR\"},{\"@type\":\"Organization\",\"@id\":\"https:\\\/\\\/arte351.pt\\\/art\\\/#organization\",\"name\":\"Arte351 - Art Magazine Portugal\",\"url\":\"https:\\\/\\\/arte351.pt\\\/art\\\/\",\"logo\":{\"@type\":\"ImageObject\",\"inLanguage\":\"pt-BR\",\"@id\":\"https:\\\/\\\/arte351.pt\\\/art\\\/#\\\/schema\\\/logo\\\/image\\\/\",\"url\":\"https:\\\/\\\/arte351.pt\\\/art\\\/wp-content\\\/uploads\\\/2020\\\/03\\\/cropped-logo-arte351-color.png\",\"contentUrl\":\"https:\\\/\\\/arte351.pt\\\/art\\\/wp-content\\\/uploads\\\/2020\\\/03\\\/cropped-logo-arte351-color.png\",\"width\":514,\"height\":200,\"caption\":\"Arte351 - Art Magazine Portugal\"},\"image\":{\"@id\":\"https:\\\/\\\/arte351.pt\\\/art\\\/#\\\/schema\\\/logo\\\/image\\\/\"},\"sameAs\":[\"https:\\\/\\\/www.facebook.com\\\/arte351magazine\\\/\"]}]}<\/script>\n<!-- \/ Yoast SEO plugin. -->","yoast_head_json":{"title":"Arte em Portugal - Quem Somos - Arte 351 Magazine","description":"Temos como objetivo, apoiar, divulgar e fomentar a arte em Portugal e no mundo, com o foco na valoriza\u00e7\u00e3o do artista como produtor...","robots":{"index":"index","follow":"follow","max-snippet":"max-snippet:-1","max-image-preview":"max-image-preview:large","max-video-preview":"max-video-preview:-1"},"canonical":"https:\/\/arte351.pt\/art\/arte-em-portugal-quem-somos-arte-351-magazine\/","og_locale":"pt_BR","og_type":"article","og_title":"Arte em Portugal - Quem Somos - Arte 351 Magazine","og_description":"Temos como objetivo, apoiar, divulgar e fomentar a arte em Portugal e no mundo, com o foco na valoriza\u00e7\u00e3o do artista como produtor...","og_url":"https:\/\/arte351.pt\/art\/arte-em-portugal-quem-somos-arte-351-magazine\/","og_site_name":"Arte351 - Art Magazine Portugal","article_publisher":"https:\/\/www.facebook.com\/arte351magazine\/","article_modified_time":"2023-07-14T23:50:37+00:00","og_image":[{"width":800,"height":311,"url":"https:\/\/arte351.pt\/art\/wp-content\/uploads\/2020\/03\/logo-arte351-color.png","type":"image\/png"}],"twitter_misc":{"Est. tempo de leitura":"2 minutos"},"schema":{"@context":"https:\/\/schema.org","@graph":[{"@type":"WebPage","@id":"https:\/\/arte351.pt\/art\/arte-em-portugal-quem-somos-arte-351-magazine\/","url":"https:\/\/arte351.pt\/art\/arte-em-portugal-quem-somos-arte-351-magazine\/","name":"Arte em Portugal - Quem Somos - Arte 351 Magazine","isPartOf":{"@id":"https:\/\/arte351.pt\/art\/#website"},"primaryImageOfPage":{"@id":"https:\/\/arte351.pt\/art\/arte-em-portugal-quem-somos-arte-351-magazine\/#primaryimage"},"image":{"@id":"https:\/\/arte351.pt\/art\/arte-em-portugal-quem-somos-arte-351-magazine\/#primaryimage"},"thumbnailUrl":"https:\/\/arte351.pt\/art\/wp-content\/uploads\/2020\/03\/logo-arte351-color.png","datePublished":"2015-12-26T19:46:26+00:00","dateModified":"2023-07-14T23:50:37+00:00","description":"Temos como objetivo, apoiar, divulgar e fomentar a arte em Portugal e no mundo, com o foco na valoriza\u00e7\u00e3o do artista como produtor...","breadcrumb":{"@id":"https:\/\/arte351.pt\/art\/arte-em-portugal-quem-somos-arte-351-magazine\/#breadcrumb"},"inLanguage":"pt-BR","potentialAction":[{"@type":"ReadAction","target":["https:\/\/arte351.pt\/art\/arte-em-portugal-quem-somos-arte-351-magazine\/"]}]},{"@type":"ImageObject","inLanguage":"pt-BR","@id":"https:\/\/arte351.pt\/art\/arte-em-portugal-quem-somos-arte-351-magazine\/#primaryimage","url":"https:\/\/arte351.pt\/art\/wp-content\/uploads\/2020\/03\/logo-arte351-color.png","contentUrl":"https:\/\/arte351.pt\/art\/wp-content\/uploads\/2020\/03\/logo-arte351-color.png","width":800,"height":311,"caption":"arte em portugal"},{"@type":"BreadcrumbList","@id":"https:\/\/arte351.pt\/art\/arte-em-portugal-quem-somos-arte-351-magazine\/#breadcrumb","itemListElement":[{"@type":"ListItem","position":1,"name":"In\u00edcio","item":"https:\/\/arte351.pt\/art\/"},{"@type":"ListItem","position":2,"name":"Quem somos"}]},{"@type":"WebSite","@id":"https:\/\/arte351.pt\/art\/#website","url":"https:\/\/arte351.pt\/art\/","name":"Arte351 - Art Magazine Portugal","description":"","publisher":{"@id":"https:\/\/arte351.pt\/art\/#organization"},"potentialAction":[{"@type":"SearchAction","target":{"@type":"EntryPoint","urlTemplate":"https:\/\/arte351.pt\/art\/?s={search_term_string}"},"query-input":{"@type":"PropertyValueSpecification","valueRequired":true,"valueName":"search_term_string"}}],"inLanguage":"pt-BR"},{"@type":"Organization","@id":"https:\/\/arte351.pt\/art\/#organization","name":"Arte351 - Art Magazine Portugal","url":"https:\/\/arte351.pt\/art\/","logo":{"@type":"ImageObject","inLanguage":"pt-BR","@id":"https:\/\/arte351.pt\/art\/#\/schema\/logo\/image\/","url":"https:\/\/arte351.pt\/art\/wp-content\/uploads\/2020\/03\/cropped-logo-arte351-color.png","contentUrl":"https:\/\/arte351.pt\/art\/wp-content\/uploads\/2020\/03\/cropped-logo-arte351-color.png","width":514,"height":200,"caption":"Arte351 - Art Magazine Portugal"},"image":{"@id":"https:\/\/arte351.pt\/art\/#\/schema\/logo\/image\/"},"sameAs":["https:\/\/www.facebook.com\/arte351magazine\/"]}]}},"_links":{"self":[{"href":"https:\/\/arte351.pt\/art\/wp-json\/wp\/v2\/pages\/47","targetHints":{"allow":["GET"]}}],"collection":[{"href":"https:\/\/arte351.pt\/art\/wp-json\/wp\/v2\/pages"}],"about":[{"href":"https:\/\/arte351.pt\/art\/wp-json\/wp\/v2\/types\/page"}],"author":[{"embeddable":true,"href":"https:\/\/arte351.pt\/art\/wp-json\/wp\/v2\/users\/34415"}],"replies":[{"embeddable":true,"href":"https:\/\/arte351.pt\/art\/wp-json\/wp\/v2\/comments?post=47"}],"version-history":[{"count":16,"href":"https:\/\/arte351.pt\/art\/wp-json\/wp\/v2\/pages\/47\/revisions"}],"predecessor-version":[{"id":7908,"href":"https:\/\/arte351.pt\/art\/wp-json\/wp\/v2\/pages\/47\/revisions\/7908"}],"wp:featuredmedia":[{"embeddable":true,"href":"https:\/\/arte351.pt\/art\/wp-json\/wp\/v2\/media\/3192"}],"wp:attachment":[{"href":"https:\/\/arte351.pt\/art\/wp-json\/wp\/v2\/media?parent=47"}],"curies":[{"name":"wp","href":"https:\/\/api.w.org\/{rel}","templated":true}]}}