{"id":50,"date":"2015-12-26T19:47:24","date_gmt":"2015-12-26T19:47:24","guid":{"rendered":"http:\/\/blupdigital.tempsite.ws\/art\/?page_id=50"},"modified":"2021-04-20T16:21:52","modified_gmt":"2021-04-20T16:21:52","slug":"blog","status":"publish","type":"page","link":"https:\/\/arte351.pt\/art\/blog\/","title":{"rendered":"PROJECTOS"},"content":{"rendered":"<p style=\"text-align: justify;\"><img fetchpriority=\"high\" decoding=\"async\" class=\"size-medium wp-image-103 alignleft\" src=\"http:\/\/blupdigital.tempsite.ws\/art\/wp-content\/uploads\/2015\/12\/mod_business-220x300.jpg\" alt=\"mod_business\" width=\"220\" height=\"300\" srcset=\"https:\/\/arte351.pt\/art\/wp-content\/uploads\/2015\/12\/mod_business-220x300.jpg 220w, https:\/\/arte351.pt\/art\/wp-content\/uploads\/2015\/12\/mod_business.jpg 500w\" sizes=\"(max-width: 220px) 100vw, 220px\" \/><\/p>\n<p><strong>ARTE 351 BUSINESS PROGRAM<\/strong> \u2013 A Arte \u00e9 uma ferramenta importante na gera\u00e7\u00e3o de neg\u00f3cios e no fomento da economia. O investimento em arte \u00e9 algo acess\u00edvel a maioria das pessoas e pode gerar grande retorno. Este vi\u00e9s comercial deve ser abordado de maneira profissional, sendo importante saber como ingressar no mercado internacional de arte para se ter um retorno positivo. Com um cen\u00e1rio cada vez mais competitivo no mercado das artes, o ARTE 351 uniu uma equipa de profissionais para desenvolver a\u00e7\u00f5es de promo\u00e7\u00e3o de artistas e com\u00e9rcio de obras de arte.<\/p>\n<p>O <strong>ARTE 351 BUSINESS PROGRAM<\/strong> foi idealizado como um bir\u00f4 de produ\u00e7\u00e3o cultural e tem como objetivo central a realiza\u00e7\u00e3o de projetos de fomento e promo\u00e7\u00e3o da arte. Assessoria \u00e0 artistas, mostras de arte, leil\u00f5es, participa\u00e7\u00e3o em feiras e eventos s\u00e3o algumas das a\u00e7\u00f5es que desenvolvemos no \u00e2mbito do <strong>ARTE 351 BUSINESS PROGRAM<\/strong>. Destaque aos nossos projetos:<\/p>\n<p><span style=\"color: #0000ff;\"><a style=\"color: #0000ff;\" href=\"https:\/\/arte351.pt\/art\/habemus-artem-virtual-gallery\/\">HABEMUS ARTEM<\/a><\/span> &#8211; Desenvolvimento e cria\u00e7\u00e3o de exposi\u00e7\u00f5es virtuais e toda estrutura de divulga\u00e7\u00e3o e promo\u00e7\u00e3o;<\/p>\n<p><span style=\"color: #0000ff;\"><a style=\"color: #0000ff;\" href=\"https:\/\/arte351.pt\/art\/?s=%22fragmentos+de+temas%22&amp;submit=Search\">FRAGMENTOS DO TEMA<\/a><\/span> &#8211; Mostra Colectiva de Artistas que ocorre no per\u00edodo do inverno a encerrar as atividades anuais do ARTE351;<\/p>\n<p><span style=\"color: #0000ff;\"><a style=\"color: #0000ff;\" href=\"https:\/\/arte351.pt\/art\/2020\/10\/15\/drawing-room-2020-a-arte-resiste\/\">GALERIA 360<\/a><\/span> &#8211; Registamos foto\/v\u00eddeo da vossa exposi\u00e7\u00e3o\/galeria em formato 360\u00ba graus. <a href=\"https:\/\/arte351.pt\/art\/2020\/10\/15\/drawing-room-2020-a-arte-resiste\/\">Veja aqui exemplo de foto<\/a>; <a href=\"https:\/\/arte351.pt\/art\/2021\/04\/20\/immersive-video-360-na-exposicao-em-casa-no-ccb\/\">Veja aqui exemplo de v\u00eddeo<\/a>.<\/p>\n<p><span style=\"color: #0000ff;\"><a style=\"color: #0000ff;\" href=\"https:\/\/www.youtube.com\/watch?v=JsDfvwxPNoY&amp;list=PLL3raSyW5A8NOd95Sd-XXj4amG-28AN5d\">COLLOQUIUM ARTE351<\/a> <\/span>&#8211; A equipa audiovisual prepara e regista entrevista com artistas a responderem informa\u00e7\u00f5es sobre si e seus trabalhos.<\/p>\n<p><span style=\"color: #0000ff;\"><a style=\"color: #0000ff;\" href=\"https:\/\/www.youtube.com\/watch?v=bZW8n3s7a5E&amp;list=PLL3raSyW5A8OBScopvyBJ6-ZooI6FS28C\">DROPS ARTE351<\/a><\/span> &#8211; Registamos os melhores momentos dos vossos eventos art\u00edsticos e divulgamos em nossas redes sociais.<\/p>\n<p><span style=\"color: #0000ff;\"><a style=\"color: #0000ff;\" href=\"https:\/\/arte351.pt\/art\/2016\/10\/13\/vera-world-fine-art-festival-2016\/\">ARTE 351 EXPO-TOUR<\/a><\/span> \u2013 Em parceria com galerias de arte, levamos artistas a feiras e eventos do Circuito de Arte Europeu.<\/p>\n<p><span style=\"color: #3366ff;\"><span style=\"color: #0000ff;\">ART TRADE 351<\/span> \u2013<\/span> Programa de Consultoria \u00e0 Artistas, Intermedia\u00e7\u00e3o e Venda de Obras de Arte;<\/p>\n<p><span style=\"color: #0000ff;\">CR\u00d4NICAS ARTE351<\/span> &#8211; Projecto de Mostra Art\u00edstica composta por exposi\u00e7\u00e3o e painel de debates;<\/p>\n<p><strong>ARTE 351 BUSINESS PROGRAM<\/strong> \u00e9 uma maneira moderna de se trabalhar a arte como produto de valor cultural, social e comercial. Entre em contacto e venha desenvolver a vossa arte com a equipa de profissionais ARTE 351.<\/p>\n<p style=\"text-align: center;\">&#8212;&#8212;&#8212;&#8212;&#8212;&#8212;&#8212;&#8212;&#8212;&#8212;<\/p>\n<p style=\"text-align: center;\">\n","protected":false},"excerpt":{"rendered":"<p>ARTE 351 BUSINESS PROGRAM \u2013 A Arte \u00e9 uma ferramenta importante na gera\u00e7\u00e3o de neg\u00f3cios e no fomento da economia. O investimento em arte \u00e9 algo acess\u00edvel a maioria das [&hellip;]<\/p>\n","protected":false},"author":34415,"featured_media":0,"parent":0,"menu_order":0,"comment_status":"closed","ping_status":"closed","template":"","meta":{"_exactmetrics_skip_tracking":false,"_exactmetrics_sitenote_active":false,"_exactmetrics_sitenote_note":"","_exactmetrics_sitenote_category":0,"_uf_show_specific_survey":0,"_uf_disable_surveys":false,"footnotes":""},"class_list":["post-50","page","type-page","status-publish","hentry"],"yoast_head":"<!-- This site is optimized with the Yoast SEO plugin v27.3 - https:\/\/yoast.com\/product\/yoast-seo-wordpress\/ -->\n<title>PROJECTOS - Arte351 - Art Magazine Portugal<\/title>\n<meta name=\"description\" content=\"Promo\u00e7\u00e3o,consultoria e assessoria para artistas que desejam ingressar ou potencializar a sua arte no mercado internacional.\" \/>\n<meta name=\"robots\" content=\"index, follow, max-snippet:-1, max-image-preview:large, max-video-preview:-1\" \/>\n<link rel=\"canonical\" href=\"https:\/\/arte351.pt\/art\/blog\/\" \/>\n<meta property=\"og:locale\" content=\"pt_BR\" \/>\n<meta property=\"og:type\" content=\"article\" \/>\n<meta property=\"og:title\" content=\"PROJECTOS - Arte351 - Art Magazine Portugal\" \/>\n<meta property=\"og:description\" content=\"Promo\u00e7\u00e3o,consultoria e assessoria para artistas que desejam ingressar ou potencializar a sua arte no mercado internacional.\" \/>\n<meta property=\"og:url\" content=\"https:\/\/arte351.pt\/art\/blog\/\" \/>\n<meta property=\"og:site_name\" content=\"Arte351 - Art Magazine Portugal\" \/>\n<meta property=\"article:publisher\" content=\"https:\/\/www.facebook.com\/arte351magazine\/\" \/>\n<meta property=\"article:modified_time\" content=\"2021-04-20T16:21:52+00:00\" \/>\n<meta property=\"og:image\" content=\"http:\/\/blupdigital.tempsite.ws\/art\/wp-content\/uploads\/2015\/12\/mod_business-220x300.jpg\" \/>\n<meta name=\"twitter:label1\" content=\"Est. tempo de leitura\" \/>\n\t<meta name=\"twitter:data1\" content=\"2 minutos\" \/>\n<script type=\"application\/ld+json\" class=\"yoast-schema-graph\">{\"@context\":\"https:\\\/\\\/schema.org\",\"@graph\":[{\"@type\":\"WebPage\",\"@id\":\"https:\\\/\\\/arte351.pt\\\/art\\\/blog\\\/\",\"url\":\"https:\\\/\\\/arte351.pt\\\/art\\\/blog\\\/\",\"name\":\"PROJECTOS - Arte351 - Art Magazine Portugal\",\"isPartOf\":{\"@id\":\"https:\\\/\\\/arte351.pt\\\/art\\\/#website\"},\"primaryImageOfPage\":{\"@id\":\"https:\\\/\\\/arte351.pt\\\/art\\\/blog\\\/#primaryimage\"},\"image\":{\"@id\":\"https:\\\/\\\/arte351.pt\\\/art\\\/blog\\\/#primaryimage\"},\"thumbnailUrl\":\"http:\\\/\\\/blupdigital.tempsite.ws\\\/art\\\/wp-content\\\/uploads\\\/2015\\\/12\\\/mod_business-220x300.jpg\",\"datePublished\":\"2015-12-26T19:47:24+00:00\",\"dateModified\":\"2021-04-20T16:21:52+00:00\",\"description\":\"Promo\u00e7\u00e3o,consultoria e assessoria para artistas que desejam ingressar ou potencializar a sua arte no mercado internacional.\",\"breadcrumb\":{\"@id\":\"https:\\\/\\\/arte351.pt\\\/art\\\/blog\\\/#breadcrumb\"},\"inLanguage\":\"pt-BR\",\"potentialAction\":[{\"@type\":\"ReadAction\",\"target\":[\"https:\\\/\\\/arte351.pt\\\/art\\\/blog\\\/\"]}]},{\"@type\":\"ImageObject\",\"inLanguage\":\"pt-BR\",\"@id\":\"https:\\\/\\\/arte351.pt\\\/art\\\/blog\\\/#primaryimage\",\"url\":\"http:\\\/\\\/blupdigital.tempsite.ws\\\/art\\\/wp-content\\\/uploads\\\/2015\\\/12\\\/mod_business-220x300.jpg\",\"contentUrl\":\"http:\\\/\\\/blupdigital.tempsite.ws\\\/art\\\/wp-content\\\/uploads\\\/2015\\\/12\\\/mod_business-220x300.jpg\"},{\"@type\":\"BreadcrumbList\",\"@id\":\"https:\\\/\\\/arte351.pt\\\/art\\\/blog\\\/#breadcrumb\",\"itemListElement\":[{\"@type\":\"ListItem\",\"position\":1,\"name\":\"In\u00edcio\",\"item\":\"https:\\\/\\\/arte351.pt\\\/art\\\/\"},{\"@type\":\"ListItem\",\"position\":2,\"name\":\"PROJECTOS\"}]},{\"@type\":\"WebSite\",\"@id\":\"https:\\\/\\\/arte351.pt\\\/art\\\/#website\",\"url\":\"https:\\\/\\\/arte351.pt\\\/art\\\/\",\"name\":\"Arte351 - Art Magazine Portugal\",\"description\":\"\",\"publisher\":{\"@id\":\"https:\\\/\\\/arte351.pt\\\/art\\\/#organization\"},\"potentialAction\":[{\"@type\":\"SearchAction\",\"target\":{\"@type\":\"EntryPoint\",\"urlTemplate\":\"https:\\\/\\\/arte351.pt\\\/art\\\/?s={search_term_string}\"},\"query-input\":{\"@type\":\"PropertyValueSpecification\",\"valueRequired\":true,\"valueName\":\"search_term_string\"}}],\"inLanguage\":\"pt-BR\"},{\"@type\":\"Organization\",\"@id\":\"https:\\\/\\\/arte351.pt\\\/art\\\/#organization\",\"name\":\"Arte351 - Art Magazine Portugal\",\"url\":\"https:\\\/\\\/arte351.pt\\\/art\\\/\",\"logo\":{\"@type\":\"ImageObject\",\"inLanguage\":\"pt-BR\",\"@id\":\"https:\\\/\\\/arte351.pt\\\/art\\\/#\\\/schema\\\/logo\\\/image\\\/\",\"url\":\"https:\\\/\\\/arte351.pt\\\/art\\\/wp-content\\\/uploads\\\/2020\\\/03\\\/cropped-logo-arte351-color.png\",\"contentUrl\":\"https:\\\/\\\/arte351.pt\\\/art\\\/wp-content\\\/uploads\\\/2020\\\/03\\\/cropped-logo-arte351-color.png\",\"width\":514,\"height\":200,\"caption\":\"Arte351 - Art Magazine Portugal\"},\"image\":{\"@id\":\"https:\\\/\\\/arte351.pt\\\/art\\\/#\\\/schema\\\/logo\\\/image\\\/\"},\"sameAs\":[\"https:\\\/\\\/www.facebook.com\\\/arte351magazine\\\/\"]}]}<\/script>\n<!-- \/ Yoast SEO plugin. -->","yoast_head_json":{"title":"PROJECTOS - Arte351 - Art Magazine Portugal","description":"Promo\u00e7\u00e3o,consultoria e assessoria para artistas que desejam ingressar ou potencializar a sua arte no mercado internacional.","robots":{"index":"index","follow":"follow","max-snippet":"max-snippet:-1","max-image-preview":"max-image-preview:large","max-video-preview":"max-video-preview:-1"},"canonical":"https:\/\/arte351.pt\/art\/blog\/","og_locale":"pt_BR","og_type":"article","og_title":"PROJECTOS - Arte351 - Art Magazine Portugal","og_description":"Promo\u00e7\u00e3o,consultoria e assessoria para artistas que desejam ingressar ou potencializar a sua arte no mercado internacional.","og_url":"https:\/\/arte351.pt\/art\/blog\/","og_site_name":"Arte351 - Art Magazine Portugal","article_publisher":"https:\/\/www.facebook.com\/arte351magazine\/","article_modified_time":"2021-04-20T16:21:52+00:00","og_image":[{"url":"http:\/\/blupdigital.tempsite.ws\/art\/wp-content\/uploads\/2015\/12\/mod_business-220x300.jpg","type":"","width":"","height":""}],"twitter_misc":{"Est. tempo de leitura":"2 minutos"},"schema":{"@context":"https:\/\/schema.org","@graph":[{"@type":"WebPage","@id":"https:\/\/arte351.pt\/art\/blog\/","url":"https:\/\/arte351.pt\/art\/blog\/","name":"PROJECTOS - Arte351 - Art Magazine Portugal","isPartOf":{"@id":"https:\/\/arte351.pt\/art\/#website"},"primaryImageOfPage":{"@id":"https:\/\/arte351.pt\/art\/blog\/#primaryimage"},"image":{"@id":"https:\/\/arte351.pt\/art\/blog\/#primaryimage"},"thumbnailUrl":"http:\/\/blupdigital.tempsite.ws\/art\/wp-content\/uploads\/2015\/12\/mod_business-220x300.jpg","datePublished":"2015-12-26T19:47:24+00:00","dateModified":"2021-04-20T16:21:52+00:00","description":"Promo\u00e7\u00e3o,consultoria e assessoria para artistas que desejam ingressar ou potencializar a sua arte no mercado internacional.","breadcrumb":{"@id":"https:\/\/arte351.pt\/art\/blog\/#breadcrumb"},"inLanguage":"pt-BR","potentialAction":[{"@type":"ReadAction","target":["https:\/\/arte351.pt\/art\/blog\/"]}]},{"@type":"ImageObject","inLanguage":"pt-BR","@id":"https:\/\/arte351.pt\/art\/blog\/#primaryimage","url":"http:\/\/blupdigital.tempsite.ws\/art\/wp-content\/uploads\/2015\/12\/mod_business-220x300.jpg","contentUrl":"http:\/\/blupdigital.tempsite.ws\/art\/wp-content\/uploads\/2015\/12\/mod_business-220x300.jpg"},{"@type":"BreadcrumbList","@id":"https:\/\/arte351.pt\/art\/blog\/#breadcrumb","itemListElement":[{"@type":"ListItem","position":1,"name":"In\u00edcio","item":"https:\/\/arte351.pt\/art\/"},{"@type":"ListItem","position":2,"name":"PROJECTOS"}]},{"@type":"WebSite","@id":"https:\/\/arte351.pt\/art\/#website","url":"https:\/\/arte351.pt\/art\/","name":"Arte351 - Art Magazine Portugal","description":"","publisher":{"@id":"https:\/\/arte351.pt\/art\/#organization"},"potentialAction":[{"@type":"SearchAction","target":{"@type":"EntryPoint","urlTemplate":"https:\/\/arte351.pt\/art\/?s={search_term_string}"},"query-input":{"@type":"PropertyValueSpecification","valueRequired":true,"valueName":"search_term_string"}}],"inLanguage":"pt-BR"},{"@type":"Organization","@id":"https:\/\/arte351.pt\/art\/#organization","name":"Arte351 - Art Magazine Portugal","url":"https:\/\/arte351.pt\/art\/","logo":{"@type":"ImageObject","inLanguage":"pt-BR","@id":"https:\/\/arte351.pt\/art\/#\/schema\/logo\/image\/","url":"https:\/\/arte351.pt\/art\/wp-content\/uploads\/2020\/03\/cropped-logo-arte351-color.png","contentUrl":"https:\/\/arte351.pt\/art\/wp-content\/uploads\/2020\/03\/cropped-logo-arte351-color.png","width":514,"height":200,"caption":"Arte351 - Art Magazine Portugal"},"image":{"@id":"https:\/\/arte351.pt\/art\/#\/schema\/logo\/image\/"},"sameAs":["https:\/\/www.facebook.com\/arte351magazine\/"]}]}},"_links":{"self":[{"href":"https:\/\/arte351.pt\/art\/wp-json\/wp\/v2\/pages\/50","targetHints":{"allow":["GET"]}}],"collection":[{"href":"https:\/\/arte351.pt\/art\/wp-json\/wp\/v2\/pages"}],"about":[{"href":"https:\/\/arte351.pt\/art\/wp-json\/wp\/v2\/types\/page"}],"author":[{"embeddable":true,"href":"https:\/\/arte351.pt\/art\/wp-json\/wp\/v2\/users\/34415"}],"replies":[{"embeddable":true,"href":"https:\/\/arte351.pt\/art\/wp-json\/wp\/v2\/comments?post=50"}],"version-history":[{"count":14,"href":"https:\/\/arte351.pt\/art\/wp-json\/wp\/v2\/pages\/50\/revisions"}],"predecessor-version":[{"id":4824,"href":"https:\/\/arte351.pt\/art\/wp-json\/wp\/v2\/pages\/50\/revisions\/4824"}],"wp:attachment":[{"href":"https:\/\/arte351.pt\/art\/wp-json\/wp\/v2\/media?parent=50"}],"curies":[{"name":"wp","href":"https:\/\/api.w.org\/{rel}","templated":true}]}}