{"id":5354,"date":"2021-07-13T16:29:39","date_gmt":"2021-07-13T16:29:39","guid":{"rendered":"https:\/\/arte351.pt\/art\/?page_id=5354"},"modified":"2021-11-19T14:00:25","modified_gmt":"2021-11-19T14:00:25","slug":"habemus-artem-visoes-do-movimento","status":"publish","type":"page","link":"https:\/\/arte351.pt\/art\/habemus-artem-visoes-do-movimento\/","title":{"rendered":"HABEMUS ARTEM \u2013 Vis\u00f5es do Movimento"},"content":{"rendered":"<p style=\"text-align: justify;\">A imagem \u00e9 uma cria\u00e7\u00e3o \u00f3tica que codifica o que estamos vendo. O movimento \u00e9 um elemento dif\u00edcil de captar com imagens est\u00e1ticas, mas nas m\u00e3os de artistas como Cl\u00e1udio Cardoso e Daniel Ferreira de Souza isso se faz presente e nos leva a navegar pelos momentos por eles eternizados em magn\u00edficas imagens.<\/p>\n<p style=\"text-align: justify;\">Na exposi\u00e7\u00e3o Vis\u00f5es do Movimento, mostra virtual do \u00e2mbito do projeto Habemus Artem, Cl\u00e1udio Cardoso e Daniel Ferreira de Souza nos oferecem 20 obras entre fotografias e art\/photo digital que se unificam no quesito movimento. Com 10 trabalhos de cada um dos artistas, a exposi\u00e7\u00e3o Vis\u00f5es do Movimento \u00e9 uma oportunidade de conhecer as obras destes dois profissionais do universo das artes que nos presenteiam com uma exposi\u00e7\u00e3o de grande qualidade.<\/p>\n<p style=\"text-align: justify;\">Exposi\u00e7\u00e3o Vis\u00f5es do Movimento<\/p>\n<p><!--begin kunstmatrix--><\/p>\n<p><iframe title=\"Exposi\u00e7\u00e3o virtual - Viso\u0303es do Movimento - Tour completa\" width=\"697\" height=\"392\" src=\"https:\/\/www.youtube.com\/embed\/PV8MUArudOs?feature=oembed\" frameborder=\"0\" allow=\"accelerometer; autoplay; clipboard-write; encrypted-media; gyroscope; picture-in-picture\" allowfullscreen><\/iframe><\/p>\n<p><!--end kunstmatrix--><\/p>\n<hr \/>\n<h3 style=\"text-align: center;\">Sobre os artistas:<\/h3>\n<h3><strong>Cl\u00e1udio Cardoso<\/strong><\/h3>\n<p style=\"text-align: justify;\"><img decoding=\"async\" class=\"wp-image-5349 alignleft\" src=\"https:\/\/arte351.pt\/art\/wp-content\/uploads\/2021\/07\/avatar-claudio-cardoso-300x300.jpg\" alt=\"\" width=\"175\" height=\"174\" srcset=\"https:\/\/arte351.pt\/art\/wp-content\/uploads\/2021\/07\/avatar-claudio-cardoso-300x300.jpg 300w, https:\/\/arte351.pt\/art\/wp-content\/uploads\/2021\/07\/avatar-claudio-cardoso-1024x1024.jpg 1024w, https:\/\/arte351.pt\/art\/wp-content\/uploads\/2021\/07\/avatar-claudio-cardoso-150x150.jpg 150w, https:\/\/arte351.pt\/art\/wp-content\/uploads\/2021\/07\/avatar-claudio-cardoso-768x768.jpg 768w, https:\/\/arte351.pt\/art\/wp-content\/uploads\/2021\/07\/avatar-claudio-cardoso.jpg 1080w\" sizes=\"(max-width: 175px) 100vw, 175px\" \/>Nascido no Rio de Janeiro, Claudio Cardoso trabalhou muitos anos na \u00e1rea financeira, e sempre foi um grande apreciador das artes, principalmente da pintura e da fotografia. Em 2009, mudou-se para NYC para acompanhar a cirurgia e recupera\u00e7\u00e3o da filha, Maria Luiza, que gostava muito de pintar. Para dar suporte \u00e0 filha, Cl\u00e1udio d\u00e1 os primeiros passos na pintura e logo a admira\u00e7\u00e3o pelas artes se desenvolve em paix\u00e3o a tempo inteiro.<\/p>\n<p style=\"text-align: justify;\">\u200bEm 2012 inicia aulas pr\u00e1ticas de t\u00e9cnicas de pintura com o Artista Pl\u00e1stico e Professor Luiz Badia no Atelier Baluarte, onde possui e faz quest\u00e3o de preservar um espa\u00e7o para trabalhar e estar junto dos amigos que ali se mant\u00eam at\u00e9 hoje, sempre fazendo arte. Neste contexto desenvolve junto com outros alunos e artistas do atelier suas inspira\u00e7\u00f5es e composi\u00e7\u00f5es sempre com o suporte e aten\u00e7\u00e3o do seu professor.\u200b<\/p>\n<p style=\"text-align: justify;\">Em 2014 inicia um curso na Escola de Artes Visuais do Parque Lage, no Rio de Janeiro, com o grande colorista, amigo e professor Jos\u00e9 Maria Dias da Cruz e define como as suas principais refer\u00eancias, os pintores Gerhard Richter e Jackson Pollock. Na sequ\u00eancia do tempo como aluno no Parque Lage e da sua evolu\u00e7\u00e3o como artista, Cl\u00e1udio faz o seu debut expondo as suas telas em importantes galerias e eventos de arte nos Estados Unidos, tais como: Latin American Art Fair (2014), Miami Art Fair \u2013 Art Basel (2014) e o Creative Mischief Exhibition &#8211; National Academy Museum &amp; School em NYC (2015\/ 2016).<\/p>\n<p style=\"text-align: justify;\">Ap\u00f3s a bem-sucedida entrada no mundo das artes como artista, Cl\u00e1udio decide aprimorar os seus conhecimentos com o Diretor da National Academy Museum &amp; School NYC, Maurizio Pellegrin, a quem considera o seu mestre. Na aus\u00eancia de um est\u00fadio em NYC onde pudesse trabalhar e criar as suas telas, Claudio Cardoso toma posse do caos cosmopolita das ruas de Manhattan e come\u00e7a a dedicar-se \u00e0 sua outra paix\u00e3o, a fotografia. \u00c9 ent\u00e3o, a partir daqui, que o artista come\u00e7a a transpor para a sua fotografia as t\u00e9cnicas de squeeze de Richter, que tanto o influenciaram como pintor.<\/p>\n<p><img fetchpriority=\"high\" decoding=\"async\" class=\"aligncenter wp-image-5359 size-large\" src=\"https:\/\/arte351.pt\/art\/wp-content\/uploads\/2021\/07\/claudio-cardoso-ciclista-2-mold-1024x750.jpg\" alt=\"\" width=\"697\" height=\"510\" srcset=\"https:\/\/arte351.pt\/art\/wp-content\/uploads\/2021\/07\/claudio-cardoso-ciclista-2-mold-1024x750.jpg 1024w, https:\/\/arte351.pt\/art\/wp-content\/uploads\/2021\/07\/claudio-cardoso-ciclista-2-mold-300x220.jpg 300w, https:\/\/arte351.pt\/art\/wp-content\/uploads\/2021\/07\/claudio-cardoso-ciclista-2-mold-768x562.jpg 768w, https:\/\/arte351.pt\/art\/wp-content\/uploads\/2021\/07\/claudio-cardoso-ciclista-2-mold.jpg 1225w\" sizes=\"(max-width: 697px) 100vw, 697px\" \/><\/p>\n<p style=\"text-align: justify;\">A busca por efeitos semelhantes na fotografia d\u00e1-se usando a c\u00e2mera em baixa velocidade, aproveitando-se dos res\u00edduos deixados na fotografia para provocar um efeito de movimento na obra. Desde ent\u00e3o, a sua linha de trabalho passa por explorar a imagina\u00e7\u00e3o do espectador, criando vida num objeto inanimado e est\u00e1tico, como a fotografia. O objetivo \u00e9 despertar a sensibilidade e a imagina\u00e7\u00e3o de quem v\u00ea a fotografia e fazer com que cada pessoa tenha uma ideia de movimento diferente. Dessa experi\u00eancia nas ruas de NYC, sai a primeira sequ\u00eancia de fotos intitulada \u201cos ciclistas\u201d, que marca para o artista o in\u00edcio da sua carreira como fot\u00f3grafo e o seu objeto de estudo e trabalho, a cria\u00e7\u00e3o do movimento.<\/p>\n<p style=\"text-align: justify;\">\u200bJ\u00e1 em 2015, Cl\u00e1udio vai para a It\u00e1lia integrado no programa Academy Abroad, promovido pelo professor Maurizio Pellegrin, para prestigiar a Bienal de Arte de Veneza e participar numa semana em \u201cEst\u00fadio Intensivo de Cria\u00e7\u00e3o\u201d no Lago Como. Por consequ\u00eancia da experi\u00eancia em It\u00e1lia, o artista inicia em novembro de 2016 o Long Term Art Course na National Academy Museum &amp; School &#8211; NYC com o Professor Pellegrin, onde come\u00e7a a desenvolver o trabalho de interven\u00e7\u00e3o nas imagens em \u201cmovimento\u201d. A combina\u00e7\u00e3o dessas duas t\u00e9cnicas consolida-se com a obra The Corner (2,20x2m), exposta no 6th Creative Mischief Exhibition NYC em 2017.<\/p>\n<p style=\"text-align: justify;\">\u200bEm Portugal exp\u00f5e pela primeira vez em 2018 na Galeria da Associa\u00e7\u00e3o Jos\u00e9 Afonso, como o tema \u201cLiberdade\u201d, uma abordagem fotogr\u00e1fica \u00e0 vida \u201cnatural\u201d na cidade de Lisboa, exposi\u00e7\u00e3o que permanece at\u00e9 ao final de Mar\u00e7o de 2019.<\/p>\n<p style=\"text-align: justify;\">Claudio Cardoso atualmente reside em Portugal e est\u00e1 a trabalhar com a sua equipa de produ\u00e7\u00e3o e cria\u00e7\u00e3o, no desenvolvimento de novas exposi\u00e7\u00f5es, a \u00faltima \u201cMovimento\u201d, foi exibida em Lisboa em Julho de 2019.<\/p>\n<hr \/>\n<h3><\/h3>\n<h3><strong>Daniel Ferreira de Souza<\/strong><\/h3>\n<p style=\"text-align: justify;\"><img decoding=\"async\" class=\"wp-image-5348 alignleft\" src=\"https:\/\/arte351.pt\/art\/wp-content\/uploads\/2021\/07\/avatar-daniel-ferreira-de-souza-300x300.jpg\" alt=\"\" width=\"175\" height=\"168\" \/>Daniel Ferreira de Souza nasceu no Rio de Janeiro &#8211; Brasil. Come\u00e7ou a desenhar em 1972 como autodidata. A partir do ano de 1977 frequentou academias de arte e conservat\u00f3rios de m\u00fasica, passando a dedicar-se \u00e0 pintura e \u00e0 m\u00fasica. Durante a d\u00e9cada de 70 participou de sal\u00f5es de arte e come\u00e7ou a exp\u00f4s seus trabalhos comercialmente em galerias de arte. Em 1981 fez sua primeira viagem para It\u00e1lia e durante esse ano frequentou, as aulas de desenho art\u00edstico na Academia de Artes de Brera em Mil\u00e3o e estudou as obras dos mestres da pintura do Renascimento Italiano nos museus de Mil\u00e3o, Roma e Floren\u00e7a. Retornou \u00e0 It\u00e1lia em 1987 e em 1990.<\/p>\n<p style=\"text-align: justify;\">Nessas duas viagens foi para o sul da It\u00e1lia onde teve contato com a pintura italiana do s\u00e9culo XIX (Macchiaioli). Em sua etapa italiana incorporou \u00e0 sua pintura as t\u00e9cnicas apreendidas das obras dos pintores dessa escola de arte. Em 1991 fez uma breve viagem \u00e0 Espanha. Passou tr\u00eas meses em Madri e frequentou assiduamente o Museu do Prado onde realizou diversos estudos em desenho das obras de Vel\u00e1squez e Rubens. Matriculou-se C\u00edrculo de Belas Artes onde praticou e aperfei\u00e7oou sua t\u00e9cnica de modelo vivo. Em 1992 retornou a Madri e passou a viver na cidade pelos quatro anos seguintes. Em Madri aprimorou sua t\u00e9cnica de pintura realista e estudou mais profundamente os elementos est\u00e9ticos das obras de Vel\u00e1squez. Voltou para o Brasil no ano de 1997 e iniciou um per\u00edodo de grande produ\u00e7\u00e3o e experimenta\u00e7\u00f5es art\u00edsticas.<\/p>\n<p style=\"text-align: justify;\">Em 2002 volta-se para o estudo dos recursos digitais. Em 2004 substitui os meios tradicionais da pintura adotando a fotografia digital como suporte para suas obras passando, posteriormente, a unir as duas linguagens em seus trabalhos.. Atualmente vive e trabalha na cidade do Rio de Janeiro. Sua forma\u00e7\u00e3o art\u00edstica inclui curso de desenho na Sociedade Brasileira de Belas Artes (Rio de Janeiro -1977\/1979). Pintura na Escola Nacional de Belas Artes (Rio de Janeiro &#8211; 1979\/1981). Curso de Hist\u00f3ria da Arte no Museu Nacional de Belas Artes (Rio de Janeiro &#8211; 1980) e pr\u00e1tica de modelo vivo no C\u00edrculo de Belas Artes (Madri-Espanha &#8211; 1991\/1994).<\/p>\n<p><img loading=\"lazy\" decoding=\"async\" class=\"aligncenter wp-image-5358 size-large\" src=\"https:\/\/arte351.pt\/art\/wp-content\/uploads\/2021\/07\/daniel-ferreira-de-souza-sonho-1024x789.jpg\" alt=\"\" width=\"697\" height=\"537\" srcset=\"https:\/\/arte351.pt\/art\/wp-content\/uploads\/2021\/07\/daniel-ferreira-de-souza-sonho-1024x789.jpg 1024w, https:\/\/arte351.pt\/art\/wp-content\/uploads\/2021\/07\/daniel-ferreira-de-souza-sonho-300x231.jpg 300w, https:\/\/arte351.pt\/art\/wp-content\/uploads\/2021\/07\/daniel-ferreira-de-souza-sonho-768x592.jpg 768w, https:\/\/arte351.pt\/art\/wp-content\/uploads\/2021\/07\/daniel-ferreira-de-souza-sonho.jpg 1226w\" sizes=\"(max-width: 697px) 100vw, 697px\" \/><\/p>\n<h3>Daniel Ferreira de Souza por Roberto Soares-Gomes.<\/h3>\n<p>Como disse Win Wenders, fotografar &#8220;\u00e9 uma a\u00e7\u00e3o em duas dire\u00e7\u00f5es: para frente e para tr\u00e1s&#8221;.<\/p>\n<p style=\"text-align: justify;\">Einstellung, palavra do vocabul\u00e1rio germ\u00e2nico, significa, segundo ele, tanto a atitude de sintonizar-se com alguma coisa, quanto (por ser um termo da fotografia e do cinema) o enquadramento de uma imagem e a regulagem da c\u00e2mara ao se faz\u00ea-la. Assim, em uma s\u00f3 palavra, condensa-se o princ\u00edpio de que &#8220;cada imagem tem nela refletida a atitude de quem a tirou&#8221;. O Artista Daniel Ferreira de Souza &#8211; aqui em sua mais sintonizada e reveladora concep\u00e7\u00e3o &#8211; vai mais al\u00e9m com suas po\u00e9ticas imagens pois, al\u00e9m de corroborar com as assertivas de Wenders, deixa em suas obras transparente, de forma expl\u00edcita, toda sua incr\u00edvel experi\u00eancia pessoal como dedicado estudioso das artes, pintor de reconhecimento art\u00edstico e t\u00e9cnica apurada insofism\u00e1veis, m\u00e9rito consolidado pela viv\u00eancia de muitos anos na Europa onde cultivou ester its rela\u00e7\u00e3o com as Artes de Espanha e It\u00e1lia.<\/p>\n<p style=\"text-align: justify;\">As obras imag\u00e9ticas de Daniel, elaboradas com t\u00e9cnicas fotogr\u00e1ficas que as aproximam &#8211; e permitem refletir &#8211; os movimentos dos pintores com suas pinceladas sobre a tela (aqui por ele obtidas e replicadas numa profus\u00e3o de &#8220;camadas&#8221;), artisticamente esculpidas, fotograma-a-fotograma, em gestos de sobreposi\u00e7\u00f5es de grande ineditismo criativo e fina sensibilidade art\u00edstica, nos permitem afirmar estarmos perante uma nova e agrad\u00e1vel revela\u00e7\u00e3o: arte conceptiva marcante e extraordin\u00e1ria! O tempo ir\u00e1 confirmar estas palavras e confabular\u00e3o para o reconhecimento deste grande artista que \u00e9 Daniel Ferreira de Souza.<\/p>\n<h3 style=\"text-align: justify;\">&#8220;Portrait in Motion&#8221;.<\/h3>\n<p style=\"text-align: justify;\">A forma de capta\u00e7\u00e3o fotogr\u00e1fica que utilizo denominada \u201cFotografia Pict\u00f3rica\u201d \u00e9 semelhante ao m\u00e9todo para se compor uma pintura. Fot\u00f3grafo o modelo em v\u00e1rias etapas com leituras de diafragma, sensibilidade (iso) e velocidades diferentes para dessa forma obter uma s\u00e9rie de imagens variadas do mesmo modelo. No processo de capta\u00e7\u00e3o dessas imagens procuro desconstruir o m\u00e1ximo poss\u00edvel a imagem atrav\u00e9s de movimentos com a c\u00e2mera, como se estivesse pincelando um quadro, conseguindo desta forma uma grande variedade de efeitos e \u00e2ngulos. O resultado desses registros fotogr\u00e1ficos \u00e9 levado para um programa de edi\u00e7\u00e3o onde come\u00e7o um cuidadoso trabalho de reconstru\u00e7\u00e3o da imagem a partir da sele\u00e7\u00e3o das partes que mais interessam de cada registro fotogr\u00e1fico.<\/p>\n<p style=\"text-align: justify;\">O trabalho de reconstru\u00e7\u00e3o da imagem \u00e9 feito pacientemente atrav\u00e9s da sobreposi\u00e7\u00e3o de camadas transparentes, como veladuras de uma pintura, podendo chegar a mais de cinquenta camadas sobrepostas para cada trabalho. Meu trabalho fotogr\u00e1fico consiste em transportar os procedimentos t\u00e9cnicos que aprendi ao longo dos anos dedicados \u00e0 pintura para a linguagem da fotografia. Todos os efeitos est\u00e9ticos do trabalho, como desfoque, gr\u00e3os e texturas est\u00e3o nas fotografias captadas com a modelo, n\u00e3o sendo utilizado nenhum recurso de plugns ou efeitos de programas digitais. As imagens s\u00e3o puro efeito fotogr\u00e1fico.<\/p>\n<hr \/>\n<p><strong>HABEMUS ARTEM &#8211; Vis\u00f5es do Movimento<\/strong><\/p>\n<p><strong>Cl\u00e1udio Cardoso &#8211; Daniel Ferreira de Souza<\/strong><\/p>\n<p><strong>Patente:<\/strong><\/p>\n<p><span>De 13 de julho a 13 de setembro de 2021.<\/span><\/p>\n<p><strong>Aceda em:<\/strong><\/p>\n<p><span><a href=\"http:\/\/www.arte351.pt\">www.arte351.pt<\/a><\/span><\/p>\n<p><span><a href=\"http:\/\/www.rrodynergallery.com\">www.rrodynergallery.com<\/a><\/span><\/p>\n<p><a href=\"https:\/\/artbook351.pt\/habemus-artem\" target=\"_blank\" rel=\"noopener\"><strong>Exponha sua arte no \u00e2mbito do projeto Habemus Artem, fa\u00e7a o seu registo!<\/strong><\/a><\/p>\n","protected":false},"excerpt":{"rendered":"<p>A imagem \u00e9 uma cria\u00e7\u00e3o \u00f3tica que codifica o que estamos vendo. O movimento \u00e9 um elemento dif\u00edcil de captar com imagens est\u00e1ticas, mas nas m\u00e3os de artistas como Cl\u00e1udio [&hellip;]<\/p>\n","protected":false},"author":34415,"featured_media":5347,"parent":0,"menu_order":0,"comment_status":"closed","ping_status":"closed","template":"","meta":{"_exactmetrics_skip_tracking":false,"_exactmetrics_sitenote_active":false,"_exactmetrics_sitenote_note":"","_exactmetrics_sitenote_category":0,"_uf_show_specific_survey":0,"_uf_disable_surveys":false,"footnotes":""},"class_list":["post-5354","page","type-page","status-publish","has-post-thumbnail","hentry"],"yoast_head":"<!-- This site is optimized with the Yoast SEO plugin v27.3 - https:\/\/yoast.com\/product\/yoast-seo-wordpress\/ -->\n<title>HABEMUS ARTEM \u2013 Vis\u00f5es do Movimento - Arte351 - Art Magazine Portugal<\/title>\n<meta name=\"robots\" content=\"index, follow, max-snippet:-1, max-image-preview:large, max-video-preview:-1\" \/>\n<link rel=\"canonical\" href=\"https:\/\/arte351.pt\/art\/habemus-artem-visoes-do-movimento\/\" \/>\n<meta property=\"og:locale\" content=\"pt_BR\" \/>\n<meta property=\"og:type\" content=\"article\" \/>\n<meta property=\"og:title\" content=\"HABEMUS ARTEM \u2013 Vis\u00f5es do Movimento - Arte351 - Art Magazine Portugal\" \/>\n<meta property=\"og:description\" content=\"A imagem \u00e9 uma cria\u00e7\u00e3o \u00f3tica que codifica o que estamos vendo. O movimento \u00e9 um elemento dif\u00edcil de captar com imagens est\u00e1ticas, mas nas m\u00e3os de artistas como Cl\u00e1udio [&hellip;]\" \/>\n<meta property=\"og:url\" content=\"https:\/\/arte351.pt\/art\/habemus-artem-visoes-do-movimento\/\" \/>\n<meta property=\"og:site_name\" content=\"Arte351 - Art Magazine Portugal\" \/>\n<meta property=\"article:publisher\" content=\"https:\/\/www.facebook.com\/arte351magazine\/\" \/>\n<meta property=\"article:modified_time\" content=\"2021-11-19T14:00:25+00:00\" \/>\n<meta property=\"og:image\" content=\"https:\/\/arte351.pt\/art\/wp-content\/uploads\/2021\/07\/arte351-ha-claudio-daniel001.jpg\" \/>\n\t<meta property=\"og:image:width\" content=\"1200\" \/>\n\t<meta property=\"og:image:height\" content=\"578\" \/>\n\t<meta property=\"og:image:type\" content=\"image\/jpeg\" \/>\n<meta name=\"twitter:label1\" content=\"Est. tempo de leitura\" \/>\n\t<meta name=\"twitter:data1\" content=\"8 minutos\" \/>\n<script type=\"application\/ld+json\" class=\"yoast-schema-graph\">{\"@context\":\"https:\\\/\\\/schema.org\",\"@graph\":[{\"@type\":\"WebPage\",\"@id\":\"https:\\\/\\\/arte351.pt\\\/art\\\/habemus-artem-visoes-do-movimento\\\/\",\"url\":\"https:\\\/\\\/arte351.pt\\\/art\\\/habemus-artem-visoes-do-movimento\\\/\",\"name\":\"HABEMUS ARTEM \u2013 Vis\u00f5es do Movimento - Arte351 - Art Magazine Portugal\",\"isPartOf\":{\"@id\":\"https:\\\/\\\/arte351.pt\\\/art\\\/#website\"},\"primaryImageOfPage\":{\"@id\":\"https:\\\/\\\/arte351.pt\\\/art\\\/habemus-artem-visoes-do-movimento\\\/#primaryimage\"},\"image\":{\"@id\":\"https:\\\/\\\/arte351.pt\\\/art\\\/habemus-artem-visoes-do-movimento\\\/#primaryimage\"},\"thumbnailUrl\":\"https:\\\/\\\/arte351.pt\\\/art\\\/wp-content\\\/uploads\\\/2021\\\/07\\\/arte351-ha-claudio-daniel001.jpg\",\"datePublished\":\"2021-07-13T16:29:39+00:00\",\"dateModified\":\"2021-11-19T14:00:25+00:00\",\"breadcrumb\":{\"@id\":\"https:\\\/\\\/arte351.pt\\\/art\\\/habemus-artem-visoes-do-movimento\\\/#breadcrumb\"},\"inLanguage\":\"pt-BR\",\"potentialAction\":[{\"@type\":\"ReadAction\",\"target\":[\"https:\\\/\\\/arte351.pt\\\/art\\\/habemus-artem-visoes-do-movimento\\\/\"]}]},{\"@type\":\"ImageObject\",\"inLanguage\":\"pt-BR\",\"@id\":\"https:\\\/\\\/arte351.pt\\\/art\\\/habemus-artem-visoes-do-movimento\\\/#primaryimage\",\"url\":\"https:\\\/\\\/arte351.pt\\\/art\\\/wp-content\\\/uploads\\\/2021\\\/07\\\/arte351-ha-claudio-daniel001.jpg\",\"contentUrl\":\"https:\\\/\\\/arte351.pt\\\/art\\\/wp-content\\\/uploads\\\/2021\\\/07\\\/arte351-ha-claudio-daniel001.jpg\",\"width\":1200,\"height\":578},{\"@type\":\"BreadcrumbList\",\"@id\":\"https:\\\/\\\/arte351.pt\\\/art\\\/habemus-artem-visoes-do-movimento\\\/#breadcrumb\",\"itemListElement\":[{\"@type\":\"ListItem\",\"position\":1,\"name\":\"In\u00edcio\",\"item\":\"https:\\\/\\\/arte351.pt\\\/art\\\/\"},{\"@type\":\"ListItem\",\"position\":2,\"name\":\"HABEMUS ARTEM \u2013 Vis\u00f5es do Movimento\"}]},{\"@type\":\"WebSite\",\"@id\":\"https:\\\/\\\/arte351.pt\\\/art\\\/#website\",\"url\":\"https:\\\/\\\/arte351.pt\\\/art\\\/\",\"name\":\"Arte351 - Art Magazine Portugal\",\"description\":\"\",\"publisher\":{\"@id\":\"https:\\\/\\\/arte351.pt\\\/art\\\/#organization\"},\"potentialAction\":[{\"@type\":\"SearchAction\",\"target\":{\"@type\":\"EntryPoint\",\"urlTemplate\":\"https:\\\/\\\/arte351.pt\\\/art\\\/?s={search_term_string}\"},\"query-input\":{\"@type\":\"PropertyValueSpecification\",\"valueRequired\":true,\"valueName\":\"search_term_string\"}}],\"inLanguage\":\"pt-BR\"},{\"@type\":\"Organization\",\"@id\":\"https:\\\/\\\/arte351.pt\\\/art\\\/#organization\",\"name\":\"Arte351 - Art Magazine Portugal\",\"url\":\"https:\\\/\\\/arte351.pt\\\/art\\\/\",\"logo\":{\"@type\":\"ImageObject\",\"inLanguage\":\"pt-BR\",\"@id\":\"https:\\\/\\\/arte351.pt\\\/art\\\/#\\\/schema\\\/logo\\\/image\\\/\",\"url\":\"https:\\\/\\\/arte351.pt\\\/art\\\/wp-content\\\/uploads\\\/2020\\\/03\\\/cropped-logo-arte351-color.png\",\"contentUrl\":\"https:\\\/\\\/arte351.pt\\\/art\\\/wp-content\\\/uploads\\\/2020\\\/03\\\/cropped-logo-arte351-color.png\",\"width\":514,\"height\":200,\"caption\":\"Arte351 - Art Magazine Portugal\"},\"image\":{\"@id\":\"https:\\\/\\\/arte351.pt\\\/art\\\/#\\\/schema\\\/logo\\\/image\\\/\"},\"sameAs\":[\"https:\\\/\\\/www.facebook.com\\\/arte351magazine\\\/\"]}]}<\/script>\n<!-- \/ Yoast SEO plugin. -->","yoast_head_json":{"title":"HABEMUS ARTEM \u2013 Vis\u00f5es do Movimento - Arte351 - Art Magazine Portugal","robots":{"index":"index","follow":"follow","max-snippet":"max-snippet:-1","max-image-preview":"max-image-preview:large","max-video-preview":"max-video-preview:-1"},"canonical":"https:\/\/arte351.pt\/art\/habemus-artem-visoes-do-movimento\/","og_locale":"pt_BR","og_type":"article","og_title":"HABEMUS ARTEM \u2013 Vis\u00f5es do Movimento - Arte351 - Art Magazine Portugal","og_description":"A imagem \u00e9 uma cria\u00e7\u00e3o \u00f3tica que codifica o que estamos vendo. O movimento \u00e9 um elemento dif\u00edcil de captar com imagens est\u00e1ticas, mas nas m\u00e3os de artistas como Cl\u00e1udio [&hellip;]","og_url":"https:\/\/arte351.pt\/art\/habemus-artem-visoes-do-movimento\/","og_site_name":"Arte351 - Art Magazine Portugal","article_publisher":"https:\/\/www.facebook.com\/arte351magazine\/","article_modified_time":"2021-11-19T14:00:25+00:00","og_image":[{"width":1200,"height":578,"url":"https:\/\/arte351.pt\/art\/wp-content\/uploads\/2021\/07\/arte351-ha-claudio-daniel001.jpg","type":"image\/jpeg"}],"twitter_misc":{"Est. tempo de leitura":"8 minutos"},"schema":{"@context":"https:\/\/schema.org","@graph":[{"@type":"WebPage","@id":"https:\/\/arte351.pt\/art\/habemus-artem-visoes-do-movimento\/","url":"https:\/\/arte351.pt\/art\/habemus-artem-visoes-do-movimento\/","name":"HABEMUS ARTEM \u2013 Vis\u00f5es do Movimento - Arte351 - Art Magazine Portugal","isPartOf":{"@id":"https:\/\/arte351.pt\/art\/#website"},"primaryImageOfPage":{"@id":"https:\/\/arte351.pt\/art\/habemus-artem-visoes-do-movimento\/#primaryimage"},"image":{"@id":"https:\/\/arte351.pt\/art\/habemus-artem-visoes-do-movimento\/#primaryimage"},"thumbnailUrl":"https:\/\/arte351.pt\/art\/wp-content\/uploads\/2021\/07\/arte351-ha-claudio-daniel001.jpg","datePublished":"2021-07-13T16:29:39+00:00","dateModified":"2021-11-19T14:00:25+00:00","breadcrumb":{"@id":"https:\/\/arte351.pt\/art\/habemus-artem-visoes-do-movimento\/#breadcrumb"},"inLanguage":"pt-BR","potentialAction":[{"@type":"ReadAction","target":["https:\/\/arte351.pt\/art\/habemus-artem-visoes-do-movimento\/"]}]},{"@type":"ImageObject","inLanguage":"pt-BR","@id":"https:\/\/arte351.pt\/art\/habemus-artem-visoes-do-movimento\/#primaryimage","url":"https:\/\/arte351.pt\/art\/wp-content\/uploads\/2021\/07\/arte351-ha-claudio-daniel001.jpg","contentUrl":"https:\/\/arte351.pt\/art\/wp-content\/uploads\/2021\/07\/arte351-ha-claudio-daniel001.jpg","width":1200,"height":578},{"@type":"BreadcrumbList","@id":"https:\/\/arte351.pt\/art\/habemus-artem-visoes-do-movimento\/#breadcrumb","itemListElement":[{"@type":"ListItem","position":1,"name":"In\u00edcio","item":"https:\/\/arte351.pt\/art\/"},{"@type":"ListItem","position":2,"name":"HABEMUS ARTEM \u2013 Vis\u00f5es do Movimento"}]},{"@type":"WebSite","@id":"https:\/\/arte351.pt\/art\/#website","url":"https:\/\/arte351.pt\/art\/","name":"Arte351 - Art Magazine Portugal","description":"","publisher":{"@id":"https:\/\/arte351.pt\/art\/#organization"},"potentialAction":[{"@type":"SearchAction","target":{"@type":"EntryPoint","urlTemplate":"https:\/\/arte351.pt\/art\/?s={search_term_string}"},"query-input":{"@type":"PropertyValueSpecification","valueRequired":true,"valueName":"search_term_string"}}],"inLanguage":"pt-BR"},{"@type":"Organization","@id":"https:\/\/arte351.pt\/art\/#organization","name":"Arte351 - Art Magazine Portugal","url":"https:\/\/arte351.pt\/art\/","logo":{"@type":"ImageObject","inLanguage":"pt-BR","@id":"https:\/\/arte351.pt\/art\/#\/schema\/logo\/image\/","url":"https:\/\/arte351.pt\/art\/wp-content\/uploads\/2020\/03\/cropped-logo-arte351-color.png","contentUrl":"https:\/\/arte351.pt\/art\/wp-content\/uploads\/2020\/03\/cropped-logo-arte351-color.png","width":514,"height":200,"caption":"Arte351 - Art Magazine Portugal"},"image":{"@id":"https:\/\/arte351.pt\/art\/#\/schema\/logo\/image\/"},"sameAs":["https:\/\/www.facebook.com\/arte351magazine\/"]}]}},"_links":{"self":[{"href":"https:\/\/arte351.pt\/art\/wp-json\/wp\/v2\/pages\/5354","targetHints":{"allow":["GET"]}}],"collection":[{"href":"https:\/\/arte351.pt\/art\/wp-json\/wp\/v2\/pages"}],"about":[{"href":"https:\/\/arte351.pt\/art\/wp-json\/wp\/v2\/types\/page"}],"author":[{"embeddable":true,"href":"https:\/\/arte351.pt\/art\/wp-json\/wp\/v2\/users\/34415"}],"replies":[{"embeddable":true,"href":"https:\/\/arte351.pt\/art\/wp-json\/wp\/v2\/comments?post=5354"}],"version-history":[{"count":5,"href":"https:\/\/arte351.pt\/art\/wp-json\/wp\/v2\/pages\/5354\/revisions"}],"predecessor-version":[{"id":5966,"href":"https:\/\/arte351.pt\/art\/wp-json\/wp\/v2\/pages\/5354\/revisions\/5966"}],"wp:featuredmedia":[{"embeddable":true,"href":"https:\/\/arte351.pt\/art\/wp-json\/wp\/v2\/media\/5347"}],"wp:attachment":[{"href":"https:\/\/arte351.pt\/art\/wp-json\/wp\/v2\/media?parent=5354"}],"curies":[{"name":"wp","href":"https:\/\/api.w.org\/{rel}","templated":true}]}}