{"id":59,"date":"2015-12-26T19:49:21","date_gmt":"2015-12-26T19:49:21","guid":{"rendered":"http:\/\/blupdigital.tempsite.ws\/art\/?page_id=59"},"modified":"2023-09-03T16:11:15","modified_gmt":"2023-09-03T16:11:15","slug":"contacto","status":"publish","type":"page","link":"https:\/\/arte351.pt\/art\/contacto\/","title":{"rendered":"CONTACTO"},"content":{"rendered":"<p><img fetchpriority=\"high\" decoding=\"async\" class=\"wp-image-2706 alignnone\" src=\"https:\/\/arte351.pt\/art\/wp-content\/uploads\/2019\/06\/0.jpg\" alt=\"\" width=\"694\" height=\"353\" srcset=\"https:\/\/arte351.pt\/art\/wp-content\/uploads\/2019\/06\/0.jpg 1200w, https:\/\/arte351.pt\/art\/wp-content\/uploads\/2019\/06\/0-300x153.jpg 300w, https:\/\/arte351.pt\/art\/wp-content\/uploads\/2019\/06\/0-768x390.jpg 768w, https:\/\/arte351.pt\/art\/wp-content\/uploads\/2019\/06\/0-1024x521.jpg 1024w\" sizes=\"(max-width: 694px) 100vw, 694px\" \/><\/p>\n<p><span>Bem-vindo(ae) \u00e0 nossa p\u00e1gina de contacto! <\/span><\/p>\n<p><span>Estamos sempre felizes em ouvir dos nossos leitores e apoiadores da Arte 351. <\/span><\/p>\n<p><span>Se voc\u00ea gostaria de entrar em contato conosco, basta enviar um e-mail para <a href=\"mailto:infoarte351@gmail.com\">infoarte351@gmail.com<\/a> ou <a href=\"mailto:contacto@arte351.pt\">contacto@arte351.pt<\/a> e n\u00f3s responderemos o mais breve poss\u00edvel. <\/span><\/p>\n<p><span>Al\u00e9m disso, se voc\u00ea tem not\u00edcias sobre eventos culturais ou exposi\u00e7\u00f5es de arte com entrada gratuita, n\u00f3s incentivamos a partilh\u00e1-los conosco para que possamos divulg\u00e1-los em nossa plataforma. Ajudamos a apoiar, divulgar e fomentar a produ\u00e7\u00e3o art\u00edstica e a arte na Comunidade dos Pa\u00edses de L\u00edngua Portuguesa. <\/span><\/p>\n<p><span>Obrigado por ser parte da nossa comunidade art\u00edstica!<\/span><\/p>\n<p>ARTE351 &#8211; Contacto: <a href=\"mailto:infoarte351@gmail.com\">infoarte351@gmail.com<\/a>\u00a0ou <a href=\"mailto:contacto@arte351.pt\">contacto@arte351.pt<\/a><\/p>\n","protected":false},"excerpt":{"rendered":"<p>Bem-vindo(ae) \u00e0 nossa p\u00e1gina de contacto! Estamos sempre felizes em ouvir dos nossos leitores e apoiadores da Arte 351. Se voc\u00ea gostaria de entrar em contato conosco, basta enviar um [&hellip;]<\/p>\n","protected":false},"author":34415,"featured_media":0,"parent":0,"menu_order":0,"comment_status":"closed","ping_status":"closed","template":"","meta":{"_exactmetrics_skip_tracking":false,"_exactmetrics_sitenote_active":false,"_exactmetrics_sitenote_note":"","_exactmetrics_sitenote_category":0,"_uf_show_specific_survey":0,"_uf_disable_surveys":false,"footnotes":""},"class_list":["post-59","page","type-page","status-publish","hentry"],"yoast_head":"<!-- This site is optimized with the Yoast SEO plugin v27.3 - https:\/\/yoast.com\/product\/yoast-seo-wordpress\/ -->\n<title>CONTACTO - Arte351 - Art Magazine Portugal<\/title>\n<meta name=\"description\" content=\"Contacte-nos e deixe-nos todas as suas quest\u00f5es e mensagens. Ficamos a aguardar o seu contacto. Arte 351 - Art Magazine Portugal\" \/>\n<meta name=\"robots\" content=\"index, follow, max-snippet:-1, max-image-preview:large, max-video-preview:-1\" \/>\n<link rel=\"canonical\" href=\"https:\/\/arte351.pt\/art\/contacto\/\" \/>\n<meta property=\"og:locale\" content=\"pt_BR\" \/>\n<meta property=\"og:type\" content=\"article\" \/>\n<meta property=\"og:title\" content=\"CONTACTO - Arte351 - Art Magazine Portugal\" \/>\n<meta property=\"og:description\" content=\"Contacte-nos e deixe-nos todas as suas quest\u00f5es e mensagens. Ficamos a aguardar o seu contacto. Arte 351 - Art Magazine Portugal\" \/>\n<meta property=\"og:url\" content=\"https:\/\/arte351.pt\/art\/contacto\/\" \/>\n<meta property=\"og:site_name\" content=\"Arte351 - Art Magazine Portugal\" \/>\n<meta property=\"article:publisher\" content=\"https:\/\/www.facebook.com\/arte351magazine\/\" \/>\n<meta property=\"article:modified_time\" content=\"2023-09-03T16:11:15+00:00\" \/>\n<meta property=\"og:image\" content=\"https:\/\/arte351.pt\/art\/wp-content\/uploads\/2019\/06\/0.jpg\" \/>\n<meta name=\"twitter:label1\" content=\"Est. tempo de leitura\" \/>\n\t<meta name=\"twitter:data1\" content=\"1 minuto\" \/>\n<script type=\"application\/ld+json\" class=\"yoast-schema-graph\">{\"@context\":\"https:\\\/\\\/schema.org\",\"@graph\":[{\"@type\":\"WebPage\",\"@id\":\"https:\\\/\\\/arte351.pt\\\/art\\\/contacto\\\/\",\"url\":\"https:\\\/\\\/arte351.pt\\\/art\\\/contacto\\\/\",\"name\":\"CONTACTO - Arte351 - Art Magazine Portugal\",\"isPartOf\":{\"@id\":\"https:\\\/\\\/arte351.pt\\\/art\\\/#website\"},\"primaryImageOfPage\":{\"@id\":\"https:\\\/\\\/arte351.pt\\\/art\\\/contacto\\\/#primaryimage\"},\"image\":{\"@id\":\"https:\\\/\\\/arte351.pt\\\/art\\\/contacto\\\/#primaryimage\"},\"thumbnailUrl\":\"https:\\\/\\\/arte351.pt\\\/art\\\/wp-content\\\/uploads\\\/2019\\\/06\\\/0.jpg\",\"datePublished\":\"2015-12-26T19:49:21+00:00\",\"dateModified\":\"2023-09-03T16:11:15+00:00\",\"description\":\"Contacte-nos e deixe-nos todas as suas quest\u00f5es e mensagens. Ficamos a aguardar o seu contacto. Arte 351 - Art Magazine Portugal\",\"breadcrumb\":{\"@id\":\"https:\\\/\\\/arte351.pt\\\/art\\\/contacto\\\/#breadcrumb\"},\"inLanguage\":\"pt-BR\",\"potentialAction\":[{\"@type\":\"ReadAction\",\"target\":[\"https:\\\/\\\/arte351.pt\\\/art\\\/contacto\\\/\"]}]},{\"@type\":\"ImageObject\",\"inLanguage\":\"pt-BR\",\"@id\":\"https:\\\/\\\/arte351.pt\\\/art\\\/contacto\\\/#primaryimage\",\"url\":\"https:\\\/\\\/arte351.pt\\\/art\\\/wp-content\\\/uploads\\\/2019\\\/06\\\/0.jpg\",\"contentUrl\":\"https:\\\/\\\/arte351.pt\\\/art\\\/wp-content\\\/uploads\\\/2019\\\/06\\\/0.jpg\",\"width\":1200,\"height\":610},{\"@type\":\"BreadcrumbList\",\"@id\":\"https:\\\/\\\/arte351.pt\\\/art\\\/contacto\\\/#breadcrumb\",\"itemListElement\":[{\"@type\":\"ListItem\",\"position\":1,\"name\":\"In\u00edcio\",\"item\":\"https:\\\/\\\/arte351.pt\\\/art\\\/\"},{\"@type\":\"ListItem\",\"position\":2,\"name\":\"CONTACTO\"}]},{\"@type\":\"WebSite\",\"@id\":\"https:\\\/\\\/arte351.pt\\\/art\\\/#website\",\"url\":\"https:\\\/\\\/arte351.pt\\\/art\\\/\",\"name\":\"Arte351 - Art Magazine Portugal\",\"description\":\"\",\"publisher\":{\"@id\":\"https:\\\/\\\/arte351.pt\\\/art\\\/#organization\"},\"potentialAction\":[{\"@type\":\"SearchAction\",\"target\":{\"@type\":\"EntryPoint\",\"urlTemplate\":\"https:\\\/\\\/arte351.pt\\\/art\\\/?s={search_term_string}\"},\"query-input\":{\"@type\":\"PropertyValueSpecification\",\"valueRequired\":true,\"valueName\":\"search_term_string\"}}],\"inLanguage\":\"pt-BR\"},{\"@type\":\"Organization\",\"@id\":\"https:\\\/\\\/arte351.pt\\\/art\\\/#organization\",\"name\":\"Arte351 - Art Magazine Portugal\",\"url\":\"https:\\\/\\\/arte351.pt\\\/art\\\/\",\"logo\":{\"@type\":\"ImageObject\",\"inLanguage\":\"pt-BR\",\"@id\":\"https:\\\/\\\/arte351.pt\\\/art\\\/#\\\/schema\\\/logo\\\/image\\\/\",\"url\":\"https:\\\/\\\/arte351.pt\\\/art\\\/wp-content\\\/uploads\\\/2020\\\/03\\\/cropped-logo-arte351-color.png\",\"contentUrl\":\"https:\\\/\\\/arte351.pt\\\/art\\\/wp-content\\\/uploads\\\/2020\\\/03\\\/cropped-logo-arte351-color.png\",\"width\":514,\"height\":200,\"caption\":\"Arte351 - Art Magazine Portugal\"},\"image\":{\"@id\":\"https:\\\/\\\/arte351.pt\\\/art\\\/#\\\/schema\\\/logo\\\/image\\\/\"},\"sameAs\":[\"https:\\\/\\\/www.facebook.com\\\/arte351magazine\\\/\"]}]}<\/script>\n<!-- \/ Yoast SEO plugin. -->","yoast_head_json":{"title":"CONTACTO - Arte351 - Art Magazine Portugal","description":"Contacte-nos e deixe-nos todas as suas quest\u00f5es e mensagens. Ficamos a aguardar o seu contacto. Arte 351 - Art Magazine Portugal","robots":{"index":"index","follow":"follow","max-snippet":"max-snippet:-1","max-image-preview":"max-image-preview:large","max-video-preview":"max-video-preview:-1"},"canonical":"https:\/\/arte351.pt\/art\/contacto\/","og_locale":"pt_BR","og_type":"article","og_title":"CONTACTO - Arte351 - Art Magazine Portugal","og_description":"Contacte-nos e deixe-nos todas as suas quest\u00f5es e mensagens. Ficamos a aguardar o seu contacto. Arte 351 - Art Magazine Portugal","og_url":"https:\/\/arte351.pt\/art\/contacto\/","og_site_name":"Arte351 - Art Magazine Portugal","article_publisher":"https:\/\/www.facebook.com\/arte351magazine\/","article_modified_time":"2023-09-03T16:11:15+00:00","og_image":[{"url":"https:\/\/arte351.pt\/art\/wp-content\/uploads\/2019\/06\/0.jpg","type":"","width":"","height":""}],"twitter_misc":{"Est. tempo de leitura":"1 minuto"},"schema":{"@context":"https:\/\/schema.org","@graph":[{"@type":"WebPage","@id":"https:\/\/arte351.pt\/art\/contacto\/","url":"https:\/\/arte351.pt\/art\/contacto\/","name":"CONTACTO - Arte351 - Art Magazine Portugal","isPartOf":{"@id":"https:\/\/arte351.pt\/art\/#website"},"primaryImageOfPage":{"@id":"https:\/\/arte351.pt\/art\/contacto\/#primaryimage"},"image":{"@id":"https:\/\/arte351.pt\/art\/contacto\/#primaryimage"},"thumbnailUrl":"https:\/\/arte351.pt\/art\/wp-content\/uploads\/2019\/06\/0.jpg","datePublished":"2015-12-26T19:49:21+00:00","dateModified":"2023-09-03T16:11:15+00:00","description":"Contacte-nos e deixe-nos todas as suas quest\u00f5es e mensagens. Ficamos a aguardar o seu contacto. Arte 351 - Art Magazine Portugal","breadcrumb":{"@id":"https:\/\/arte351.pt\/art\/contacto\/#breadcrumb"},"inLanguage":"pt-BR","potentialAction":[{"@type":"ReadAction","target":["https:\/\/arte351.pt\/art\/contacto\/"]}]},{"@type":"ImageObject","inLanguage":"pt-BR","@id":"https:\/\/arte351.pt\/art\/contacto\/#primaryimage","url":"https:\/\/arte351.pt\/art\/wp-content\/uploads\/2019\/06\/0.jpg","contentUrl":"https:\/\/arte351.pt\/art\/wp-content\/uploads\/2019\/06\/0.jpg","width":1200,"height":610},{"@type":"BreadcrumbList","@id":"https:\/\/arte351.pt\/art\/contacto\/#breadcrumb","itemListElement":[{"@type":"ListItem","position":1,"name":"In\u00edcio","item":"https:\/\/arte351.pt\/art\/"},{"@type":"ListItem","position":2,"name":"CONTACTO"}]},{"@type":"WebSite","@id":"https:\/\/arte351.pt\/art\/#website","url":"https:\/\/arte351.pt\/art\/","name":"Arte351 - Art Magazine Portugal","description":"","publisher":{"@id":"https:\/\/arte351.pt\/art\/#organization"},"potentialAction":[{"@type":"SearchAction","target":{"@type":"EntryPoint","urlTemplate":"https:\/\/arte351.pt\/art\/?s={search_term_string}"},"query-input":{"@type":"PropertyValueSpecification","valueRequired":true,"valueName":"search_term_string"}}],"inLanguage":"pt-BR"},{"@type":"Organization","@id":"https:\/\/arte351.pt\/art\/#organization","name":"Arte351 - Art Magazine Portugal","url":"https:\/\/arte351.pt\/art\/","logo":{"@type":"ImageObject","inLanguage":"pt-BR","@id":"https:\/\/arte351.pt\/art\/#\/schema\/logo\/image\/","url":"https:\/\/arte351.pt\/art\/wp-content\/uploads\/2020\/03\/cropped-logo-arte351-color.png","contentUrl":"https:\/\/arte351.pt\/art\/wp-content\/uploads\/2020\/03\/cropped-logo-arte351-color.png","width":514,"height":200,"caption":"Arte351 - Art Magazine Portugal"},"image":{"@id":"https:\/\/arte351.pt\/art\/#\/schema\/logo\/image\/"},"sameAs":["https:\/\/www.facebook.com\/arte351magazine\/"]}]}},"_links":{"self":[{"href":"https:\/\/arte351.pt\/art\/wp-json\/wp\/v2\/pages\/59","targetHints":{"allow":["GET"]}}],"collection":[{"href":"https:\/\/arte351.pt\/art\/wp-json\/wp\/v2\/pages"}],"about":[{"href":"https:\/\/arte351.pt\/art\/wp-json\/wp\/v2\/types\/page"}],"author":[{"embeddable":true,"href":"https:\/\/arte351.pt\/art\/wp-json\/wp\/v2\/users\/34415"}],"replies":[{"embeddable":true,"href":"https:\/\/arte351.pt\/art\/wp-json\/wp\/v2\/comments?post=59"}],"version-history":[{"count":18,"href":"https:\/\/arte351.pt\/art\/wp-json\/wp\/v2\/pages\/59\/revisions"}],"predecessor-version":[{"id":8071,"href":"https:\/\/arte351.pt\/art\/wp-json\/wp\/v2\/pages\/59\/revisions\/8071"}],"wp:attachment":[{"href":"https:\/\/arte351.pt\/art\/wp-json\/wp\/v2\/media?parent=59"}],"curies":[{"name":"wp","href":"https:\/\/api.w.org\/{rel}","templated":true}]}}