{"id":6223,"date":"2021-12-20T18:01:19","date_gmt":"2021-12-20T18:01:19","guid":{"rendered":"https:\/\/arte351.pt\/art\/?page_id=6223"},"modified":"2021-12-20T18:01:21","modified_gmt":"2021-12-20T18:01:21","slug":"habemus-artem-fragmentos-de-temas","status":"publish","type":"page","link":"https:\/\/arte351.pt\/art\/habemus-artem-fragmentos-de-temas\/","title":{"rendered":"HABEMUS ARTEM &#8211; Fragmentos de Temas"},"content":{"rendered":"<p><img fetchpriority=\"high\" decoding=\"async\" class=\"alignnone size-full wp-image-6224\" src=\"https:\/\/arte351.pt\/art\/wp-content\/uploads\/2021\/12\/banner-face-1.jpg\" alt=\"\" width=\"851\" height=\"315\" srcset=\"https:\/\/arte351.pt\/art\/wp-content\/uploads\/2021\/12\/banner-face-1.jpg 851w, https:\/\/arte351.pt\/art\/wp-content\/uploads\/2021\/12\/banner-face-1-300x111.jpg 300w, https:\/\/arte351.pt\/art\/wp-content\/uploads\/2021\/12\/banner-face-1-768x284.jpg 768w\" sizes=\"(max-width: 851px) 100vw, 851px\" \/><\/p>\n<p>Fragmentos de Temas \u00e9 uma exposi\u00e7\u00e3o anual realizada pela Rodyner Gallery e chega a sua 5\u00aa edi\u00e7\u00e3o coletiva natal\u00edcia com novidade. Este ano, para al\u00e9m da habitual e deslumbrante exposi\u00e7\u00e3o no interior do Palacete da Casa da Guia, os artistas t\u00eam suas obras expostas com alcance mundial, por meio do projecto Habemus Artem &#8211; Exposi\u00e7\u00f5es virtuais.<\/p>\n<p>Doze artistas participam, desta 5\u00aa edi\u00e7\u00e3o, com trabalhos de pintura e escultura que conectam o imagin\u00e1rio coletivo e subjetivo em cada cria\u00e7\u00e3o tem\u00e1tica: Almir Reis, <a href=\"https:\/\/arte351.pt\/art\/habemus-artem-visoes-do-movimento\/\" target=\"_blank\" rel=\"noopener\">Claudio Cardoso<\/a>, Deise Dias, Felipe Assuf, Jos\u00e9 Henrique Prado, Kamy Martins, Marco Estrella, <a href=\"https:\/\/arte351.pt\/art\/habemus-artem-collective-exhibition\/\" target=\"_blank\" rel=\"noopener\">Marco Monteiro<\/a>, Maria Luisa Horta, Maria Oliveira Reis, <a href=\"https:\/\/arte351.pt\/art\/habemus-artem-renato-rodyner\/\" target=\"_blank\" rel=\"noopener\">Renato Rodyner<\/a> e <a href=\"https:\/\/arte351.pt\/art\/habemus-artem-rosa-areias\/\" target=\"_blank\" rel=\"noopener\">Rosa Areias<\/a>.<\/p>\n<p>Confira esta exposi\u00e7\u00e3o, que fica patente at\u00e9 31 de janeiro de 2022, aqui neste espa\u00e7o, presencialmente em Cascais e tamb\u00e9m no site <a href=\"http:\/\/www.rrodynergallery.com\" target=\"_blank\" rel=\"noopener\">Rodyner Gallery<\/a>.<\/p>\n<p><!--begin kunstmatrix--> <iframe allowfullscreen=\"true\" frameborder=\"0\" scrolling=\"no\" src=\"https:\/\/art.kunstmatrix.com\/apps\/artspaces\/?external=true&amp;splashscreen=true&amp;language=en&amp;uid=19224&amp;exhibition=8904636\" width=\"100%\" height=\"600\"><\/iframe><!--end kunstmatrix--><\/p>\n<h3>Fragmentos de Temas<\/h3>\n<p>Inaugura\u00e7\u00e3o: 20 de dezembro de 2021, \u00e0s 19h<\/p>\n<p>De 20 de dezembro de 2021 a 31 de janeiro de 2022<\/p>\n<p>Rodyner Gallery &#8211; Avenida Nossa Senhora 101 &#8211; Casa da Guia, Cascais &#8211; PT<\/p>\n<p>Entrada Livre<\/p>\n","protected":false},"excerpt":{"rendered":"<p>Fragmentos de Temas \u00e9 uma exposi\u00e7\u00e3o anual realizada pela Rodyner Gallery e chega a sua 5\u00aa edi\u00e7\u00e3o coletiva natal\u00edcia com novidade. Este ano, para al\u00e9m da habitual e deslumbrante exposi\u00e7\u00e3o [&hellip;]<\/p>\n","protected":false},"author":3,"featured_media":0,"parent":0,"menu_order":0,"comment_status":"closed","ping_status":"closed","template":"","meta":{"_exactmetrics_skip_tracking":false,"_exactmetrics_sitenote_active":false,"_exactmetrics_sitenote_note":"","_exactmetrics_sitenote_category":0,"_uf_show_specific_survey":0,"_uf_disable_surveys":false,"footnotes":""},"class_list":["post-6223","page","type-page","status-publish","hentry"],"yoast_head":"<!-- This site is optimized with the Yoast SEO plugin v27.3 - https:\/\/yoast.com\/product\/yoast-seo-wordpress\/ -->\n<title>HABEMUS ARTEM - Fragmentos de Temas<\/title>\n<meta name=\"robots\" content=\"index, follow, max-snippet:-1, max-image-preview:large, max-video-preview:-1\" \/>\n<link rel=\"canonical\" href=\"https:\/\/arte351.pt\/art\/habemus-artem-fragmentos-de-temas\/\" \/>\n<meta property=\"og:locale\" content=\"pt_BR\" \/>\n<meta property=\"og:type\" content=\"article\" \/>\n<meta property=\"og:title\" content=\"HABEMUS ARTEM - Fragmentos de Temas\" \/>\n<meta property=\"og:description\" content=\"Fragmentos de Temas \u00e9 uma exposi\u00e7\u00e3o anual realizada pela Rodyner Gallery e chega a sua 5\u00aa edi\u00e7\u00e3o coletiva natal\u00edcia com novidade. Este ano, para al\u00e9m da habitual e deslumbrante exposi\u00e7\u00e3o [&hellip;]\" \/>\n<meta property=\"og:url\" content=\"https:\/\/arte351.pt\/art\/habemus-artem-fragmentos-de-temas\/\" \/>\n<meta property=\"og:site_name\" content=\"Arte351 - Art Magazine Portugal\" \/>\n<meta property=\"article:publisher\" content=\"https:\/\/www.facebook.com\/arte351magazine\/\" \/>\n<meta property=\"article:modified_time\" content=\"2021-12-20T18:01:21+00:00\" \/>\n<meta property=\"og:image\" content=\"https:\/\/arte351.pt\/art\/wp-content\/uploads\/2021\/12\/banner-face-1.jpg\" \/>\n<meta name=\"twitter:label1\" content=\"Est. tempo de leitura\" \/>\n\t<meta name=\"twitter:data1\" content=\"1 minuto\" \/>\n<script type=\"application\/ld+json\" class=\"yoast-schema-graph\">{\"@context\":\"https:\\\/\\\/schema.org\",\"@graph\":[{\"@type\":\"WebPage\",\"@id\":\"https:\\\/\\\/arte351.pt\\\/art\\\/habemus-artem-fragmentos-de-temas\\\/\",\"url\":\"https:\\\/\\\/arte351.pt\\\/art\\\/habemus-artem-fragmentos-de-temas\\\/\",\"name\":\"HABEMUS ARTEM - Fragmentos de Temas\",\"isPartOf\":{\"@id\":\"https:\\\/\\\/arte351.pt\\\/art\\\/#website\"},\"primaryImageOfPage\":{\"@id\":\"https:\\\/\\\/arte351.pt\\\/art\\\/habemus-artem-fragmentos-de-temas\\\/#primaryimage\"},\"image\":{\"@id\":\"https:\\\/\\\/arte351.pt\\\/art\\\/habemus-artem-fragmentos-de-temas\\\/#primaryimage\"},\"thumbnailUrl\":\"https:\\\/\\\/arte351.pt\\\/art\\\/wp-content\\\/uploads\\\/2021\\\/12\\\/banner-face-1.jpg\",\"datePublished\":\"2021-12-20T18:01:19+00:00\",\"dateModified\":\"2021-12-20T18:01:21+00:00\",\"breadcrumb\":{\"@id\":\"https:\\\/\\\/arte351.pt\\\/art\\\/habemus-artem-fragmentos-de-temas\\\/#breadcrumb\"},\"inLanguage\":\"pt-BR\",\"potentialAction\":[{\"@type\":\"ReadAction\",\"target\":[\"https:\\\/\\\/arte351.pt\\\/art\\\/habemus-artem-fragmentos-de-temas\\\/\"]}]},{\"@type\":\"ImageObject\",\"inLanguage\":\"pt-BR\",\"@id\":\"https:\\\/\\\/arte351.pt\\\/art\\\/habemus-artem-fragmentos-de-temas\\\/#primaryimage\",\"url\":\"https:\\\/\\\/arte351.pt\\\/art\\\/wp-content\\\/uploads\\\/2021\\\/12\\\/banner-face-1.jpg\",\"contentUrl\":\"https:\\\/\\\/arte351.pt\\\/art\\\/wp-content\\\/uploads\\\/2021\\\/12\\\/banner-face-1.jpg\",\"width\":851,\"height\":315},{\"@type\":\"BreadcrumbList\",\"@id\":\"https:\\\/\\\/arte351.pt\\\/art\\\/habemus-artem-fragmentos-de-temas\\\/#breadcrumb\",\"itemListElement\":[{\"@type\":\"ListItem\",\"position\":1,\"name\":\"In\u00edcio\",\"item\":\"https:\\\/\\\/arte351.pt\\\/art\\\/\"},{\"@type\":\"ListItem\",\"position\":2,\"name\":\"HABEMUS ARTEM &#8211; Fragmentos de Temas\"}]},{\"@type\":\"WebSite\",\"@id\":\"https:\\\/\\\/arte351.pt\\\/art\\\/#website\",\"url\":\"https:\\\/\\\/arte351.pt\\\/art\\\/\",\"name\":\"Arte351 - Art Magazine Portugal\",\"description\":\"\",\"publisher\":{\"@id\":\"https:\\\/\\\/arte351.pt\\\/art\\\/#organization\"},\"potentialAction\":[{\"@type\":\"SearchAction\",\"target\":{\"@type\":\"EntryPoint\",\"urlTemplate\":\"https:\\\/\\\/arte351.pt\\\/art\\\/?s={search_term_string}\"},\"query-input\":{\"@type\":\"PropertyValueSpecification\",\"valueRequired\":true,\"valueName\":\"search_term_string\"}}],\"inLanguage\":\"pt-BR\"},{\"@type\":\"Organization\",\"@id\":\"https:\\\/\\\/arte351.pt\\\/art\\\/#organization\",\"name\":\"Arte351 - Art Magazine Portugal\",\"url\":\"https:\\\/\\\/arte351.pt\\\/art\\\/\",\"logo\":{\"@type\":\"ImageObject\",\"inLanguage\":\"pt-BR\",\"@id\":\"https:\\\/\\\/arte351.pt\\\/art\\\/#\\\/schema\\\/logo\\\/image\\\/\",\"url\":\"https:\\\/\\\/arte351.pt\\\/art\\\/wp-content\\\/uploads\\\/2020\\\/03\\\/cropped-logo-arte351-color.png\",\"contentUrl\":\"https:\\\/\\\/arte351.pt\\\/art\\\/wp-content\\\/uploads\\\/2020\\\/03\\\/cropped-logo-arte351-color.png\",\"width\":514,\"height\":200,\"caption\":\"Arte351 - Art Magazine Portugal\"},\"image\":{\"@id\":\"https:\\\/\\\/arte351.pt\\\/art\\\/#\\\/schema\\\/logo\\\/image\\\/\"},\"sameAs\":[\"https:\\\/\\\/www.facebook.com\\\/arte351magazine\\\/\"]}]}<\/script>\n<!-- \/ Yoast SEO plugin. -->","yoast_head_json":{"title":"HABEMUS ARTEM - Fragmentos de Temas","robots":{"index":"index","follow":"follow","max-snippet":"max-snippet:-1","max-image-preview":"max-image-preview:large","max-video-preview":"max-video-preview:-1"},"canonical":"https:\/\/arte351.pt\/art\/habemus-artem-fragmentos-de-temas\/","og_locale":"pt_BR","og_type":"article","og_title":"HABEMUS ARTEM - Fragmentos de Temas","og_description":"Fragmentos de Temas \u00e9 uma exposi\u00e7\u00e3o anual realizada pela Rodyner Gallery e chega a sua 5\u00aa edi\u00e7\u00e3o coletiva natal\u00edcia com novidade. Este ano, para al\u00e9m da habitual e deslumbrante exposi\u00e7\u00e3o [&hellip;]","og_url":"https:\/\/arte351.pt\/art\/habemus-artem-fragmentos-de-temas\/","og_site_name":"Arte351 - Art Magazine Portugal","article_publisher":"https:\/\/www.facebook.com\/arte351magazine\/","article_modified_time":"2021-12-20T18:01:21+00:00","og_image":[{"url":"https:\/\/arte351.pt\/art\/wp-content\/uploads\/2021\/12\/banner-face-1.jpg","type":"","width":"","height":""}],"twitter_misc":{"Est. tempo de leitura":"1 minuto"},"schema":{"@context":"https:\/\/schema.org","@graph":[{"@type":"WebPage","@id":"https:\/\/arte351.pt\/art\/habemus-artem-fragmentos-de-temas\/","url":"https:\/\/arte351.pt\/art\/habemus-artem-fragmentos-de-temas\/","name":"HABEMUS ARTEM - Fragmentos de Temas","isPartOf":{"@id":"https:\/\/arte351.pt\/art\/#website"},"primaryImageOfPage":{"@id":"https:\/\/arte351.pt\/art\/habemus-artem-fragmentos-de-temas\/#primaryimage"},"image":{"@id":"https:\/\/arte351.pt\/art\/habemus-artem-fragmentos-de-temas\/#primaryimage"},"thumbnailUrl":"https:\/\/arte351.pt\/art\/wp-content\/uploads\/2021\/12\/banner-face-1.jpg","datePublished":"2021-12-20T18:01:19+00:00","dateModified":"2021-12-20T18:01:21+00:00","breadcrumb":{"@id":"https:\/\/arte351.pt\/art\/habemus-artem-fragmentos-de-temas\/#breadcrumb"},"inLanguage":"pt-BR","potentialAction":[{"@type":"ReadAction","target":["https:\/\/arte351.pt\/art\/habemus-artem-fragmentos-de-temas\/"]}]},{"@type":"ImageObject","inLanguage":"pt-BR","@id":"https:\/\/arte351.pt\/art\/habemus-artem-fragmentos-de-temas\/#primaryimage","url":"https:\/\/arte351.pt\/art\/wp-content\/uploads\/2021\/12\/banner-face-1.jpg","contentUrl":"https:\/\/arte351.pt\/art\/wp-content\/uploads\/2021\/12\/banner-face-1.jpg","width":851,"height":315},{"@type":"BreadcrumbList","@id":"https:\/\/arte351.pt\/art\/habemus-artem-fragmentos-de-temas\/#breadcrumb","itemListElement":[{"@type":"ListItem","position":1,"name":"In\u00edcio","item":"https:\/\/arte351.pt\/art\/"},{"@type":"ListItem","position":2,"name":"HABEMUS ARTEM &#8211; Fragmentos de Temas"}]},{"@type":"WebSite","@id":"https:\/\/arte351.pt\/art\/#website","url":"https:\/\/arte351.pt\/art\/","name":"Arte351 - Art Magazine Portugal","description":"","publisher":{"@id":"https:\/\/arte351.pt\/art\/#organization"},"potentialAction":[{"@type":"SearchAction","target":{"@type":"EntryPoint","urlTemplate":"https:\/\/arte351.pt\/art\/?s={search_term_string}"},"query-input":{"@type":"PropertyValueSpecification","valueRequired":true,"valueName":"search_term_string"}}],"inLanguage":"pt-BR"},{"@type":"Organization","@id":"https:\/\/arte351.pt\/art\/#organization","name":"Arte351 - Art Magazine Portugal","url":"https:\/\/arte351.pt\/art\/","logo":{"@type":"ImageObject","inLanguage":"pt-BR","@id":"https:\/\/arte351.pt\/art\/#\/schema\/logo\/image\/","url":"https:\/\/arte351.pt\/art\/wp-content\/uploads\/2020\/03\/cropped-logo-arte351-color.png","contentUrl":"https:\/\/arte351.pt\/art\/wp-content\/uploads\/2020\/03\/cropped-logo-arte351-color.png","width":514,"height":200,"caption":"Arte351 - Art Magazine Portugal"},"image":{"@id":"https:\/\/arte351.pt\/art\/#\/schema\/logo\/image\/"},"sameAs":["https:\/\/www.facebook.com\/arte351magazine\/"]}]}},"_links":{"self":[{"href":"https:\/\/arte351.pt\/art\/wp-json\/wp\/v2\/pages\/6223","targetHints":{"allow":["GET"]}}],"collection":[{"href":"https:\/\/arte351.pt\/art\/wp-json\/wp\/v2\/pages"}],"about":[{"href":"https:\/\/arte351.pt\/art\/wp-json\/wp\/v2\/types\/page"}],"author":[{"embeddable":true,"href":"https:\/\/arte351.pt\/art\/wp-json\/wp\/v2\/users\/3"}],"replies":[{"embeddable":true,"href":"https:\/\/arte351.pt\/art\/wp-json\/wp\/v2\/comments?post=6223"}],"version-history":[{"count":2,"href":"https:\/\/arte351.pt\/art\/wp-json\/wp\/v2\/pages\/6223\/revisions"}],"predecessor-version":[{"id":6255,"href":"https:\/\/arte351.pt\/art\/wp-json\/wp\/v2\/pages\/6223\/revisions\/6255"}],"wp:attachment":[{"href":"https:\/\/arte351.pt\/art\/wp-json\/wp\/v2\/media?parent=6223"}],"curies":[{"name":"wp","href":"https:\/\/api.w.org\/{rel}","templated":true}]}}