{"id":68,"date":"2015-12-26T19:51:27","date_gmt":"2015-12-26T19:51:27","guid":{"rendered":"http:\/\/blupdigital.tempsite.ws\/art\/?page_id=68"},"modified":"2016-11-01T16:00:20","modified_gmt":"2016-11-01T16:00:20","slug":"blog-news","status":"publish","type":"page","link":"https:\/\/arte351.pt\/art\/blog-news\/","title":{"rendered":"Not\u00edcias"},"content":{"rendered":"<div id=\"pl-68\"  class=\"panel-layout\" ><div id=\"pg-68-0\"  class=\"panel-grid panel-no-style\" ><div id=\"pgc-68-0-0\"  class=\"panel-grid-cell\" ><div id=\"panel-68-0-0-0\" class=\"so-panel widget panel-first-child\" data-index=\"0\" ><\/div><div id=\"panel-68-0-0-1\" class=\"so-panel widget widget_archives widget_archive panel-last-child\" data-index=\"1\" ><h3 class=\"widget-title\">Arquivos<\/h3>\n\t\t\t<ul>\n\t\t\t\t\t<li><a href='https:\/\/arte351.pt\/art\/2026\/04\/'>abril 2026<\/a><\/li>\n\t<li><a href='https:\/\/arte351.pt\/art\/2026\/03\/'>mar\u00e7o 2026<\/a><\/li>\n\t<li><a href='https:\/\/arte351.pt\/art\/2026\/02\/'>fevereiro 2026<\/a><\/li>\n\t<li><a href='https:\/\/arte351.pt\/art\/2025\/12\/'>dezembro 2025<\/a><\/li>\n\t<li><a href='https:\/\/arte351.pt\/art\/2025\/11\/'>novembro 2025<\/a><\/li>\n\t<li><a href='https:\/\/arte351.pt\/art\/2025\/10\/'>outubro 2025<\/a><\/li>\n\t<li><a href='https:\/\/arte351.pt\/art\/2025\/09\/'>setembro 2025<\/a><\/li>\n\t<li><a href='https:\/\/arte351.pt\/art\/2025\/08\/'>agosto 2025<\/a><\/li>\n\t<li><a href='https:\/\/arte351.pt\/art\/2025\/07\/'>julho 2025<\/a><\/li>\n\t<li><a href='https:\/\/arte351.pt\/art\/2025\/06\/'>junho 2025<\/a><\/li>\n\t<li><a href='https:\/\/arte351.pt\/art\/2025\/05\/'>maio 2025<\/a><\/li>\n\t<li><a href='https:\/\/arte351.pt\/art\/2025\/04\/'>abril 2025<\/a><\/li>\n\t<li><a href='https:\/\/arte351.pt\/art\/2025\/03\/'>mar\u00e7o 2025<\/a><\/li>\n\t<li><a href='https:\/\/arte351.pt\/art\/2025\/02\/'>fevereiro 2025<\/a><\/li>\n\t<li><a href='https:\/\/arte351.pt\/art\/2025\/01\/'>janeiro 2025<\/a><\/li>\n\t<li><a href='https:\/\/arte351.pt\/art\/2024\/12\/'>dezembro 2024<\/a><\/li>\n\t<li><a href='https:\/\/arte351.pt\/art\/2024\/11\/'>novembro 2024<\/a><\/li>\n\t<li><a href='https:\/\/arte351.pt\/art\/2024\/10\/'>outubro 2024<\/a><\/li>\n\t<li><a href='https:\/\/arte351.pt\/art\/2024\/09\/'>setembro 2024<\/a><\/li>\n\t<li><a href='https:\/\/arte351.pt\/art\/2024\/08\/'>agosto 2024<\/a><\/li>\n\t<li><a href='https:\/\/arte351.pt\/art\/2024\/07\/'>julho 2024<\/a><\/li>\n\t<li><a href='https:\/\/arte351.pt\/art\/2024\/06\/'>junho 2024<\/a><\/li>\n\t<li><a href='https:\/\/arte351.pt\/art\/2024\/05\/'>maio 2024<\/a><\/li>\n\t<li><a href='https:\/\/arte351.pt\/art\/2024\/04\/'>abril 2024<\/a><\/li>\n\t<li><a href='https:\/\/arte351.pt\/art\/2024\/03\/'>mar\u00e7o 2024<\/a><\/li>\n\t<li><a href='https:\/\/arte351.pt\/art\/2024\/02\/'>fevereiro 2024<\/a><\/li>\n\t<li><a href='https:\/\/arte351.pt\/art\/2024\/01\/'>janeiro 2024<\/a><\/li>\n\t<li><a href='https:\/\/arte351.pt\/art\/2023\/12\/'>dezembro 2023<\/a><\/li>\n\t<li><a href='https:\/\/arte351.pt\/art\/2023\/11\/'>novembro 2023<\/a><\/li>\n\t<li><a href='https:\/\/arte351.pt\/art\/2023\/10\/'>outubro 2023<\/a><\/li>\n\t<li><a href='https:\/\/arte351.pt\/art\/2023\/09\/'>setembro 2023<\/a><\/li>\n\t<li><a href='https:\/\/arte351.pt\/art\/2023\/08\/'>agosto 2023<\/a><\/li>\n\t<li><a href='https:\/\/arte351.pt\/art\/2023\/07\/'>julho 2023<\/a><\/li>\n\t<li><a href='https:\/\/arte351.pt\/art\/2023\/06\/'>junho 2023<\/a><\/li>\n\t<li><a href='https:\/\/arte351.pt\/art\/2023\/05\/'>maio 2023<\/a><\/li>\n\t<li><a href='https:\/\/arte351.pt\/art\/2023\/04\/'>abril 2023<\/a><\/li>\n\t<li><a href='https:\/\/arte351.pt\/art\/2023\/03\/'>mar\u00e7o 2023<\/a><\/li>\n\t<li><a href='https:\/\/arte351.pt\/art\/2023\/02\/'>fevereiro 2023<\/a><\/li>\n\t<li><a href='https:\/\/arte351.pt\/art\/2023\/01\/'>janeiro 2023<\/a><\/li>\n\t<li><a href='https:\/\/arte351.pt\/art\/2022\/12\/'>dezembro 2022<\/a><\/li>\n\t<li><a href='https:\/\/arte351.pt\/art\/2022\/11\/'>novembro 2022<\/a><\/li>\n\t<li><a href='https:\/\/arte351.pt\/art\/2022\/10\/'>outubro 2022<\/a><\/li>\n\t<li><a href='https:\/\/arte351.pt\/art\/2022\/09\/'>setembro 2022<\/a><\/li>\n\t<li><a href='https:\/\/arte351.pt\/art\/2022\/08\/'>agosto 2022<\/a><\/li>\n\t<li><a href='https:\/\/arte351.pt\/art\/2022\/07\/'>julho 2022<\/a><\/li>\n\t<li><a href='https:\/\/arte351.pt\/art\/2022\/06\/'>junho 2022<\/a><\/li>\n\t<li><a href='https:\/\/arte351.pt\/art\/2022\/05\/'>maio 2022<\/a><\/li>\n\t<li><a href='https:\/\/arte351.pt\/art\/2022\/04\/'>abril 2022<\/a><\/li>\n\t<li><a href='https:\/\/arte351.pt\/art\/2022\/03\/'>mar\u00e7o 2022<\/a><\/li>\n\t<li><a href='https:\/\/arte351.pt\/art\/2022\/02\/'>fevereiro 2022<\/a><\/li>\n\t<li><a href='https:\/\/arte351.pt\/art\/2022\/01\/'>janeiro 2022<\/a><\/li>\n\t<li><a href='https:\/\/arte351.pt\/art\/2021\/12\/'>dezembro 2021<\/a><\/li>\n\t<li><a href='https:\/\/arte351.pt\/art\/2021\/11\/'>novembro 2021<\/a><\/li>\n\t<li><a href='https:\/\/arte351.pt\/art\/2021\/10\/'>outubro 2021<\/a><\/li>\n\t<li><a href='https:\/\/arte351.pt\/art\/2021\/09\/'>setembro 2021<\/a><\/li>\n\t<li><a href='https:\/\/arte351.pt\/art\/2021\/08\/'>agosto 2021<\/a><\/li>\n\t<li><a href='https:\/\/arte351.pt\/art\/2021\/07\/'>julho 2021<\/a><\/li>\n\t<li><a href='https:\/\/arte351.pt\/art\/2021\/06\/'>junho 2021<\/a><\/li>\n\t<li><a href='https:\/\/arte351.pt\/art\/2021\/05\/'>maio 2021<\/a><\/li>\n\t<li><a href='https:\/\/arte351.pt\/art\/2021\/04\/'>abril 2021<\/a><\/li>\n\t<li><a href='https:\/\/arte351.pt\/art\/2021\/03\/'>mar\u00e7o 2021<\/a><\/li>\n\t<li><a href='https:\/\/arte351.pt\/art\/2021\/02\/'>fevereiro 2021<\/a><\/li>\n\t<li><a href='https:\/\/arte351.pt\/art\/2021\/01\/'>janeiro 2021<\/a><\/li>\n\t<li><a href='https:\/\/arte351.pt\/art\/2020\/12\/'>dezembro 2020<\/a><\/li>\n\t<li><a href='https:\/\/arte351.pt\/art\/2020\/11\/'>novembro 2020<\/a><\/li>\n\t<li><a href='https:\/\/arte351.pt\/art\/2020\/10\/'>outubro 2020<\/a><\/li>\n\t<li><a href='https:\/\/arte351.pt\/art\/2020\/09\/'>setembro 2020<\/a><\/li>\n\t<li><a href='https:\/\/arte351.pt\/art\/2020\/08\/'>agosto 2020<\/a><\/li>\n\t<li><a href='https:\/\/arte351.pt\/art\/2020\/07\/'>julho 2020<\/a><\/li>\n\t<li><a href='https:\/\/arte351.pt\/art\/2020\/06\/'>junho 2020<\/a><\/li>\n\t<li><a href='https:\/\/arte351.pt\/art\/2020\/05\/'>maio 2020<\/a><\/li>\n\t<li><a href='https:\/\/arte351.pt\/art\/2020\/03\/'>mar\u00e7o 2020<\/a><\/li>\n\t<li><a href='https:\/\/arte351.pt\/art\/2020\/02\/'>fevereiro 2020<\/a><\/li>\n\t<li><a href='https:\/\/arte351.pt\/art\/2020\/01\/'>janeiro 2020<\/a><\/li>\n\t<li><a href='https:\/\/arte351.pt\/art\/2019\/12\/'>dezembro 2019<\/a><\/li>\n\t<li><a href='https:\/\/arte351.pt\/art\/2019\/11\/'>novembro 2019<\/a><\/li>\n\t<li><a href='https:\/\/arte351.pt\/art\/2019\/10\/'>outubro 2019<\/a><\/li>\n\t<li><a href='https:\/\/arte351.pt\/art\/2019\/09\/'>setembro 2019<\/a><\/li>\n\t<li><a href='https:\/\/arte351.pt\/art\/2019\/08\/'>agosto 2019<\/a><\/li>\n\t<li><a href='https:\/\/arte351.pt\/art\/2019\/07\/'>julho 2019<\/a><\/li>\n\t<li><a href='https:\/\/arte351.pt\/art\/2019\/06\/'>junho 2019<\/a><\/li>\n\t<li><a href='https:\/\/arte351.pt\/art\/2019\/05\/'>maio 2019<\/a><\/li>\n\t<li><a href='https:\/\/arte351.pt\/art\/2019\/04\/'>abril 2019<\/a><\/li>\n\t<li><a href='https:\/\/arte351.pt\/art\/2019\/03\/'>mar\u00e7o 2019<\/a><\/li>\n\t<li><a href='https:\/\/arte351.pt\/art\/2019\/02\/'>fevereiro 2019<\/a><\/li>\n\t<li><a href='https:\/\/arte351.pt\/art\/2019\/01\/'>janeiro 2019<\/a><\/li>\n\t<li><a href='https:\/\/arte351.pt\/art\/2018\/12\/'>dezembro 2018<\/a><\/li>\n\t<li><a href='https:\/\/arte351.pt\/art\/2018\/11\/'>novembro 2018<\/a><\/li>\n\t<li><a href='https:\/\/arte351.pt\/art\/2018\/10\/'>outubro 2018<\/a><\/li>\n\t<li><a href='https:\/\/arte351.pt\/art\/2018\/09\/'>setembro 2018<\/a><\/li>\n\t<li><a href='https:\/\/arte351.pt\/art\/2018\/08\/'>agosto 2018<\/a><\/li>\n\t<li><a href='https:\/\/arte351.pt\/art\/2018\/07\/'>julho 2018<\/a><\/li>\n\t<li><a href='https:\/\/arte351.pt\/art\/2018\/06\/'>junho 2018<\/a><\/li>\n\t<li><a href='https:\/\/arte351.pt\/art\/2018\/05\/'>maio 2018<\/a><\/li>\n\t<li><a href='https:\/\/arte351.pt\/art\/2018\/04\/'>abril 2018<\/a><\/li>\n\t<li><a href='https:\/\/arte351.pt\/art\/2018\/03\/'>mar\u00e7o 2018<\/a><\/li>\n\t<li><a href='https:\/\/arte351.pt\/art\/2018\/02\/'>fevereiro 2018<\/a><\/li>\n\t<li><a href='https:\/\/arte351.pt\/art\/2018\/01\/'>janeiro 2018<\/a><\/li>\n\t<li><a href='https:\/\/arte351.pt\/art\/2017\/12\/'>dezembro 2017<\/a><\/li>\n\t<li><a href='https:\/\/arte351.pt\/art\/2017\/11\/'>novembro 2017<\/a><\/li>\n\t<li><a href='https:\/\/arte351.pt\/art\/2017\/10\/'>outubro 2017<\/a><\/li>\n\t<li><a href='https:\/\/arte351.pt\/art\/2017\/08\/'>agosto 2017<\/a><\/li>\n\t<li><a href='https:\/\/arte351.pt\/art\/2017\/07\/'>julho 2017<\/a><\/li>\n\t<li><a href='https:\/\/arte351.pt\/art\/2017\/06\/'>junho 2017<\/a><\/li>\n\t<li><a href='https:\/\/arte351.pt\/art\/2017\/05\/'>maio 2017<\/a><\/li>\n\t<li><a href='https:\/\/arte351.pt\/art\/2017\/04\/'>abril 2017<\/a><\/li>\n\t<li><a href='https:\/\/arte351.pt\/art\/2017\/03\/'>mar\u00e7o 2017<\/a><\/li>\n\t<li><a href='https:\/\/arte351.pt\/art\/2017\/02\/'>fevereiro 2017<\/a><\/li>\n\t<li><a href='https:\/\/arte351.pt\/art\/2017\/01\/'>janeiro 2017<\/a><\/li>\n\t<li><a href='https:\/\/arte351.pt\/art\/2016\/12\/'>dezembro 2016<\/a><\/li>\n\t<li><a href='https:\/\/arte351.pt\/art\/2016\/11\/'>novembro 2016<\/a><\/li>\n\t<li><a href='https:\/\/arte351.pt\/art\/2016\/10\/'>outubro 2016<\/a><\/li>\n\t<li><a href='https:\/\/arte351.pt\/art\/2016\/09\/'>setembro 2016<\/a><\/li>\n\t<li><a href='https:\/\/arte351.pt\/art\/2016\/08\/'>agosto 2016<\/a><\/li>\n\t<li><a href='https:\/\/arte351.pt\/art\/2016\/07\/'>julho 2016<\/a><\/li>\n\t<li><a href='https:\/\/arte351.pt\/art\/2016\/06\/'>junho 2016<\/a><\/li>\n\t<li><a href='https:\/\/arte351.pt\/art\/2016\/05\/'>maio 2016<\/a><\/li>\n\t<li><a href='https:\/\/arte351.pt\/art\/2016\/04\/'>abril 2016<\/a><\/li>\n\t<li><a href='https:\/\/arte351.pt\/art\/2016\/03\/'>mar\u00e7o 2016<\/a><\/li>\n\t<li><a href='https:\/\/arte351.pt\/art\/2016\/02\/'>fevereiro 2016<\/a><\/li>\n\t<li><a href='https:\/\/arte351.pt\/art\/2016\/01\/'>janeiro 2016<\/a><\/li>\n\t<li><a href='https:\/\/arte351.pt\/art\/2015\/12\/'>dezembro 2015<\/a><\/li>\n\t<li><a href='https:\/\/arte351.pt\/art\/2015\/11\/'>novembro 2015<\/a><\/li>\n\t\t\t<\/ul>\n\n\t\t\t<\/div><\/div><\/div><\/div>","protected":false},"excerpt":{"rendered":"<p>Arquivos abril 2026 mar\u00e7o 2026 fevereiro 2026 dezembro 2025 novembro 2025 outubro 2025 setembro 2025 agosto 2025 julho 2025 junho 2025 maio 2025 abril 2025 mar\u00e7o 2025 fevereiro 2025 janeiro [&hellip;]<\/p>\n","protected":false},"author":34415,"featured_media":0,"parent":0,"menu_order":0,"comment_status":"closed","ping_status":"closed","template":"","meta":{"_exactmetrics_skip_tracking":false,"_exactmetrics_sitenote_active":false,"_exactmetrics_sitenote_note":"","_exactmetrics_sitenote_category":0,"_uf_show_specific_survey":0,"_uf_disable_surveys":false,"footnotes":""},"class_list":["post-68","page","type-page","status-publish","hentry"],"yoast_head":"<!-- This site is optimized with the Yoast SEO plugin v27.3 - https:\/\/yoast.com\/product\/yoast-seo-wordpress\/ -->\n<title>Not\u00edcias - Arte351 - Art Magazine Portugal<\/title>\n<meta name=\"description\" content=\"Saiba tudo sobre as not\u00edcias, exposi\u00e7\u00f5es e novidades do mundo da arte, nacional e internacional. Visite-nos e deixe-se deliciar!\" \/>\n<meta name=\"robots\" content=\"index, follow, max-snippet:-1, max-image-preview:large, max-video-preview:-1\" \/>\n<link rel=\"canonical\" href=\"https:\/\/arte351.pt\/art\/blog-news\/\" \/>\n<meta property=\"og:locale\" content=\"pt_BR\" \/>\n<meta property=\"og:type\" content=\"article\" \/>\n<meta property=\"og:title\" content=\"Not\u00edcias - Arte351 - Art Magazine Portugal\" \/>\n<meta property=\"og:description\" content=\"Saiba tudo sobre as not\u00edcias, exposi\u00e7\u00f5es e novidades do mundo da arte, nacional e internacional. Visite-nos e deixe-se deliciar!\" \/>\n<meta property=\"og:url\" content=\"https:\/\/arte351.pt\/art\/blog-news\/\" \/>\n<meta property=\"og:site_name\" content=\"Arte351 - Art Magazine Portugal\" \/>\n<meta property=\"article:publisher\" content=\"https:\/\/www.facebook.com\/arte351magazine\/\" \/>\n<meta property=\"article:modified_time\" content=\"2016-11-01T16:00:20+00:00\" \/>\n<meta property=\"og:image\" content=\"http:\/\/blupdigital.tempsite.ws\/art\/wp-content\/uploads\/2015\/12\/jim_shaw_001-768x360.jpg\" \/>\n<script type=\"application\/ld+json\" class=\"yoast-schema-graph\">{\"@context\":\"https:\\\/\\\/schema.org\",\"@graph\":[{\"@type\":\"WebPage\",\"@id\":\"https:\\\/\\\/arte351.pt\\\/art\\\/blog-news\\\/\",\"url\":\"https:\\\/\\\/arte351.pt\\\/art\\\/blog-news\\\/\",\"name\":\"Not\u00edcias - Arte351 - Art Magazine Portugal\",\"isPartOf\":{\"@id\":\"https:\\\/\\\/arte351.pt\\\/art\\\/#website\"},\"primaryImageOfPage\":{\"@id\":\"https:\\\/\\\/arte351.pt\\\/art\\\/blog-news\\\/#primaryimage\"},\"image\":{\"@id\":\"https:\\\/\\\/arte351.pt\\\/art\\\/blog-news\\\/#primaryimage\"},\"thumbnailUrl\":\"http:\\\/\\\/blupdigital.tempsite.ws\\\/art\\\/wp-content\\\/uploads\\\/2015\\\/12\\\/jim_shaw_001-768x360.jpg\",\"datePublished\":\"2015-12-26T19:51:27+00:00\",\"dateModified\":\"2016-11-01T16:00:20+00:00\",\"description\":\"Saiba tudo sobre as not\u00edcias, exposi\u00e7\u00f5es e novidades do mundo da arte, nacional e internacional. Visite-nos e deixe-se deliciar!\",\"breadcrumb\":{\"@id\":\"https:\\\/\\\/arte351.pt\\\/art\\\/blog-news\\\/#breadcrumb\"},\"inLanguage\":\"pt-BR\",\"potentialAction\":[{\"@type\":\"ReadAction\",\"target\":[\"https:\\\/\\\/arte351.pt\\\/art\\\/blog-news\\\/\"]}]},{\"@type\":\"ImageObject\",\"inLanguage\":\"pt-BR\",\"@id\":\"https:\\\/\\\/arte351.pt\\\/art\\\/blog-news\\\/#primaryimage\",\"url\":\"http:\\\/\\\/blupdigital.tempsite.ws\\\/art\\\/wp-content\\\/uploads\\\/2015\\\/12\\\/jim_shaw_001-768x360.jpg\",\"contentUrl\":\"http:\\\/\\\/blupdigital.tempsite.ws\\\/art\\\/wp-content\\\/uploads\\\/2015\\\/12\\\/jim_shaw_001-768x360.jpg\"},{\"@type\":\"BreadcrumbList\",\"@id\":\"https:\\\/\\\/arte351.pt\\\/art\\\/blog-news\\\/#breadcrumb\",\"itemListElement\":[{\"@type\":\"ListItem\",\"position\":1,\"name\":\"In\u00edcio\",\"item\":\"https:\\\/\\\/arte351.pt\\\/art\\\/\"},{\"@type\":\"ListItem\",\"position\":2,\"name\":\"Not\u00edcias\"}]},{\"@type\":\"WebSite\",\"@id\":\"https:\\\/\\\/arte351.pt\\\/art\\\/#website\",\"url\":\"https:\\\/\\\/arte351.pt\\\/art\\\/\",\"name\":\"Arte351 - Art Magazine Portugal\",\"description\":\"\",\"publisher\":{\"@id\":\"https:\\\/\\\/arte351.pt\\\/art\\\/#organization\"},\"potentialAction\":[{\"@type\":\"SearchAction\",\"target\":{\"@type\":\"EntryPoint\",\"urlTemplate\":\"https:\\\/\\\/arte351.pt\\\/art\\\/?s={search_term_string}\"},\"query-input\":{\"@type\":\"PropertyValueSpecification\",\"valueRequired\":true,\"valueName\":\"search_term_string\"}}],\"inLanguage\":\"pt-BR\"},{\"@type\":\"Organization\",\"@id\":\"https:\\\/\\\/arte351.pt\\\/art\\\/#organization\",\"name\":\"Arte351 - Art Magazine Portugal\",\"url\":\"https:\\\/\\\/arte351.pt\\\/art\\\/\",\"logo\":{\"@type\":\"ImageObject\",\"inLanguage\":\"pt-BR\",\"@id\":\"https:\\\/\\\/arte351.pt\\\/art\\\/#\\\/schema\\\/logo\\\/image\\\/\",\"url\":\"https:\\\/\\\/arte351.pt\\\/art\\\/wp-content\\\/uploads\\\/2020\\\/03\\\/cropped-logo-arte351-color.png\",\"contentUrl\":\"https:\\\/\\\/arte351.pt\\\/art\\\/wp-content\\\/uploads\\\/2020\\\/03\\\/cropped-logo-arte351-color.png\",\"width\":514,\"height\":200,\"caption\":\"Arte351 - Art Magazine Portugal\"},\"image\":{\"@id\":\"https:\\\/\\\/arte351.pt\\\/art\\\/#\\\/schema\\\/logo\\\/image\\\/\"},\"sameAs\":[\"https:\\\/\\\/www.facebook.com\\\/arte351magazine\\\/\"]}]}<\/script>\n<!-- \/ Yoast SEO plugin. -->","yoast_head_json":{"title":"Not\u00edcias - Arte351 - Art Magazine Portugal","description":"Saiba tudo sobre as not\u00edcias, exposi\u00e7\u00f5es e novidades do mundo da arte, nacional e internacional. Visite-nos e deixe-se deliciar!","robots":{"index":"index","follow":"follow","max-snippet":"max-snippet:-1","max-image-preview":"max-image-preview:large","max-video-preview":"max-video-preview:-1"},"canonical":"https:\/\/arte351.pt\/art\/blog-news\/","og_locale":"pt_BR","og_type":"article","og_title":"Not\u00edcias - Arte351 - Art Magazine Portugal","og_description":"Saiba tudo sobre as not\u00edcias, exposi\u00e7\u00f5es e novidades do mundo da arte, nacional e internacional. Visite-nos e deixe-se deliciar!","og_url":"https:\/\/arte351.pt\/art\/blog-news\/","og_site_name":"Arte351 - Art Magazine Portugal","article_publisher":"https:\/\/www.facebook.com\/arte351magazine\/","article_modified_time":"2016-11-01T16:00:20+00:00","og_image":[{"url":"http:\/\/blupdigital.tempsite.ws\/art\/wp-content\/uploads\/2015\/12\/jim_shaw_001-768x360.jpg","type":"","width":"","height":""}],"schema":{"@context":"https:\/\/schema.org","@graph":[{"@type":"WebPage","@id":"https:\/\/arte351.pt\/art\/blog-news\/","url":"https:\/\/arte351.pt\/art\/blog-news\/","name":"Not\u00edcias - Arte351 - Art Magazine Portugal","isPartOf":{"@id":"https:\/\/arte351.pt\/art\/#website"},"primaryImageOfPage":{"@id":"https:\/\/arte351.pt\/art\/blog-news\/#primaryimage"},"image":{"@id":"https:\/\/arte351.pt\/art\/blog-news\/#primaryimage"},"thumbnailUrl":"http:\/\/blupdigital.tempsite.ws\/art\/wp-content\/uploads\/2015\/12\/jim_shaw_001-768x360.jpg","datePublished":"2015-12-26T19:51:27+00:00","dateModified":"2016-11-01T16:00:20+00:00","description":"Saiba tudo sobre as not\u00edcias, exposi\u00e7\u00f5es e novidades do mundo da arte, nacional e internacional. Visite-nos e deixe-se deliciar!","breadcrumb":{"@id":"https:\/\/arte351.pt\/art\/blog-news\/#breadcrumb"},"inLanguage":"pt-BR","potentialAction":[{"@type":"ReadAction","target":["https:\/\/arte351.pt\/art\/blog-news\/"]}]},{"@type":"ImageObject","inLanguage":"pt-BR","@id":"https:\/\/arte351.pt\/art\/blog-news\/#primaryimage","url":"http:\/\/blupdigital.tempsite.ws\/art\/wp-content\/uploads\/2015\/12\/jim_shaw_001-768x360.jpg","contentUrl":"http:\/\/blupdigital.tempsite.ws\/art\/wp-content\/uploads\/2015\/12\/jim_shaw_001-768x360.jpg"},{"@type":"BreadcrumbList","@id":"https:\/\/arte351.pt\/art\/blog-news\/#breadcrumb","itemListElement":[{"@type":"ListItem","position":1,"name":"In\u00edcio","item":"https:\/\/arte351.pt\/art\/"},{"@type":"ListItem","position":2,"name":"Not\u00edcias"}]},{"@type":"WebSite","@id":"https:\/\/arte351.pt\/art\/#website","url":"https:\/\/arte351.pt\/art\/","name":"Arte351 - Art Magazine Portugal","description":"","publisher":{"@id":"https:\/\/arte351.pt\/art\/#organization"},"potentialAction":[{"@type":"SearchAction","target":{"@type":"EntryPoint","urlTemplate":"https:\/\/arte351.pt\/art\/?s={search_term_string}"},"query-input":{"@type":"PropertyValueSpecification","valueRequired":true,"valueName":"search_term_string"}}],"inLanguage":"pt-BR"},{"@type":"Organization","@id":"https:\/\/arte351.pt\/art\/#organization","name":"Arte351 - Art Magazine Portugal","url":"https:\/\/arte351.pt\/art\/","logo":{"@type":"ImageObject","inLanguage":"pt-BR","@id":"https:\/\/arte351.pt\/art\/#\/schema\/logo\/image\/","url":"https:\/\/arte351.pt\/art\/wp-content\/uploads\/2020\/03\/cropped-logo-arte351-color.png","contentUrl":"https:\/\/arte351.pt\/art\/wp-content\/uploads\/2020\/03\/cropped-logo-arte351-color.png","width":514,"height":200,"caption":"Arte351 - Art Magazine Portugal"},"image":{"@id":"https:\/\/arte351.pt\/art\/#\/schema\/logo\/image\/"},"sameAs":["https:\/\/www.facebook.com\/arte351magazine\/"]}]}},"_links":{"self":[{"href":"https:\/\/arte351.pt\/art\/wp-json\/wp\/v2\/pages\/68","targetHints":{"allow":["GET"]}}],"collection":[{"href":"https:\/\/arte351.pt\/art\/wp-json\/wp\/v2\/pages"}],"about":[{"href":"https:\/\/arte351.pt\/art\/wp-json\/wp\/v2\/types\/page"}],"author":[{"embeddable":true,"href":"https:\/\/arte351.pt\/art\/wp-json\/wp\/v2\/users\/34415"}],"replies":[{"embeddable":true,"href":"https:\/\/arte351.pt\/art\/wp-json\/wp\/v2\/comments?post=68"}],"version-history":[{"count":13,"href":"https:\/\/arte351.pt\/art\/wp-json\/wp\/v2\/pages\/68\/revisions"}],"predecessor-version":[{"id":193,"href":"https:\/\/arte351.pt\/art\/wp-json\/wp\/v2\/pages\/68\/revisions\/193"}],"wp:attachment":[{"href":"https:\/\/arte351.pt\/art\/wp-json\/wp\/v2\/media?parent=68"}],"curies":[{"name":"wp","href":"https:\/\/api.w.org\/{rel}","templated":true}]}}